{"id":4716,"date":"2021-01-24T18:15:59","date_gmt":"2021-01-24T18:15:59","guid":{"rendered":"https:\/\/www.vinzo.com.tr\/anasayfa\/honeywell-vinzo-isbirligi\/"},"modified":"2021-01-31T12:58:59","modified_gmt":"2021-01-31T12:58:59","slug":"honeywell-vinzo-cooperation","status":"publish","type":"page","link":"https:\/\/www.vinzo.com.tr\/en\/honeywell-vinzo-cooperation\/","title":{"rendered":"Honeywell &#038; Vinzo Cooperation"},"content":{"rendered":"<p>[vc_row][vc_column][vc_single_image image=&#8221;4026&#8243; img_size=&#8221;medium&#8221;][vc_column_text]<\/p>\n<h4><strong>HONEYWELL<\/strong> has added a new product line to the fire safety industry by adding gas extinguishing systems to its reliable solutions.<\/h4>\n<h4>Thanks to his distributorship agreement with <strong>VINZO<\/strong> to ensure effective and timely solutions market in Turkey was signed an important cooperation&#8230;<\/h4>\n<h4 style=\"text-align: justify;\"><span style=\"color: #1278c4;\"><strong>The advantages we offer to our customers thanks to this cooperation;<\/strong><\/span><\/h4>\n<p style=\"text-align: justify;\"><img loading=\"lazy\" decoding=\"async\" class=\"alignnone size-full wp-image-3027\" src=\"https:\/\/www.vinzo.com.tr\/wp-content\/uploads\/2019\/05\/li.png\" alt=\"\" width=\"10\" height=\"9\" \/>\u00a0\u00a0More adaptation to customer demands with flexible working conditions<\/p>\n<p style=\"text-align: justify;\"><img loading=\"lazy\" decoding=\"async\" class=\"alignnone size-full wp-image-3027\" src=\"https:\/\/www.vinzo.com.tr\/wp-content\/uploads\/2019\/05\/li.png\" alt=\"\" width=\"10\" height=\"9\" \/>\u00a0\u00a0Ability to deliver products in a short time thanks to its strong stock volume<\/p>\n<p style=\"text-align: justify;\"><img loading=\"lazy\" decoding=\"async\" class=\"alignnone size-full wp-image-3027\" src=\"https:\/\/www.vinzo.com.tr\/wp-content\/uploads\/2019\/05\/li.png\" alt=\"\" width=\"10\" height=\"9\" \/>\u00a0\u00a0Providing suitable solutions for every project with an expert team<\/p>\n<p style=\"text-align: justify;\"><strong>You can review the descriptions below to examine Honeywell&#8217;s solutions for gas extinguishing systems &#8230;<\/strong><\/p>\n<p>[\/vc_column_text][vc_row_inner][vc_column_inner width=&#8221;1\/2&#8243;][vc_single_image image=&#8221;4017&#8243; img_size=&#8221;full&#8221;][\/vc_column_inner][vc_column_inner width=&#8221;1\/2&#8243;][vc_column_text]<\/p>\n<h4 class=\"hdng\"><strong><span class=\"redline\" style=\"color: #1278c4;\">Clean Agent Fire Suppression System<\/span><\/strong><\/h4>\n<p>The causes of fire are many and therefore the classification of fires (A\/B\/C\/D\/K) is important. That\u2019s why fire protection specialists must select the appropriate fire-extinguishing system for suppressing a fire, particularly in complex commercial and institutional setups where the use of water is inappropriate, or even dangerous. Honeywell\u2019s latest range of Gas-based Fire Suppression Systems \u2013 also known as Clean Agent Fire Suppression Systems \u2013 chemical agents to extinguish fires immediately. Each system typically consists of the agent along with agent storage containers, release valves, delivery piping and dispersion nozzles. Backed by Honeywell\u2019s legendary reputation in the area of fire safety equipment, these Fire Suppression Systems guarantee top-of-the-line quality and adherence to Indian fire safety regulations when it matters most.<\/p>\n<p><strong><img loading=\"lazy\" decoding=\"async\" class=\"alignnone size-medium wp-image-4055\" src=\"https:\/\/www.vinzo.com.tr\/wp-content\/uploads\/2021\/01\/gas_logounit-1-300x51.png\" alt=\"\" width=\"300\" height=\"51\" srcset=\"https:\/\/www.vinzo.com.tr\/wp-content\/uploads\/2021\/01\/gas_logounit-1-300x51.png 300w, https:\/\/www.vinzo.com.tr\/wp-content\/uploads\/2021\/01\/gas_logounit-1.png 450w\" sizes=\"auto, (max-width: 300px) 100vw, 300px\" \/><\/strong><\/p>\n<p><span style=\"color: #1278c4;\"><strong><a style=\"color: #1278c4;\" href=\"https:\/\/www.vinzo.com.tr\/wp-content\/uploads\/2021\/01\/Gass-Based-Fire-Supression_META_ds.pdf\" target=\"_blank\" rel=\"noopener\">Download Brochure<\/a><\/strong><\/span>[\/vc_column_text][\/vc_column_inner][\/vc_row_inner][vc_column_text]<\/p>\n<h4><span style=\"color: #1278c4;\"><strong>Key Features<\/strong><\/span><\/h4>\n<p>[\/vc_column_text][vc_row_inner rtl_reverse=&#8221;yes&#8221; gap=&#8221;2&#8243; css=&#8221;.vc_custom_1611518192732{background-color: #e8f4fd !important;}&#8221;][vc_column_inner width=&#8221;1\/4&#8243;][vc_column_text]<img loading=\"lazy\" decoding=\"async\" class=\"alignnone size-full wp-image-3027\" src=\"https:\/\/www.vinzo.com.tr\/wp-content\/uploads\/2019\/05\/li.png\" alt=\"\" width=\"10\" height=\"9\" \/> UL listed Gas Suppression System for both 25bar &amp; 42bar applications<\/p>\n<p><img loading=\"lazy\" decoding=\"async\" class=\"alignnone size-full wp-image-3027\" src=\"https:\/\/www.vinzo.com.tr\/wp-content\/uploads\/2019\/05\/li.png\" alt=\"\" width=\"10\" height=\"9\" \/> ISO Certified, UL Listed Filling Station[\/vc_column_text][\/vc_column_inner][vc_column_inner width=&#8221;1\/4&#8243;][vc_column_text]<img loading=\"lazy\" decoding=\"async\" class=\"alignnone size-full wp-image-3027\" src=\"https:\/\/www.vinzo.com.tr\/wp-content\/uploads\/2019\/05\/li.png\" alt=\"\" width=\"10\" height=\"9\" \/> PESO approved seamless gas filled cylinders<\/p>\n<p><img loading=\"lazy\" decoding=\"async\" class=\"alignnone size-full wp-image-3027\" src=\"https:\/\/www.vinzo.com.tr\/wp-content\/uploads\/2019\/05\/li.png\" alt=\"\" width=\"10\" height=\"9\" \/> Best in class UL Listed nozzle coverage area (13m*13m)[\/vc_column_text][\/vc_column_inner][vc_column_inner width=&#8221;1\/4&#8243;][vc_column_text]<img loading=\"lazy\" decoding=\"async\" class=\"alignnone size-full wp-image-3027\" src=\"https:\/\/www.vinzo.com.tr\/wp-content\/uploads\/2019\/05\/li.png\" alt=\"\" width=\"10\" height=\"9\" \/> 2 in 1 manually\/electronically operated Electric Control Head (Solenoid Valve)<\/p>\n<p><img loading=\"lazy\" decoding=\"async\" class=\"alignnone size-full wp-image-3027\" src=\"https:\/\/www.vinzo.com.tr\/wp-content\/uploads\/2019\/05\/li.png\" alt=\"\" width=\"10\" height=\"9\" \/> UL Listed Flow Calculation Software[\/vc_column_text][\/vc_column_inner][vc_column_inner width=&#8221;1\/4&#8243;][vc_column_text]<img loading=\"lazy\" decoding=\"async\" class=\"alignnone size-full wp-image-3027\" src=\"https:\/\/www.vinzo.com.tr\/wp-content\/uploads\/2019\/05\/li.png\" alt=\"\" width=\"10\" height=\"9\" \/> Entire clean agent extinguishing agent system is in compliance with NFPA 2001 &amp; UL 2166<\/p>\n<p><img loading=\"lazy\" decoding=\"async\" class=\"alignnone size-full wp-image-3027\" src=\"https:\/\/www.vinzo.com.tr\/wp-content\/uploads\/2019\/05\/li.png\" alt=\"\" width=\"10\" height=\"9\" \/> 3 years warranty on mechanical components[\/vc_column_text][\/vc_column_inner][\/vc_row_inner][vc_column_text css=&#8221;.vc_custom_1612085853207{margin-top: 40px !important;}&#8221;]<\/p>\n<h4><span style=\"color: #1278c4;\"><strong>Clean Agent Benefits<\/strong><\/span><\/h4>\n<p>[\/vc_column_text][vc_row_inner][vc_column_inner width=&#8221;1\/6&#8243;][vc_column_text]<img loading=\"lazy\" decoding=\"async\" class=\"alignnone wp-image-4090 \" src=\"https:\/\/www.vinzo.com.tr\/wp-content\/uploads\/2021\/01\/gas_based_icon1-1.png\" alt=\"\" width=\"90\" height=\"83\" \/><\/p>\n<p><strong>Fast<\/strong><\/p>\n<p>Waterless agents\/gases discharged into the risk area within 10 seconds to suppress fires immediately.[\/vc_column_text][\/vc_column_inner][vc_column_inner width=&#8221;1\/6&#8243;][vc_column_text]<strong><em><img loading=\"lazy\" decoding=\"async\" class=\"alignnone wp-image-4092 \" src=\"https:\/\/www.vinzo.com.tr\/wp-content\/uploads\/2021\/01\/gas_based_icon2-1.png\" alt=\"\" width=\"90\" height=\"83\" \/><\/em><\/strong><\/p>\n<p><strong>Effective<\/strong><\/p>\n<p>Electrically non-conductive\/non-corrosive clean agents extinguish a fire in its incipient stage before it has a chance to spread.[\/vc_column_text][\/vc_column_inner][vc_column_inner width=&#8221;1\/6&#8243;][vc_column_text]<strong><em><img loading=\"lazy\" decoding=\"async\" class=\"alignnone wp-image-4093 \" src=\"https:\/\/www.vinzo.com.tr\/wp-content\/uploads\/2021\/01\/zero_dmge-1.png\" alt=\"\" width=\"90\" height=\"83\" \/><\/em><\/strong><\/p>\n<p><strong>Zero Damage<\/strong><\/p>\n<p>No damage to electronics or delicate mechanical devices.[\/vc_column_text][\/vc_column_inner][vc_column_inner width=&#8221;1\/6&#8243;][vc_column_text]<strong><em><img loading=\"lazy\" decoding=\"async\" class=\"alignnone wp-image-4094 \" src=\"https:\/\/www.vinzo.com.tr\/wp-content\/uploads\/2021\/01\/gas_based_icon3-1.png\" alt=\"\" width=\"90\" height=\"83\" \/><\/em><\/strong><\/p>\n<p><strong>Safe<\/strong><\/p>\n<p>Wide margin of human safety \u2013 safe to use where people are present.[\/vc_column_text][\/vc_column_inner][vc_column_inner width=&#8221;1\/6&#8243;][vc_column_text]<strong><em><img loading=\"lazy\" decoding=\"async\" class=\"alignnone wp-image-4096 \" src=\"https:\/\/www.vinzo.com.tr\/wp-content\/uploads\/2021\/01\/gas_based_icon4-1.png\" alt=\"\" width=\"90\" height=\"83\" \/><\/em><\/strong><\/p>\n<p><strong>Clean<\/strong><\/p>\n<p>Rapidly vaporizes to gas during discharge and evaporates cleanly without leaving any residue behind. Result \u2013 no costly clean-ups.[\/vc_column_text][\/vc_column_inner][vc_column_inner width=&#8221;1\/6&#8243;][vc_column_text]<strong><em><img loading=\"lazy\" decoding=\"async\" class=\"alignnone wp-image-4097 \" src=\"https:\/\/www.vinzo.com.tr\/wp-content\/uploads\/2021\/01\/gas_based_icon5-1.png\" alt=\"\" width=\"90\" height=\"83\" \/><\/em><\/strong><\/p>\n<p><strong>Earth Friendly<\/strong><\/p>\n<p>Non-ozone depleting and short atmospheric lifetimes.[\/vc_column_text][\/vc_column_inner][\/vc_row_inner][vc_column_text css=&#8221;.vc_custom_1612085706447{margin-top: 40px !important;}&#8221;]<span style=\"color: #1278c4;\"><strong>Clean Agent Fire Suppression System<\/strong><strong>(HFC227ea &amp; FK-5-1-12)<\/strong><\/span><\/p>\n<p>Two broad product categories well-suited to a variety of applications and industry types. Preferred by fire safety professionals worldwide![\/vc_column_text][\/vc_column][\/vc_row][vc_row css=&#8221;.vc_custom_1611521249511{margin-top: 10px !important;}&#8221;][vc_column][vc_single_image image=&#8221;4727&#8243; img_size=&#8221;full&#8221; alignment=&#8221;center&#8221;][\/vc_column][\/vc_row]<\/p>\n","protected":false},"excerpt":{"rendered":"<p>[vc_row][vc_column][vc_single_image image=&#8221;4026&#8243; img_size=&#8221;medium&#8221;][vc_column_text] HONEYWELL has added a new product line to the fire safety industry by adding gas extinguishing systems to its reliable solutions. Thanks to his distributorship agreement with VINZO to ensure effective and timely solutions market in Turkey was signed an important cooperation&#8230; The advantages we offer to our customers thanks to this [&hellip;]<\/p>\n","protected":false},"author":1,"featured_media":0,"parent":0,"menu_order":0,"comment_status":"closed","ping_status":"closed","template":"","meta":{"footnotes":""},"class_list":["post-4716","page","type-page","status-publish","hentry"],"yoast_head":"<!-- This site is optimized with the Yoast SEO plugin v26.7 - https:\/\/yoast.com\/wordpress\/plugins\/seo\/ -->\n<title>Honeywell &amp; Vinzo Cooperation - Vinzo Yang\u0131n Korunum Sistemleri Ltd. \u015eti.<\/title>\n<meta name=\"robots\" content=\"index, follow, max-snippet:-1, max-image-preview:large, max-video-preview:-1\" \/>\n<link rel=\"canonical\" href=\"https:\/\/www.vinzo.com.tr\/en\/honeywell-vinzo-cooperation\/\" \/>\n<meta property=\"og:locale\" content=\"en_US\" \/>\n<meta property=\"og:type\" content=\"article\" \/>\n<meta property=\"og:title\" content=\"Honeywell &amp; Vinzo Cooperation - Vinzo Yang\u0131n Korunum Sistemleri Ltd. \u015eti.\" \/>\n<meta property=\"og:description\" content=\"[vc_row][vc_column][vc_single_image image=&#8221;4026&#8243; img_size=&#8221;medium&#8221;][vc_column_text] HONEYWELL has added a new product line to the fire safety industry by adding gas extinguishing systems to its reliable solutions. Thanks to his distributorship agreement with VINZO to ensure effective and timely solutions market in Turkey was signed an important cooperation&#8230; The advantages we offer to our customers thanks to this [&hellip;]\" \/>\n<meta property=\"og:url\" content=\"https:\/\/www.vinzo.com.tr\/en\/honeywell-vinzo-cooperation\/\" \/>\n<meta property=\"og:site_name\" content=\"Vinzo Yang\u0131n Korunum Sistemleri Ltd. \u015eti.\" \/>\n<meta property=\"article:modified_time\" content=\"2021-01-31T12:58:59+00:00\" \/>\n<meta property=\"og:image\" content=\"https:\/\/www.vinzo.com.tr\/wp-content\/uploads\/2019\/05\/li.png\" \/>\n<meta name=\"twitter:card\" content=\"summary_large_image\" \/>\n<meta name=\"twitter:site\" content=\"@vinzoyangin\" \/>\n<meta name=\"twitter:label1\" content=\"Est. reading time\" \/>\n\t<meta name=\"twitter:data1\" content=\"3 minutes\" \/>\n<script type=\"application\/ld+json\" class=\"yoast-schema-graph\">{\"@context\":\"https:\/\/schema.org\",\"@graph\":[{\"@type\":\"WebPage\",\"@id\":\"https:\/\/www.vinzo.com.tr\/en\/honeywell-vinzo-cooperation\/\",\"url\":\"https:\/\/www.vinzo.com.tr\/en\/honeywell-vinzo-cooperation\/\",\"name\":\"Honeywell & Vinzo Cooperation - Vinzo Yang\u0131n Korunum Sistemleri Ltd. \u015eti.\",\"isPartOf\":{\"@id\":\"https:\/\/www.vinzo.com.tr\/en\/#website\"},\"primaryImageOfPage\":{\"@id\":\"https:\/\/www.vinzo.com.tr\/en\/honeywell-vinzo-cooperation\/#primaryimage\"},\"image\":{\"@id\":\"https:\/\/www.vinzo.com.tr\/en\/honeywell-vinzo-cooperation\/#primaryimage\"},\"thumbnailUrl\":\"https:\/\/www.vinzo.com.tr\/wp-content\/uploads\/2019\/05\/li.png\",\"datePublished\":\"2021-01-24T18:15:59+00:00\",\"dateModified\":\"2021-01-31T12:58:59+00:00\",\"breadcrumb\":{\"@id\":\"https:\/\/www.vinzo.com.tr\/en\/honeywell-vinzo-cooperation\/#breadcrumb\"},\"inLanguage\":\"en-US\",\"potentialAction\":[{\"@type\":\"ReadAction\",\"target\":[\"https:\/\/www.vinzo.com.tr\/en\/honeywell-vinzo-cooperation\/\"]}]},{\"@type\":\"ImageObject\",\"inLanguage\":\"en-US\",\"@id\":\"https:\/\/www.vinzo.com.tr\/en\/honeywell-vinzo-cooperation\/#primaryimage\",\"url\":\"https:\/\/www.vinzo.com.tr\/wp-content\/uploads\/2019\/05\/li.png\",\"contentUrl\":\"https:\/\/www.vinzo.com.tr\/wp-content\/uploads\/2019\/05\/li.png\"},{\"@type\":\"BreadcrumbList\",\"@id\":\"https:\/\/www.vinzo.com.tr\/en\/honeywell-vinzo-cooperation\/#breadcrumb\",\"itemListElement\":[{\"@type\":\"ListItem\",\"position\":1,\"name\":\"Anasayfa\",\"item\":\"https:\/\/www.vinzo.com.tr\/en\/\"},{\"@type\":\"ListItem\",\"position\":2,\"name\":\"Honeywell &#038; Vinzo Cooperation\"}]},{\"@type\":\"WebSite\",\"@id\":\"https:\/\/www.vinzo.com.tr\/en\/#website\",\"url\":\"https:\/\/www.vinzo.com.tr\/en\/\",\"name\":\"Vinzo Yang\u0131n Korunum Sistemleri Ltd. \u015eti.\",\"description\":\"Yang\u0131n alg\u0131lama ve yang\u0131n s\u00f6nd\u00fcrme sistemleri.\",\"publisher\":{\"@id\":\"https:\/\/www.vinzo.com.tr\/en\/#organization\"},\"potentialAction\":[{\"@type\":\"SearchAction\",\"target\":{\"@type\":\"EntryPoint\",\"urlTemplate\":\"https:\/\/www.vinzo.com.tr\/en\/?s={search_term_string}\"},\"query-input\":{\"@type\":\"PropertyValueSpecification\",\"valueRequired\":true,\"valueName\":\"search_term_string\"}}],\"inLanguage\":\"en-US\"},{\"@type\":\"Organization\",\"@id\":\"https:\/\/www.vinzo.com.tr\/en\/#organization\",\"name\":\"Vinzo Yang\u0131n Korunum Sistemleri Ltd. \u015eti.\",\"url\":\"https:\/\/www.vinzo.com.tr\/en\/\",\"logo\":{\"@type\":\"ImageObject\",\"inLanguage\":\"en-US\",\"@id\":\"https:\/\/www.vinzo.com.tr\/en\/#\/schema\/logo\/image\/\",\"url\":\"https:\/\/www.vinzo.com.tr\/wp-content\/uploads\/2021\/01\/vinzo-logo1.png\",\"contentUrl\":\"https:\/\/www.vinzo.com.tr\/wp-content\/uploads\/2021\/01\/vinzo-logo1.png\",\"width\":151,\"height\":64,\"caption\":\"Vinzo Yang\u0131n Korunum Sistemleri Ltd. \u015eti.\"},\"image\":{\"@id\":\"https:\/\/www.vinzo.com.tr\/en\/#\/schema\/logo\/image\/\"},\"sameAs\":[\"https:\/\/x.com\/vinzoyangin\",\"https:\/\/www.instagram.com\/vinzoyangin\/\",\"https:\/\/www.linkedin.com\/company\/vinzo-yang\u0131n-korunum-sistemleri-ltd-\u015fti\",\"https:\/\/www.youtube.com\/channel\/UCC9Ft-4-cJWpJvCG_Rd3dKQ\"]}]}<\/script>\n<!-- \/ Yoast SEO plugin. -->","yoast_head_json":{"title":"Honeywell & Vinzo Cooperation - Vinzo Yang\u0131n Korunum Sistemleri Ltd. \u015eti.","robots":{"index":"index","follow":"follow","max-snippet":"max-snippet:-1","max-image-preview":"max-image-preview:large","max-video-preview":"max-video-preview:-1"},"canonical":"https:\/\/www.vinzo.com.tr\/en\/honeywell-vinzo-cooperation\/","og_locale":"en_US","og_type":"article","og_title":"Honeywell & Vinzo Cooperation - Vinzo Yang\u0131n Korunum Sistemleri Ltd. \u015eti.","og_description":"[vc_row][vc_column][vc_single_image image=&#8221;4026&#8243; img_size=&#8221;medium&#8221;][vc_column_text] HONEYWELL has added a new product line to the fire safety industry by adding gas extinguishing systems to its reliable solutions. Thanks to his distributorship agreement with VINZO to ensure effective and timely solutions market in Turkey was signed an important cooperation&#8230; The advantages we offer to our customers thanks to this [&hellip;]","og_url":"https:\/\/www.vinzo.com.tr\/en\/honeywell-vinzo-cooperation\/","og_site_name":"Vinzo Yang\u0131n Korunum Sistemleri Ltd. \u015eti.","article_modified_time":"2021-01-31T12:58:59+00:00","og_image":[{"url":"https:\/\/www.vinzo.com.tr\/wp-content\/uploads\/2019\/05\/li.png","type":"","width":"","height":""}],"twitter_card":"summary_large_image","twitter_site":"@vinzoyangin","twitter_misc":{"Est. reading time":"3 minutes"},"schema":{"@context":"https:\/\/schema.org","@graph":[{"@type":"WebPage","@id":"https:\/\/www.vinzo.com.tr\/en\/honeywell-vinzo-cooperation\/","url":"https:\/\/www.vinzo.com.tr\/en\/honeywell-vinzo-cooperation\/","name":"Honeywell & Vinzo Cooperation - Vinzo Yang\u0131n Korunum Sistemleri Ltd. \u015eti.","isPartOf":{"@id":"https:\/\/www.vinzo.com.tr\/en\/#website"},"primaryImageOfPage":{"@id":"https:\/\/www.vinzo.com.tr\/en\/honeywell-vinzo-cooperation\/#primaryimage"},"image":{"@id":"https:\/\/www.vinzo.com.tr\/en\/honeywell-vinzo-cooperation\/#primaryimage"},"thumbnailUrl":"https:\/\/www.vinzo.com.tr\/wp-content\/uploads\/2019\/05\/li.png","datePublished":"2021-01-24T18:15:59+00:00","dateModified":"2021-01-31T12:58:59+00:00","breadcrumb":{"@id":"https:\/\/www.vinzo.com.tr\/en\/honeywell-vinzo-cooperation\/#breadcrumb"},"inLanguage":"en-US","potentialAction":[{"@type":"ReadAction","target":["https:\/\/www.vinzo.com.tr\/en\/honeywell-vinzo-cooperation\/"]}]},{"@type":"ImageObject","inLanguage":"en-US","@id":"https:\/\/www.vinzo.com.tr\/en\/honeywell-vinzo-cooperation\/#primaryimage","url":"https:\/\/www.vinzo.com.tr\/wp-content\/uploads\/2019\/05\/li.png","contentUrl":"https:\/\/www.vinzo.com.tr\/wp-content\/uploads\/2019\/05\/li.png"},{"@type":"BreadcrumbList","@id":"https:\/\/www.vinzo.com.tr\/en\/honeywell-vinzo-cooperation\/#breadcrumb","itemListElement":[{"@type":"ListItem","position":1,"name":"Anasayfa","item":"https:\/\/www.vinzo.com.tr\/en\/"},{"@type":"ListItem","position":2,"name":"Honeywell &#038; Vinzo Cooperation"}]},{"@type":"WebSite","@id":"https:\/\/www.vinzo.com.tr\/en\/#website","url":"https:\/\/www.vinzo.com.tr\/en\/","name":"Vinzo Yang\u0131n Korunum Sistemleri Ltd. \u015eti.","description":"Yang\u0131n alg\u0131lama ve yang\u0131n s\u00f6nd\u00fcrme sistemleri.","publisher":{"@id":"https:\/\/www.vinzo.com.tr\/en\/#organization"},"potentialAction":[{"@type":"SearchAction","target":{"@type":"EntryPoint","urlTemplate":"https:\/\/www.vinzo.com.tr\/en\/?s={search_term_string}"},"query-input":{"@type":"PropertyValueSpecification","valueRequired":true,"valueName":"search_term_string"}}],"inLanguage":"en-US"},{"@type":"Organization","@id":"https:\/\/www.vinzo.com.tr\/en\/#organization","name":"Vinzo Yang\u0131n Korunum Sistemleri Ltd. \u015eti.","url":"https:\/\/www.vinzo.com.tr\/en\/","logo":{"@type":"ImageObject","inLanguage":"en-US","@id":"https:\/\/www.vinzo.com.tr\/en\/#\/schema\/logo\/image\/","url":"https:\/\/www.vinzo.com.tr\/wp-content\/uploads\/2021\/01\/vinzo-logo1.png","contentUrl":"https:\/\/www.vinzo.com.tr\/wp-content\/uploads\/2021\/01\/vinzo-logo1.png","width":151,"height":64,"caption":"Vinzo Yang\u0131n Korunum Sistemleri Ltd. \u015eti."},"image":{"@id":"https:\/\/www.vinzo.com.tr\/en\/#\/schema\/logo\/image\/"},"sameAs":["https:\/\/x.com\/vinzoyangin","https:\/\/www.instagram.com\/vinzoyangin\/","https:\/\/www.linkedin.com\/company\/vinzo-yang\u0131n-korunum-sistemleri-ltd-\u015fti","https:\/\/www.youtube.com\/channel\/UCC9Ft-4-cJWpJvCG_Rd3dKQ"]}]}},"jetpack_sharing_enabled":true,"_links":{"self":[{"href":"https:\/\/www.vinzo.com.tr\/en\/wp-json\/wp\/v2\/pages\/4716","targetHints":{"allow":["GET"]}}],"collection":[{"href":"https:\/\/www.vinzo.com.tr\/en\/wp-json\/wp\/v2\/pages"}],"about":[{"href":"https:\/\/www.vinzo.com.tr\/en\/wp-json\/wp\/v2\/types\/page"}],"author":[{"embeddable":true,"href":"https:\/\/www.vinzo.com.tr\/en\/wp-json\/wp\/v2\/users\/1"}],"replies":[{"embeddable":true,"href":"https:\/\/www.vinzo.com.tr\/en\/wp-json\/wp\/v2\/comments?post=4716"}],"version-history":[{"count":0,"href":"https:\/\/www.vinzo.com.tr\/en\/wp-json\/wp\/v2\/pages\/4716\/revisions"}],"wp:attachment":[{"href":"https:\/\/www.vinzo.com.tr\/en\/wp-json\/wp\/v2\/media?parent=4716"}],"curies":[{"name":"wp","href":"https:\/\/api.w.org\/{rel}","templated":true}]}}