{"id":4643,"date":"2021-01-25T21:07:55","date_gmt":"2021-01-25T21:07:55","guid":{"rendered":"https:\/\/www.vinzo.com.tr\/anasayfa\/davlumbaz-sondurme-sistemleri\/"},"modified":"2021-01-31T10:49:55","modified_gmt":"2021-01-31T10:49:55","slug":"kitchen-hood-suppression-systems","status":"publish","type":"page","link":"https:\/\/www.vinzo.com.tr\/en\/kitchen-hood-suppression-systems\/","title":{"rendered":"Kitchen Hood Suppression Systems"},"content":{"rendered":"<p>[vc_section el_class=&#8221;testi_11&#8243; css=&#8221;.vc_custom_1591438513506{padding-right: 0px !important;padding-left: 0px !important;}&#8221;][vc_row][vc_column width=&#8221;1\/3&#8243; el_class=&#8221;left-column pull-left&#8221;][vc_raw_html]JTNDZGl2JTIwY2xhc3MlM0QlMjJ0bWMlMjBjb250YWluZXIlMjIlM0UlMEElMjAlMjAlMjAlMjAlM0NkaXYlMjBjbGFzcyUzRCUyMnJvdyUyMiUzRSUwQSUyMCUyMCUyMCUyMCUyMCUyMCUyMCUyMCUzQ2RpdiUyMGNsYXNzJTNEJTIyY29sLWxnLTQlMjBjb2wtbWQtNSUyMGNvbC1zbS01JTIwY29sLXhzLTEyJTIwbGVmdC1jb2x1bW4lMjIlM0UlMEElMjAlMjAlMjAlMjAlMjAlMjAlMjAlMjAlMjAlMjAlMjAlMjAlM0NkaXYlMjBjbGFzcyUzRCUyMnJlY2VudFRpdGxlJTIyJTNFJTNDaDUlMjBjbGFzcyUzRCUyMmg1JTIwYXMlMjIlM0VQUk9EVUNUUyUyMCUyNiUyMFNZU1RFTVMlM0MlMkZoNSUzRSUzQyUyRmRpdiUzRSUwQSUyMCUyMCUyMCUyMCUyMCUyMCUyMCUyMCUyMCUyMCUyMCUyMCUzQ2RpdiUyMGNsYXNzJTNEJTIydGV4dHdpZGdldCUyMGN1c3RvbS1odG1sLXdpZGdldCUyMiUzRSUzQyUyRmRpdiUzRSUwQSUyMCUyMCUyMCUyMCUyMCUyMCUyMCUyMCUyMCUyMCUyMCUyMCUzQ2RpdiUyMGNsYXNzJTNEJTIyd2lkZ2V0JTIwc2VydmljZS1saXN0aW5nJTIyJTNFJTBBJTIwJTIwJTIwJTIwJTIwJTIwJTIwJTIwJTIwJTIwJTIwJTIwJTIwJTIwJTIwJTIwJTNDdWwlMjBpZCUzRCUyMlNlcnZpY2UlMjIlMjBjbGFzcyUzRCUyMmNhdGVnb3J5LWxpc3QlMjBtYXJidG01MCUyMiUzRSUwQSUwOSUwOSUwOSUwOSUyMCUyMCUyMCUyMCUzQ2xpJTNFJTNDYSUyMGhyZWYlM0QlMjJodHRwcyUzQSUyRiUyRnd3dy52aW56by5jb20udHIlMkZlbiUyRndhdGVyLXN1cHByZXNzaW9uLXN5c3RlbXMlMkYlMjIlM0VXYXRlciUyMFN1cHByZXNzaW9uJTIwU3lzdGVtcyUzQyUyRmElM0UlM0MlMkZsaSUzRSUwQSUyMCUyMCUyMCUyMCUyMCUyMCUyMCUyMCUyMCUyMCUyMCUyMCUyMCUyMCUyMCUyMCUyMCUyMCUyMCUyMCUzQ2xpJTNFJTNDYSUyMGhyZWYlM0QlMjJodHRwcyUzQSUyRiUyRnd3dy52aW56by5jb20udHIlMkZlbiUyRmZvYW0tc3VwcHJlc3Npb24tc3lzdGVtcyUyRiUyMiUzRUZvYW0lMjBTdXBwcmVzc2lvbiUyMFN5c3RlbXMlM0MlMkZhJTNFJTNDJTJGbGklM0UlMEElMjAlMjAlMjAlMjAlMjAlMjAlMjAlMjAlMjAlMjAlMjAlMjAlMjAlMjAlMjAlMjAlMjAlMjAlMjAlMjAlM0NsaSUzRSUzQ2ElMjBocmVmJTNEJTIyaHR0cHMlM0ElMkYlMkZ3d3cudmluem8uY29tLnRyJTJGZW4lMkZjbGVhbi1hZ2VudC1zdXBwcmVzc2lvbi1zeXN0ZW1zJTJGJTIyJTNFQ2xlYW4lMjBBZ2VudCUyMFN1cHByZXNzaW9uJTIwU3lzdGVtcyUzQyUyRmElM0UlM0MlMkZsaSUzRSUwQSUwOSUwOSUwOSUwOSUwOSUzQ2xpJTNFJTNDYSUyMGhyZWYlM0QlMjJodHRwcyUzQSUyRiUyRnd3dy52aW56by5jb20udHIlMkZlbiUyRmluLWNhYmluZXQtZmlyZS1zdXBwcmVzc2lvbi1zeXN0ZW1zJTJGJTIyJTNFSW4tQ2FiaW5ldCUyMEZpcmUlMjBTdXBwcmVzc2lvbiUyMFN5c3RlbXMlM0MlMkZhJTNFJTNDJTJGbGklM0UlMEElMDklMDklMDklMDklMDklM0NsaSUyMGNsYXNzJTNEJTIyY3VycmVudC1tZW51LWl0ZW0lMjIlM0UlM0NhJTIwaHJlZiUzRCUyMmh0dHBzJTNBJTJGJTJGd3d3LnZpbnpvLmNvbS50ciUyRmVuJTJGa2l0Y2hlbi1ob29kLXN1cHByZXNzaW9uLXN5c3RlbXMlMkYlMjIlMjBhcmlhLWN1cnJlbnQlM0QlMjJwYWdlJTIyJTNFS2l0Y2hlbiUyMEhvb2QlMjBTdXBwcmVzc2lvbiUyMFN5c3RlbXMlM0MlMkZhJTNFJTNDJTJGbGklM0UlMEElMDklMDklMDklMDklMDklM0NsaSUzRSUzQ2ElMjBocmVmJTNEJTIyaHR0cHMlM0ElMkYlMkZ3d3cudmluem8uY29tLnRyJTJGZW4lMkZmaXJlLXB1bXAtc3lzdGVtcyUyRiUyMiUzRUZpcmUlMjBQdW1wJTIwU3lzdGVtcyUzQyUyRmElM0UlM0MlMkZsaSUzRSUwQSUwOSUwOSUwOSUwOSUwOSUzQ2xpJTNFJTNDYSUyMGhyZWYlM0QlMjJodHRwcyUzQSUyRiUyRnd3dy52aW56by5jb20udHIlMkZlbiUyRmZpcmUtZGV0ZWN0aW9uLWFuZC1zaWduYWwtc3lzdGVtcyUyRiUyMiUzRUZpcmUlMjBEZXRlY3Rpb24lMjBhbmQlMjBTaWduYWwlMjBTeXN0ZW1zJTNDJTJGYSUzRSUzQyUyRmxpJTNFJTBBJTIwJTIwJTIwJTIwJTIwJTIwJTIwJTIwJTIwJTIwJTIwJTIwJTIwJTIwJTIwJTIwJTNDJTJGdWwlM0UlMEElMjAlMjAlMjAlMjAlMjAlMjAlMjAlMjAlMjAlMjAlMjAlMjAlM0MlMkZkaXYlM0UlMEElMjAlMjAlMjAlMjAlMjAlMjAlMjAlMjAlM0MlMkZkaXYlM0UlMEElMjAlMjAlMjAlMjAlM0MlMkZkaXYlM0UlMEElM0MlMkZkaXYlM0U=[\/vc_raw_html][\/vc_column][vc_column width=&#8221;2\/3&#8243; el_class=&#8221;faq-mobile-margin&#8221;][tmc_single_service image=&#8221;4298&#8243;]<\/p>\n<h3 style=\"text-align: justify;\"><span style=\"color: #2d78c7;\">Kitchen Hood Suppression Systems<\/span><\/h3>\n<p style=\"text-align: justify;\">Kitchen sections within the buildings contain serious fire risks within themselves, separate from the building. The unexpected ignition of the fats accumulated in the interior of the hoods in the kitchens and in the cooking units creates a small fire and if it isn&#8217;t responded quickly, the fire will grow and become uncontrollable.<\/p>\n<p>The kitchen hood suppression systems come into play quickly, preventing to growing of fire that is still at the ignition stage. Fire occurring in hoods is quickly detected by the detectors which are installed to inside of hood. With the activation of the system, the non-corrosive low pH potassium carbonate containing liquid which is developed specifically for fat fires spreads to the relevant area in a short time.<\/p>\n<p>The wet chemical covers the burning surfaces and cuts the contact of the fire with oxygen. As soon as the system is activated, the gas supply is also interrupted by the control valve on the gas line to the cookers. Thus, the risk of explosion of the trapped gas is eliminated.<\/p>\n<p>Kitchen hood suppression systems are generally pre-engineered systems with uncomplicated designs.<\/p>\n<p>The required amount of liquid must be discharged into all cooking units (fryer, grill, cooker, etc.), filter parts and suction channels from the appropriate type of nozzles.<\/p>\n<p>The capacity of the titchen hood extinguishing system is determined according to the nozzle types and total flow amounts.<\/p>\n<p style=\"text-align: justify;\"><span style=\"color: #2d78c7;\"><strong>General usage areas<\/strong><\/span><\/p>\n<p style=\"text-align: justify;\"><img loading=\"lazy\" decoding=\"async\" class=\"alignnone size-full wp-image-3027\" src=\"https:\/\/www.vinzo.com.tr\/wp-content\/uploads\/2019\/05\/li.png\" alt=\"\" width=\"10\" height=\"9\" \/>\u00a0 Restaurants,<\/p>\n<p><img loading=\"lazy\" decoding=\"async\" class=\"alignnone size-full wp-image-3027\" src=\"https:\/\/www.vinzo.com.tr\/wp-content\/uploads\/2019\/05\/li.png\" alt=\"\" width=\"10\" height=\"9\" \/>\u00a0 Hotels,<\/p>\n<p><img loading=\"lazy\" decoding=\"async\" class=\"alignnone size-full wp-image-3027\" src=\"https:\/\/www.vinzo.com.tr\/wp-content\/uploads\/2019\/05\/li.png\" alt=\"\" width=\"10\" height=\"9\" \/>\u00a0 Shopping malls,<\/p>\n<p><img loading=\"lazy\" decoding=\"async\" class=\"alignnone size-full wp-image-3027\" src=\"https:\/\/www.vinzo.com.tr\/wp-content\/uploads\/2019\/05\/li.png\" alt=\"\" width=\"10\" height=\"9\" \/>\u00a0 Hospitals and health institutions,<\/p>\n<p><img loading=\"lazy\" decoding=\"async\" class=\"alignnone size-full wp-image-3027\" src=\"https:\/\/www.vinzo.com.tr\/wp-content\/uploads\/2019\/05\/li.png\" alt=\"\" width=\"10\" height=\"9\" \/>\u00a0 Kitchens of industrial facilities.<\/p>\n<hr \/>\n<p>[\/tmc_single_service][vc_single_image image=&#8221;4885&#8243; img_size=&#8221;846&#215;210&#8243; onclick=&#8221;custom_link&#8221; link=&#8221;https:\/\/www.vinzo.com.tr\/iletisim&#8221;][\/vc_column][\/vc_row][\/vc_section]<\/p>\n","protected":false},"excerpt":{"rendered":"<p>[vc_section el_class=&#8221;testi_11&#8243; css=&#8221;.vc_custom_1591438513506{padding-right: 0px !important;padding-left: 0px !important;}&#8221;][vc_row][vc_column width=&#8221;1\/3&#8243; el_class=&#8221;left-column pull-left&#8221;][vc_raw_html]JTNDZGl2JTIwY2xhc3MlM0QlMjJ0bWMlMjBjb250YWluZXIlMjIlM0UlMEElMjAlMjAlMjAlMjAlM0NkaXYlMjBjbGFzcyUzRCUyMnJvdyUyMiUzRSUwQSUyMCUyMCUyMCUyMCUyMCUyMCUyMCUyMCUzQ2RpdiUyMGNsYXNzJTNEJTIyY29sLWxnLTQlMjBjb2wtbWQtNSUyMGNvbC1zbS01JTIwY29sLXhzLTEyJTIwbGVmdC1jb2x1bW4lMjIlM0UlMEElMjAlMjAlMjAlMjAlMjAlMjAlMjAlMjAlMjAlMjAlMjAlMjAlM0NkaXYlMjBjbGFzcyUzRCUyMnJlY2VudFRpdGxlJTIyJTNFJTNDaDUlMjBjbGFzcyUzRCUyMmg1JTIwYXMlMjIlM0VQUk9EVUNUUyUyMCUyNiUyMFNZU1RFTVMlM0MlMkZoNSUzRSUzQyUyRmRpdiUzRSUwQSUyMCUyMCUyMCUyMCUyMCUyMCUyMCUyMCUyMCUyMCUyMCUyMCUzQ2RpdiUyMGNsYXNzJTNEJTIydGV4dHdpZGdldCUyMGN1c3RvbS1odG1sLXdpZGdldCUyMiUzRSUzQyUyRmRpdiUzRSUwQSUyMCUyMCUyMCUyMCUyMCUyMCUyMCUyMCUyMCUyMCUyMCUyMCUzQ2RpdiUyMGNsYXNzJTNEJTIyd2lkZ2V0JTIwc2VydmljZS1saXN0aW5nJTIyJTNFJTBBJTIwJTIwJTIwJTIwJTIwJTIwJTIwJTIwJTIwJTIwJTIwJTIwJTIwJTIwJTIwJTIwJTNDdWwlMjBpZCUzRCUyMlNlcnZpY2UlMjIlMjBjbGFzcyUzRCUyMmNhdGVnb3J5LWxpc3QlMjBtYXJidG01MCUyMiUzRSUwQSUwOSUwOSUwOSUwOSUyMCUyMCUyMCUyMCUzQ2xpJTNFJTNDYSUyMGhyZWYlM0QlMjJodHRwcyUzQSUyRiUyRnd3dy52aW56by5jb20udHIlMkZlbiUyRndhdGVyLXN1cHByZXNzaW9uLXN5c3RlbXMlMkYlMjIlM0VXYXRlciUyMFN1cHByZXNzaW9uJTIwU3lzdGVtcyUzQyUyRmElM0UlM0MlMkZsaSUzRSUwQSUyMCUyMCUyMCUyMCUyMCUyMCUyMCUyMCUyMCUyMCUyMCUyMCUyMCUyMCUyMCUyMCUyMCUyMCUyMCUyMCUzQ2xpJTNFJTNDYSUyMGhyZWYlM0QlMjJodHRwcyUzQSUyRiUyRnd3dy52aW56by5jb20udHIlMkZlbiUyRmZvYW0tc3VwcHJlc3Npb24tc3lzdGVtcyUyRiUyMiUzRUZvYW0lMjBTdXBwcmVzc2lvbiUyMFN5c3RlbXMlM0MlMkZhJTNFJTNDJTJGbGklM0UlMEElMjAlMjAlMjAlMjAlMjAlMjAlMjAlMjAlMjAlMjAlMjAlMjAlMjAlMjAlMjAlMjAlMjAlMjAlMjAlMjAlM0NsaSUzRSUzQ2ElMjBocmVmJTNEJTIyaHR0cHMlM0ElMkYlMkZ3d3cudmluem8uY29tLnRyJTJGZW4lMkZjbGVhbi1hZ2VudC1zdXBwcmVzc2lvbi1zeXN0ZW1zJTJGJTIyJTNFQ2xlYW4lMjBBZ2VudCUyMFN1cHByZXNzaW9uJTIwU3lzdGVtcyUzQyUyRmElM0UlM0MlMkZsaSUzRSUwQSUwOSUwOSUwOSUwOSUwOSUzQ2xpJTNFJTNDYSUyMGhyZWYlM0QlMjJodHRwcyUzQSUyRiUyRnd3dy52aW56by5jb20udHIlMkZlbiUyRmluLWNhYmluZXQtZmlyZS1zdXBwcmVzc2lvbi1zeXN0ZW1zJTJGJTIyJTNFSW4tQ2FiaW5ldCUyMEZpcmUlMjBTdXBwcmVzc2lvbiUyMFN5c3RlbXMlM0MlMkZhJTNFJTNDJTJGbGklM0UlMEElMDklMDklMDklMDklMDklM0NsaSUyMGNsYXNzJTNEJTIyY3VycmVudC1tZW51LWl0ZW0lMjIlM0UlM0NhJTIwaHJlZiUzRCUyMmh0dHBzJTNBJTJGJTJGd3d3LnZpbnpvLmNvbS50ciUyRmVuJTJGa2l0Y2hlbi1ob29kLXN1cHByZXNzaW9uLXN5c3RlbXMlMkYlMjIlMjBhcmlhLWN1cnJlbnQlM0QlMjJwYWdlJTIyJTNFS2l0Y2hlbiUyMEhvb2QlMjBTdXBwcmVzc2lvbiUyMFN5c3RlbXMlM0MlMkZhJTNFJTNDJTJGbGklM0UlMEElMDklMDklMDklMDklMDklM0NsaSUzRSUzQ2ElMjBocmVmJTNEJTIyaHR0cHMlM0ElMkYlMkZ3d3cudmluem8uY29tLnRyJTJGZW4lMkZmaXJlLXB1bXAtc3lzdGVtcyUyRiUyMiUzRUZpcmUlMjBQdW1wJTIwU3lzdGVtcyUzQyUyRmElM0UlM0MlMkZsaSUzRSUwQSUwOSUwOSUwOSUwOSUwOSUzQ2xpJTNFJTNDYSUyMGhyZWYlM0QlMjJodHRwcyUzQSUyRiUyRnd3dy52aW56by5jb20udHIlMkZlbiUyRmZpcmUtZGV0ZWN0aW9uLWFuZC1zaWduYWwtc3lzdGVtcyUyRiUyMiUzRUZpcmUlMjBEZXRlY3Rpb24lMjBhbmQlMjBTaWduYWwlMjBTeXN0ZW1zJTNDJTJGYSUzRSUzQyUyRmxpJTNFJTBBJTIwJTIwJTIwJTIwJTIwJTIwJTIwJTIwJTIwJTIwJTIwJTIwJTIwJTIwJTIwJTIwJTNDJTJGdWwlM0UlMEElMjAlMjAlMjAlMjAlMjAlMjAlMjAlMjAlMjAlMjAlMjAlMjAlM0MlMkZkaXYlM0UlMEElMjAlMjAlMjAlMjAlMjAlMjAlMjAlMjAlM0MlMkZkaXYlM0UlMEElMjAlMjAlMjAlMjAlM0MlMkZkaXYlM0UlMEElM0MlMkZkaXYlM0U=[\/vc_raw_html][\/vc_column][vc_column width=&#8221;2\/3&#8243; el_class=&#8221;faq-mobile-margin&#8221;][tmc_single_service image=&#8221;4298&#8243;] Kitchen Hood Suppression Systems Kitchen sections within the buildings contain serious fire risks within themselves, separate from the building. The unexpected ignition of the fats accumulated in the interior of the hoods in the kitchens and in the cooking units creates a [&hellip;]<\/p>\n","protected":false},"author":1,"featured_media":0,"parent":0,"menu_order":0,"comment_status":"closed","ping_status":"closed","template":"","meta":{"footnotes":""},"class_list":["post-4643","page","type-page","status-publish","hentry"],"yoast_head":"<!-- This site is optimized with the Yoast SEO plugin v26.7 - https:\/\/yoast.com\/wordpress\/plugins\/seo\/ -->\n<title>Kitchen Hood Suppression Systems - Vinzo Yang\u0131n Korunum Sistemleri Ltd. \u015eti.<\/title>\n<meta name=\"robots\" content=\"index, follow, max-snippet:-1, max-image-preview:large, max-video-preview:-1\" \/>\n<link rel=\"canonical\" href=\"https:\/\/www.vinzo.com.tr\/en\/kitchen-hood-suppression-systems\/\" \/>\n<meta property=\"og:locale\" content=\"en_US\" \/>\n<meta property=\"og:type\" content=\"article\" \/>\n<meta property=\"og:title\" content=\"Kitchen Hood Suppression Systems - Vinzo Yang\u0131n Korunum Sistemleri Ltd. \u015eti.\" \/>\n<meta property=\"og:description\" content=\"[vc_section el_class=&#8221;testi_11&#8243; css=&#8221;.vc_custom_1591438513506{padding-right: 0px !important;padding-left: 0px !important;}&#8221;][vc_row][vc_column width=&#8221;1\/3&#8243; el_class=&#8221;left-column pull-left&#8221;][vc_raw_html]JTNDZGl2JTIwY2xhc3MlM0QlMjJ0bWMlMjBjb250YWluZXIlMjIlM0UlMEElMjAlMjAlMjAlMjAlM0NkaXYlMjBjbGFzcyUzRCUyMnJvdyUyMiUzRSUwQSUyMCUyMCUyMCUyMCUyMCUyMCUyMCUyMCUzQ2RpdiUyMGNsYXNzJTNEJTIyY29sLWxnLTQlMjBjb2wtbWQtNSUyMGNvbC1zbS01JTIwY29sLXhzLTEyJTIwbGVmdC1jb2x1bW4lMjIlM0UlMEElMjAlMjAlMjAlMjAlMjAlMjAlMjAlMjAlMjAlMjAlMjAlMjAlM0NkaXYlMjBjbGFzcyUzRCUyMnJlY2VudFRpdGxlJTIyJTNFJTNDaDUlMjBjbGFzcyUzRCUyMmg1JTIwYXMlMjIlM0VQUk9EVUNUUyUyMCUyNiUyMFNZU1RFTVMlM0MlMkZoNSUzRSUzQyUyRmRpdiUzRSUwQSUyMCUyMCUyMCUyMCUyMCUyMCUyMCUyMCUyMCUyMCUyMCUyMCUzQ2RpdiUyMGNsYXNzJTNEJTIydGV4dHdpZGdldCUyMGN1c3RvbS1odG1sLXdpZGdldCUyMiUzRSUzQyUyRmRpdiUzRSUwQSUyMCUyMCUyMCUyMCUyMCUyMCUyMCUyMCUyMCUyMCUyMCUyMCUzQ2RpdiUyMGNsYXNzJTNEJTIyd2lkZ2V0JTIwc2VydmljZS1saXN0aW5nJTIyJTNFJTBBJTIwJTIwJTIwJTIwJTIwJTIwJTIwJTIwJTIwJTIwJTIwJTIwJTIwJTIwJTIwJTIwJTNDdWwlMjBpZCUzRCUyMlNlcnZpY2UlMjIlMjBjbGFzcyUzRCUyMmNhdGVnb3J5LWxpc3QlMjBtYXJidG01MCUyMiUzRSUwQSUwOSUwOSUwOSUwOSUyMCUyMCUyMCUyMCUzQ2xpJTNFJTNDYSUyMGhyZWYlM0QlMjJodHRwcyUzQSUyRiUyRnd3dy52aW56by5jb20udHIlMkZlbiUyRndhdGVyLXN1cHByZXNzaW9uLXN5c3RlbXMlMkYlMjIlM0VXYXRlciUyMFN1cHByZXNzaW9uJTIwU3lzdGVtcyUzQyUyRmElM0UlM0MlMkZsaSUzRSUwQSUyMCUyMCUyMCUyMCUyMCUyMCUyMCUyMCUyMCUyMCUyMCUyMCUyMCUyMCUyMCUyMCUyMCUyMCUyMCUyMCUzQ2xpJTNFJTNDYSUyMGhyZWYlM0QlMjJodHRwcyUzQSUyRiUyRnd3dy52aW56by5jb20udHIlMkZlbiUyRmZvYW0tc3VwcHJlc3Npb24tc3lzdGVtcyUyRiUyMiUzRUZvYW0lMjBTdXBwcmVzc2lvbiUyMFN5c3RlbXMlM0MlMkZhJTNFJTNDJTJGbGklM0UlMEElMjAlMjAlMjAlMjAlMjAlMjAlMjAlMjAlMjAlMjAlMjAlMjAlMjAlMjAlMjAlMjAlMjAlMjAlMjAlMjAlM0NsaSUzRSUzQ2ElMjBocmVmJTNEJTIyaHR0cHMlM0ElMkYlMkZ3d3cudmluem8uY29tLnRyJTJGZW4lMkZjbGVhbi1hZ2VudC1zdXBwcmVzc2lvbi1zeXN0ZW1zJTJGJTIyJTNFQ2xlYW4lMjBBZ2VudCUyMFN1cHByZXNzaW9uJTIwU3lzdGVtcyUzQyUyRmElM0UlM0MlMkZsaSUzRSUwQSUwOSUwOSUwOSUwOSUwOSUzQ2xpJTNFJTNDYSUyMGhyZWYlM0QlMjJodHRwcyUzQSUyRiUyRnd3dy52aW56by5jb20udHIlMkZlbiUyRmluLWNhYmluZXQtZmlyZS1zdXBwcmVzc2lvbi1zeXN0ZW1zJTJGJTIyJTNFSW4tQ2FiaW5ldCUyMEZpcmUlMjBTdXBwcmVzc2lvbiUyMFN5c3RlbXMlM0MlMkZhJTNFJTNDJTJGbGklM0UlMEElMDklMDklMDklMDklMDklM0NsaSUyMGNsYXNzJTNEJTIyY3VycmVudC1tZW51LWl0ZW0lMjIlM0UlM0NhJTIwaHJlZiUzRCUyMmh0dHBzJTNBJTJGJTJGd3d3LnZpbnpvLmNvbS50ciUyRmVuJTJGa2l0Y2hlbi1ob29kLXN1cHByZXNzaW9uLXN5c3RlbXMlMkYlMjIlMjBhcmlhLWN1cnJlbnQlM0QlMjJwYWdlJTIyJTNFS2l0Y2hlbiUyMEhvb2QlMjBTdXBwcmVzc2lvbiUyMFN5c3RlbXMlM0MlMkZhJTNFJTNDJTJGbGklM0UlMEElMDklMDklMDklMDklMDklM0NsaSUzRSUzQ2ElMjBocmVmJTNEJTIyaHR0cHMlM0ElMkYlMkZ3d3cudmluem8uY29tLnRyJTJGZW4lMkZmaXJlLXB1bXAtc3lzdGVtcyUyRiUyMiUzRUZpcmUlMjBQdW1wJTIwU3lzdGVtcyUzQyUyRmElM0UlM0MlMkZsaSUzRSUwQSUwOSUwOSUwOSUwOSUwOSUzQ2xpJTNFJTNDYSUyMGhyZWYlM0QlMjJodHRwcyUzQSUyRiUyRnd3dy52aW56by5jb20udHIlMkZlbiUyRmZpcmUtZGV0ZWN0aW9uLWFuZC1zaWduYWwtc3lzdGVtcyUyRiUyMiUzRUZpcmUlMjBEZXRlY3Rpb24lMjBhbmQlMjBTaWduYWwlMjBTeXN0ZW1zJTNDJTJGYSUzRSUzQyUyRmxpJTNFJTBBJTIwJTIwJTIwJTIwJTIwJTIwJTIwJTIwJTIwJTIwJTIwJTIwJTIwJTIwJTIwJTIwJTNDJTJGdWwlM0UlMEElMjAlMjAlMjAlMjAlMjAlMjAlMjAlMjAlMjAlMjAlMjAlMjAlM0MlMkZkaXYlM0UlMEElMjAlMjAlMjAlMjAlMjAlMjAlMjAlMjAlM0MlMkZkaXYlM0UlMEElMjAlMjAlMjAlMjAlM0MlMkZkaXYlM0UlMEElM0MlMkZkaXYlM0U=[\/vc_raw_html][\/vc_column][vc_column width=&#8221;2\/3&#8243; el_class=&#8221;faq-mobile-margin&#8221;][tmc_single_service image=&#8221;4298&#8243;] Kitchen Hood Suppression Systems Kitchen sections within the buildings contain serious fire risks within themselves, separate from the building. The unexpected ignition of the fats accumulated in the interior of the hoods in the kitchens and in the cooking units creates a [&hellip;]\" \/>\n<meta property=\"og:url\" content=\"https:\/\/www.vinzo.com.tr\/en\/kitchen-hood-suppression-systems\/\" \/>\n<meta property=\"og:site_name\" content=\"Vinzo Yang\u0131n Korunum Sistemleri Ltd. \u015eti.\" \/>\n<meta property=\"article:modified_time\" content=\"2021-01-31T10:49:55+00:00\" \/>\n<meta property=\"og:image\" content=\"https:\/\/www.vinzo.com.tr\/wp-content\/uploads\/2019\/05\/li.png\" \/>\n<meta name=\"twitter:card\" content=\"summary_large_image\" \/>\n<meta name=\"twitter:site\" content=\"@vinzoyangin\" \/>\n<meta name=\"twitter:label1\" content=\"Est. reading time\" \/>\n\t<meta name=\"twitter:data1\" content=\"3 minutes\" \/>\n<script type=\"application\/ld+json\" class=\"yoast-schema-graph\">{\"@context\":\"https:\/\/schema.org\",\"@graph\":[{\"@type\":\"WebPage\",\"@id\":\"https:\/\/www.vinzo.com.tr\/en\/kitchen-hood-suppression-systems\/\",\"url\":\"https:\/\/www.vinzo.com.tr\/en\/kitchen-hood-suppression-systems\/\",\"name\":\"Kitchen Hood Suppression Systems - Vinzo Yang\u0131n Korunum Sistemleri Ltd. \u015eti.\",\"isPartOf\":{\"@id\":\"https:\/\/www.vinzo.com.tr\/en\/#website\"},\"primaryImageOfPage\":{\"@id\":\"https:\/\/www.vinzo.com.tr\/en\/kitchen-hood-suppression-systems\/#primaryimage\"},\"image\":{\"@id\":\"https:\/\/www.vinzo.com.tr\/en\/kitchen-hood-suppression-systems\/#primaryimage\"},\"thumbnailUrl\":\"https:\/\/www.vinzo.com.tr\/wp-content\/uploads\/2019\/05\/li.png\",\"datePublished\":\"2021-01-25T21:07:55+00:00\",\"dateModified\":\"2021-01-31T10:49:55+00:00\",\"breadcrumb\":{\"@id\":\"https:\/\/www.vinzo.com.tr\/en\/kitchen-hood-suppression-systems\/#breadcrumb\"},\"inLanguage\":\"en-US\",\"potentialAction\":[{\"@type\":\"ReadAction\",\"target\":[\"https:\/\/www.vinzo.com.tr\/en\/kitchen-hood-suppression-systems\/\"]}]},{\"@type\":\"ImageObject\",\"inLanguage\":\"en-US\",\"@id\":\"https:\/\/www.vinzo.com.tr\/en\/kitchen-hood-suppression-systems\/#primaryimage\",\"url\":\"https:\/\/www.vinzo.com.tr\/wp-content\/uploads\/2019\/05\/li.png\",\"contentUrl\":\"https:\/\/www.vinzo.com.tr\/wp-content\/uploads\/2019\/05\/li.png\"},{\"@type\":\"BreadcrumbList\",\"@id\":\"https:\/\/www.vinzo.com.tr\/en\/kitchen-hood-suppression-systems\/#breadcrumb\",\"itemListElement\":[{\"@type\":\"ListItem\",\"position\":1,\"name\":\"Anasayfa\",\"item\":\"https:\/\/www.vinzo.com.tr\/en\/\"},{\"@type\":\"ListItem\",\"position\":2,\"name\":\"Kitchen Hood Suppression Systems\"}]},{\"@type\":\"WebSite\",\"@id\":\"https:\/\/www.vinzo.com.tr\/en\/#website\",\"url\":\"https:\/\/www.vinzo.com.tr\/en\/\",\"name\":\"Vinzo Yang\u0131n Korunum Sistemleri Ltd. \u015eti.\",\"description\":\"Yang\u0131n alg\u0131lama ve yang\u0131n s\u00f6nd\u00fcrme sistemleri.\",\"publisher\":{\"@id\":\"https:\/\/www.vinzo.com.tr\/en\/#organization\"},\"potentialAction\":[{\"@type\":\"SearchAction\",\"target\":{\"@type\":\"EntryPoint\",\"urlTemplate\":\"https:\/\/www.vinzo.com.tr\/en\/?s={search_term_string}\"},\"query-input\":{\"@type\":\"PropertyValueSpecification\",\"valueRequired\":true,\"valueName\":\"search_term_string\"}}],\"inLanguage\":\"en-US\"},{\"@type\":\"Organization\",\"@id\":\"https:\/\/www.vinzo.com.tr\/en\/#organization\",\"name\":\"Vinzo Yang\u0131n Korunum Sistemleri Ltd. \u015eti.\",\"url\":\"https:\/\/www.vinzo.com.tr\/en\/\",\"logo\":{\"@type\":\"ImageObject\",\"inLanguage\":\"en-US\",\"@id\":\"https:\/\/www.vinzo.com.tr\/en\/#\/schema\/logo\/image\/\",\"url\":\"https:\/\/www.vinzo.com.tr\/wp-content\/uploads\/2021\/01\/vinzo-logo1.png\",\"contentUrl\":\"https:\/\/www.vinzo.com.tr\/wp-content\/uploads\/2021\/01\/vinzo-logo1.png\",\"width\":151,\"height\":64,\"caption\":\"Vinzo Yang\u0131n Korunum Sistemleri Ltd. \u015eti.\"},\"image\":{\"@id\":\"https:\/\/www.vinzo.com.tr\/en\/#\/schema\/logo\/image\/\"},\"sameAs\":[\"https:\/\/x.com\/vinzoyangin\",\"https:\/\/www.instagram.com\/vinzoyangin\/\",\"https:\/\/www.linkedin.com\/company\/vinzo-yang\u0131n-korunum-sistemleri-ltd-\u015fti\",\"https:\/\/www.youtube.com\/channel\/UCC9Ft-4-cJWpJvCG_Rd3dKQ\"]}]}<\/script>\n<!-- \/ Yoast SEO plugin. -->","yoast_head_json":{"title":"Kitchen Hood Suppression Systems - Vinzo Yang\u0131n Korunum Sistemleri Ltd. \u015eti.","robots":{"index":"index","follow":"follow","max-snippet":"max-snippet:-1","max-image-preview":"max-image-preview:large","max-video-preview":"max-video-preview:-1"},"canonical":"https:\/\/www.vinzo.com.tr\/en\/kitchen-hood-suppression-systems\/","og_locale":"en_US","og_type":"article","og_title":"Kitchen Hood Suppression Systems - Vinzo Yang\u0131n Korunum Sistemleri Ltd. \u015eti.","og_description":"[vc_section el_class=&#8221;testi_11&#8243; css=&#8221;.vc_custom_1591438513506{padding-right: 0px !important;padding-left: 0px !important;}&#8221;][vc_row][vc_column width=&#8221;1\/3&#8243; el_class=&#8221;left-column pull-left&#8221;][vc_raw_html]JTNDZGl2JTIwY2xhc3MlM0QlMjJ0bWMlMjBjb250YWluZXIlMjIlM0UlMEElMjAlMjAlMjAlMjAlM0NkaXYlMjBjbGFzcyUzRCUyMnJvdyUyMiUzRSUwQSUyMCUyMCUyMCUyMCUyMCUyMCUyMCUyMCUzQ2RpdiUyMGNsYXNzJTNEJTIyY29sLWxnLTQlMjBjb2wtbWQtNSUyMGNvbC1zbS01JTIwY29sLXhzLTEyJTIwbGVmdC1jb2x1bW4lMjIlM0UlMEElMjAlMjAlMjAlMjAlMjAlMjAlMjAlMjAlMjAlMjAlMjAlMjAlM0NkaXYlMjBjbGFzcyUzRCUyMnJlY2VudFRpdGxlJTIyJTNFJTNDaDUlMjBjbGFzcyUzRCUyMmg1JTIwYXMlMjIlM0VQUk9EVUNUUyUyMCUyNiUyMFNZU1RFTVMlM0MlMkZoNSUzRSUzQyUyRmRpdiUzRSUwQSUyMCUyMCUyMCUyMCUyMCUyMCUyMCUyMCUyMCUyMCUyMCUyMCUzQ2RpdiUyMGNsYXNzJTNEJTIydGV4dHdpZGdldCUyMGN1c3RvbS1odG1sLXdpZGdldCUyMiUzRSUzQyUyRmRpdiUzRSUwQSUyMCUyMCUyMCUyMCUyMCUyMCUyMCUyMCUyMCUyMCUyMCUyMCUzQ2RpdiUyMGNsYXNzJTNEJTIyd2lkZ2V0JTIwc2VydmljZS1saXN0aW5nJTIyJTNFJTBBJTIwJTIwJTIwJTIwJTIwJTIwJTIwJTIwJTIwJTIwJTIwJTIwJTIwJTIwJTIwJTIwJTNDdWwlMjBpZCUzRCUyMlNlcnZpY2UlMjIlMjBjbGFzcyUzRCUyMmNhdGVnb3J5LWxpc3QlMjBtYXJidG01MCUyMiUzRSUwQSUwOSUwOSUwOSUwOSUyMCUyMCUyMCUyMCUzQ2xpJTNFJTNDYSUyMGhyZWYlM0QlMjJodHRwcyUzQSUyRiUyRnd3dy52aW56by5jb20udHIlMkZlbiUyRndhdGVyLXN1cHByZXNzaW9uLXN5c3RlbXMlMkYlMjIlM0VXYXRlciUyMFN1cHByZXNzaW9uJTIwU3lzdGVtcyUzQyUyRmElM0UlM0MlMkZsaSUzRSUwQSUyMCUyMCUyMCUyMCUyMCUyMCUyMCUyMCUyMCUyMCUyMCUyMCUyMCUyMCUyMCUyMCUyMCUyMCUyMCUyMCUzQ2xpJTNFJTNDYSUyMGhyZWYlM0QlMjJodHRwcyUzQSUyRiUyRnd3dy52aW56by5jb20udHIlMkZlbiUyRmZvYW0tc3VwcHJlc3Npb24tc3lzdGVtcyUyRiUyMiUzRUZvYW0lMjBTdXBwcmVzc2lvbiUyMFN5c3RlbXMlM0MlMkZhJTNFJTNDJTJGbGklM0UlMEElMjAlMjAlMjAlMjAlMjAlMjAlMjAlMjAlMjAlMjAlMjAlMjAlMjAlMjAlMjAlMjAlMjAlMjAlMjAlMjAlM0NsaSUzRSUzQ2ElMjBocmVmJTNEJTIyaHR0cHMlM0ElMkYlMkZ3d3cudmluem8uY29tLnRyJTJGZW4lMkZjbGVhbi1hZ2VudC1zdXBwcmVzc2lvbi1zeXN0ZW1zJTJGJTIyJTNFQ2xlYW4lMjBBZ2VudCUyMFN1cHByZXNzaW9uJTIwU3lzdGVtcyUzQyUyRmElM0UlM0MlMkZsaSUzRSUwQSUwOSUwOSUwOSUwOSUwOSUzQ2xpJTNFJTNDYSUyMGhyZWYlM0QlMjJodHRwcyUzQSUyRiUyRnd3dy52aW56by5jb20udHIlMkZlbiUyRmluLWNhYmluZXQtZmlyZS1zdXBwcmVzc2lvbi1zeXN0ZW1zJTJGJTIyJTNFSW4tQ2FiaW5ldCUyMEZpcmUlMjBTdXBwcmVzc2lvbiUyMFN5c3RlbXMlM0MlMkZhJTNFJTNDJTJGbGklM0UlMEElMDklMDklMDklMDklMDklM0NsaSUyMGNsYXNzJTNEJTIyY3VycmVudC1tZW51LWl0ZW0lMjIlM0UlM0NhJTIwaHJlZiUzRCUyMmh0dHBzJTNBJTJGJTJGd3d3LnZpbnpvLmNvbS50ciUyRmVuJTJGa2l0Y2hlbi1ob29kLXN1cHByZXNzaW9uLXN5c3RlbXMlMkYlMjIlMjBhcmlhLWN1cnJlbnQlM0QlMjJwYWdlJTIyJTNFS2l0Y2hlbiUyMEhvb2QlMjBTdXBwcmVzc2lvbiUyMFN5c3RlbXMlM0MlMkZhJTNFJTNDJTJGbGklM0UlMEElMDklMDklMDklMDklMDklM0NsaSUzRSUzQ2ElMjBocmVmJTNEJTIyaHR0cHMlM0ElMkYlMkZ3d3cudmluem8uY29tLnRyJTJGZW4lMkZmaXJlLXB1bXAtc3lzdGVtcyUyRiUyMiUzRUZpcmUlMjBQdW1wJTIwU3lzdGVtcyUzQyUyRmElM0UlM0MlMkZsaSUzRSUwQSUwOSUwOSUwOSUwOSUwOSUzQ2xpJTNFJTNDYSUyMGhyZWYlM0QlMjJodHRwcyUzQSUyRiUyRnd3dy52aW56by5jb20udHIlMkZlbiUyRmZpcmUtZGV0ZWN0aW9uLWFuZC1zaWduYWwtc3lzdGVtcyUyRiUyMiUzRUZpcmUlMjBEZXRlY3Rpb24lMjBhbmQlMjBTaWduYWwlMjBTeXN0ZW1zJTNDJTJGYSUzRSUzQyUyRmxpJTNFJTBBJTIwJTIwJTIwJTIwJTIwJTIwJTIwJTIwJTIwJTIwJTIwJTIwJTIwJTIwJTIwJTIwJTNDJTJGdWwlM0UlMEElMjAlMjAlMjAlMjAlMjAlMjAlMjAlMjAlMjAlMjAlMjAlMjAlM0MlMkZkaXYlM0UlMEElMjAlMjAlMjAlMjAlMjAlMjAlMjAlMjAlM0MlMkZkaXYlM0UlMEElMjAlMjAlMjAlMjAlM0MlMkZkaXYlM0UlMEElM0MlMkZkaXYlM0U=[\/vc_raw_html][\/vc_column][vc_column width=&#8221;2\/3&#8243; el_class=&#8221;faq-mobile-margin&#8221;][tmc_single_service image=&#8221;4298&#8243;] Kitchen Hood Suppression Systems Kitchen sections within the buildings contain serious fire risks within themselves, separate from the building. The unexpected ignition of the fats accumulated in the interior of the hoods in the kitchens and in the cooking units creates a [&hellip;]","og_url":"https:\/\/www.vinzo.com.tr\/en\/kitchen-hood-suppression-systems\/","og_site_name":"Vinzo Yang\u0131n Korunum Sistemleri Ltd. \u015eti.","article_modified_time":"2021-01-31T10:49:55+00:00","og_image":[{"url":"https:\/\/www.vinzo.com.tr\/wp-content\/uploads\/2019\/05\/li.png","type":"","width":"","height":""}],"twitter_card":"summary_large_image","twitter_site":"@vinzoyangin","twitter_misc":{"Est. reading time":"3 minutes"},"schema":{"@context":"https:\/\/schema.org","@graph":[{"@type":"WebPage","@id":"https:\/\/www.vinzo.com.tr\/en\/kitchen-hood-suppression-systems\/","url":"https:\/\/www.vinzo.com.tr\/en\/kitchen-hood-suppression-systems\/","name":"Kitchen Hood Suppression Systems - Vinzo Yang\u0131n Korunum Sistemleri Ltd. \u015eti.","isPartOf":{"@id":"https:\/\/www.vinzo.com.tr\/en\/#website"},"primaryImageOfPage":{"@id":"https:\/\/www.vinzo.com.tr\/en\/kitchen-hood-suppression-systems\/#primaryimage"},"image":{"@id":"https:\/\/www.vinzo.com.tr\/en\/kitchen-hood-suppression-systems\/#primaryimage"},"thumbnailUrl":"https:\/\/www.vinzo.com.tr\/wp-content\/uploads\/2019\/05\/li.png","datePublished":"2021-01-25T21:07:55+00:00","dateModified":"2021-01-31T10:49:55+00:00","breadcrumb":{"@id":"https:\/\/www.vinzo.com.tr\/en\/kitchen-hood-suppression-systems\/#breadcrumb"},"inLanguage":"en-US","potentialAction":[{"@type":"ReadAction","target":["https:\/\/www.vinzo.com.tr\/en\/kitchen-hood-suppression-systems\/"]}]},{"@type":"ImageObject","inLanguage":"en-US","@id":"https:\/\/www.vinzo.com.tr\/en\/kitchen-hood-suppression-systems\/#primaryimage","url":"https:\/\/www.vinzo.com.tr\/wp-content\/uploads\/2019\/05\/li.png","contentUrl":"https:\/\/www.vinzo.com.tr\/wp-content\/uploads\/2019\/05\/li.png"},{"@type":"BreadcrumbList","@id":"https:\/\/www.vinzo.com.tr\/en\/kitchen-hood-suppression-systems\/#breadcrumb","itemListElement":[{"@type":"ListItem","position":1,"name":"Anasayfa","item":"https:\/\/www.vinzo.com.tr\/en\/"},{"@type":"ListItem","position":2,"name":"Kitchen Hood Suppression Systems"}]},{"@type":"WebSite","@id":"https:\/\/www.vinzo.com.tr\/en\/#website","url":"https:\/\/www.vinzo.com.tr\/en\/","name":"Vinzo Yang\u0131n Korunum Sistemleri Ltd. \u015eti.","description":"Yang\u0131n alg\u0131lama ve yang\u0131n s\u00f6nd\u00fcrme sistemleri.","publisher":{"@id":"https:\/\/www.vinzo.com.tr\/en\/#organization"},"potentialAction":[{"@type":"SearchAction","target":{"@type":"EntryPoint","urlTemplate":"https:\/\/www.vinzo.com.tr\/en\/?s={search_term_string}"},"query-input":{"@type":"PropertyValueSpecification","valueRequired":true,"valueName":"search_term_string"}}],"inLanguage":"en-US"},{"@type":"Organization","@id":"https:\/\/www.vinzo.com.tr\/en\/#organization","name":"Vinzo Yang\u0131n Korunum Sistemleri Ltd. \u015eti.","url":"https:\/\/www.vinzo.com.tr\/en\/","logo":{"@type":"ImageObject","inLanguage":"en-US","@id":"https:\/\/www.vinzo.com.tr\/en\/#\/schema\/logo\/image\/","url":"https:\/\/www.vinzo.com.tr\/wp-content\/uploads\/2021\/01\/vinzo-logo1.png","contentUrl":"https:\/\/www.vinzo.com.tr\/wp-content\/uploads\/2021\/01\/vinzo-logo1.png","width":151,"height":64,"caption":"Vinzo Yang\u0131n Korunum Sistemleri Ltd. \u015eti."},"image":{"@id":"https:\/\/www.vinzo.com.tr\/en\/#\/schema\/logo\/image\/"},"sameAs":["https:\/\/x.com\/vinzoyangin","https:\/\/www.instagram.com\/vinzoyangin\/","https:\/\/www.linkedin.com\/company\/vinzo-yang\u0131n-korunum-sistemleri-ltd-\u015fti","https:\/\/www.youtube.com\/channel\/UCC9Ft-4-cJWpJvCG_Rd3dKQ"]}]}},"jetpack_sharing_enabled":true,"_links":{"self":[{"href":"https:\/\/www.vinzo.com.tr\/en\/wp-json\/wp\/v2\/pages\/4643","targetHints":{"allow":["GET"]}}],"collection":[{"href":"https:\/\/www.vinzo.com.tr\/en\/wp-json\/wp\/v2\/pages"}],"about":[{"href":"https:\/\/www.vinzo.com.tr\/en\/wp-json\/wp\/v2\/types\/page"}],"author":[{"embeddable":true,"href":"https:\/\/www.vinzo.com.tr\/en\/wp-json\/wp\/v2\/users\/1"}],"replies":[{"embeddable":true,"href":"https:\/\/www.vinzo.com.tr\/en\/wp-json\/wp\/v2\/comments?post=4643"}],"version-history":[{"count":0,"href":"https:\/\/www.vinzo.com.tr\/en\/wp-json\/wp\/v2\/pages\/4643\/revisions"}],"wp:attachment":[{"href":"https:\/\/www.vinzo.com.tr\/en\/wp-json\/wp\/v2\/media?parent=4643"}],"curies":[{"name":"wp","href":"https:\/\/api.w.org\/{rel}","templated":true}]}}