{"id":4567,"date":"2021-01-25T18:04:41","date_gmt":"2021-01-25T18:04:41","guid":{"rendered":"https:\/\/www.vinzo.com.tr\/anasayfa\/proje-tasarim\/"},"modified":"2021-01-31T10:51:22","modified_gmt":"2021-01-31T10:51:22","slug":"project-design","status":"publish","type":"page","link":"https:\/\/www.vinzo.com.tr\/en\/project-design\/","title":{"rendered":"Project Design"},"content":{"rendered":"<p>[vc_section el_class=&#8221;testi_11&#8243; css=&#8221;.vc_custom_1591438513506{padding-right: 0px !important;padding-left: 0px !important;}&#8221;][vc_row][vc_column width=&#8221;1\/3&#8243; el_class=&#8221;left-column pull-left&#8221;][vc_raw_html]JTNDZGl2JTIwY2xhc3MlM0QlMjJ0bWMlMjBjb250YWluZXIlMjIlM0UlMEElMjAlMjAlMjAlMjAlM0NkaXYlMjBjbGFzcyUzRCUyMnJvdyUyMiUzRSUwQSUyMCUyMCUyMCUyMCUyMCUyMCUyMCUyMCUzQ2RpdiUyMGNsYXNzJTNEJTIyY29sLWxnLTQlMjBjb2wtbWQtNSUyMGNvbC1zbS01JTIwY29sLXhzLTEyJTIwbGVmdC1jb2x1bW4lMjIlM0UlMEElMjAlMjAlMjAlMjAlMjAlMjAlMjAlMjAlMjAlMjAlMjAlMjAlM0NkaXYlMjBjbGFzcyUzRCUyMnJlY2VudFRpdGxlJTIyJTNFJTNDaDUlMjBjbGFzcyUzRCUyMmg1JTIwYXMlMjIlM0VTRVJWSUNFUyUzQyUyRmg1JTNFJTNDJTJGZGl2JTNFJTBBJTIwJTIwJTIwJTIwJTIwJTIwJTIwJTIwJTIwJTIwJTIwJTIwJTNDZGl2JTIwY2xhc3MlM0QlMjJ0ZXh0d2lkZ2V0JTIwY3VzdG9tLWh0bWwtd2lkZ2V0JTIyJTNFJTNDJTJGZGl2JTNFJTBBJTIwJTIwJTIwJTIwJTIwJTIwJTIwJTIwJTIwJTIwJTIwJTIwJTNDZGl2JTIwY2xhc3MlM0QlMjJ3aWRnZXQlMjBzZXJ2aWNlLWxpc3RpbmclMjIlM0UlMEElMjAlMjAlMjAlMjAlMjAlMjAlMjAlMjAlMjAlMjAlMjAlMjAlMjAlMjAlMjAlMjAlM0N1bCUyMGlkJTNEJTIyU2VydmljZSUyMiUyMGNsYXNzJTNEJTIyY2F0ZWdvcnktbGlzdCUyMG1hcmJ0bTUwJTIyJTNFJTBBJTA5JTA5JTA5JTA5JTIwJTIwJTIwJTIwJTNDbGklMjBjbGFzcyUzRCUyMmN1cnJlbnQtbWVudS1pdGVtJTIyJTNFJTNDYSUyMGhyZWYlM0QlMjJodHRwcyUzQSUyRiUyRnd3dy52aW56by5jb20udHIlMkZlbiUyRnByb2plY3QtZGVzaWduJTJGJTIyJTIwYXJpYS1jdXJyZW50JTNEJTIycGFnZSUyMiUzRVByb2plY3QlMjBEZXNpZ24lM0MlMkZhJTNFJTNDJTJGbGklM0UlMEElMjAlMjAlMjAlMjAlMjAlMjAlMjAlMjAlMjAlMjAlMjAlMjAlMjAlMjAlMjAlMjAlMjAlMjAlMjAlMjAlM0NsaSUzRSUzQ2ElMjBocmVmJTNEJTIyaHR0cHMlM0ElMkYlMkZ3d3cudmluem8uY29tLnRyJTJGZW4lMkZzdXBlcnZpc2lvbi1zdGFydC11cCUyRiUyMiUzRVN1cGVydmlzaW9uJTIwJTI2JTIwU3RhcnQtdXAlM0MlMkZhJTNFJTNDJTJGbGklM0UlMEElMjAlMjAlMjAlMjAlMjAlMjAlMjAlMjAlMjAlMjAlMjAlMjAlMjAlMjAlMjAlMjAlMjAlMjAlMjAlMjAlM0NsaSUzRSUzQ2ElMjBocmVmJTNEJTIyaHR0cHMlM0ElMkYlMkZ3d3cudmluem8uY29tLnRyJTJGZW4lMkZtYWludGVuYW5jZS1yZXBhaXIlMkYlMjIlM0VNYWludGVuYW5jZSUyMCUyNiUyMFJlcGFpciUzQyUyRmElM0UlM0MlMkZsaSUzRSUwQSUyMCUyMCUyMCUyMCUyMCUyMCUyMCUyMCUyMCUyMCUyMCUyMCUyMCUyMCUyMCUyMCUyMCUyMCUyMCUyMCUzQ2xpJTNFJTNDYSUyMGhyZWYlM0QlMjJodHRwcyUzQSUyRiUyRnd3dy52aW56by5jb20udHIlMkZlbiUyRnJvb20taW50ZWdyaXR5LXRlc3QlMkYlMjIlM0VSb29tJTIwSW50ZWdyaXR5JTIwVGVzdCUzQyUyRmElM0UlM0MlMkZsaSUzRSUwQSUyMCUyMCUyMCUyMCUyMCUyMCUyMCUyMCUyMCUyMCUyMCUyMCUyMCUyMCUyMCUyMCUzQyUyRnVsJTNFJTBBJTIwJTIwJTIwJTIwJTIwJTIwJTIwJTIwJTIwJTIwJTIwJTIwJTNDJTJGZGl2JTNFJTBBJTIwJTIwJTIwJTIwJTIwJTIwJTIwJTIwJTNDJTJGZGl2JTNFJTBBJTIwJTIwJTIwJTIwJTNDJTJGZGl2JTNFJTBBJTNDJTJGZGl2JTNF[\/vc_raw_html][\/vc_column][vc_column width=&#8221;2\/3&#8243; el_class=&#8221;faq-mobile-margin&#8221;][tmc_single_service image=&#8221;4355&#8243;]<\/p>\n<h3 style=\"text-align: justify;\"><span style=\"color: #2d78c7;\">Project Design<\/span><\/h3>\n<p style=\"text-align: justify;\">VINZO is able to complete all project, design and calculation studies within its own structure with its experienced staff in design and project planning.<br \/>\nWhile designing and projecting works, international standards such as NFPA, FM, EN, ISO are taken as basis.<\/p>\n<p style=\"text-align: justify;\"><strong><span style=\"color: #2d78c7;\">Our engineering services are including;<\/span><\/strong><\/p>\n<p style=\"text-align: justify;\">Pre-site exploration studies by our fire systems design specialist engineers with pre-design architectural projects and on-site examination of the details,<\/p>\n<p style=\"text-align: justify;\">Determination of department by section risk groups in accordance with the usage characteristics of the facilities according to local regulations and international standards,<\/p>\n<p style=\"text-align: justify;\">Designing suitable systems with approved products according to the determined risk groups and performing optimization studies,<\/p>\n<p style=\"text-align: justify;\">Creating fire scenarios and including additional measures according to customer expectations,<\/p>\n<p style=\"text-align: justify;\">Engineering calculations (hydraulic calculations) of the designed systems.<\/p>\n<hr \/>\n<p>[\/tmc_single_service][vc_single_image image=&#8221;4885&#8243; img_size=&#8221;846&#215;210&#8243; onclick=&#8221;custom_link&#8221; link=&#8221;https:\/\/www.vinzo.com.tr\/iletisim&#8221;][\/vc_column][\/vc_row][\/vc_section]<\/p>\n","protected":false},"excerpt":{"rendered":"<p>[vc_section el_class=&#8221;testi_11&#8243; css=&#8221;.vc_custom_1591438513506{padding-right: 0px !important;padding-left: 0px !important;}&#8221;][vc_row][vc_column width=&#8221;1\/3&#8243; el_class=&#8221;left-column pull-left&#8221;][vc_raw_html]JTNDZGl2JTIwY2xhc3MlM0QlMjJ0bWMlMjBjb250YWluZXIlMjIlM0UlMEElMjAlMjAlMjAlMjAlM0NkaXYlMjBjbGFzcyUzRCUyMnJvdyUyMiUzRSUwQSUyMCUyMCUyMCUyMCUyMCUyMCUyMCUyMCUzQ2RpdiUyMGNsYXNzJTNEJTIyY29sLWxnLTQlMjBjb2wtbWQtNSUyMGNvbC1zbS01JTIwY29sLXhzLTEyJTIwbGVmdC1jb2x1bW4lMjIlM0UlMEElMjAlMjAlMjAlMjAlMjAlMjAlMjAlMjAlMjAlMjAlMjAlMjAlM0NkaXYlMjBjbGFzcyUzRCUyMnJlY2VudFRpdGxlJTIyJTNFJTNDaDUlMjBjbGFzcyUzRCUyMmg1JTIwYXMlMjIlM0VTRVJWSUNFUyUzQyUyRmg1JTNFJTNDJTJGZGl2JTNFJTBBJTIwJTIwJTIwJTIwJTIwJTIwJTIwJTIwJTIwJTIwJTIwJTIwJTNDZGl2JTIwY2xhc3MlM0QlMjJ0ZXh0d2lkZ2V0JTIwY3VzdG9tLWh0bWwtd2lkZ2V0JTIyJTNFJTNDJTJGZGl2JTNFJTBBJTIwJTIwJTIwJTIwJTIwJTIwJTIwJTIwJTIwJTIwJTIwJTIwJTNDZGl2JTIwY2xhc3MlM0QlMjJ3aWRnZXQlMjBzZXJ2aWNlLWxpc3RpbmclMjIlM0UlMEElMjAlMjAlMjAlMjAlMjAlMjAlMjAlMjAlMjAlMjAlMjAlMjAlMjAlMjAlMjAlMjAlM0N1bCUyMGlkJTNEJTIyU2VydmljZSUyMiUyMGNsYXNzJTNEJTIyY2F0ZWdvcnktbGlzdCUyMG1hcmJ0bTUwJTIyJTNFJTBBJTA5JTA5JTA5JTA5JTIwJTIwJTIwJTIwJTNDbGklMjBjbGFzcyUzRCUyMmN1cnJlbnQtbWVudS1pdGVtJTIyJTNFJTNDYSUyMGhyZWYlM0QlMjJodHRwcyUzQSUyRiUyRnd3dy52aW56by5jb20udHIlMkZlbiUyRnByb2plY3QtZGVzaWduJTJGJTIyJTIwYXJpYS1jdXJyZW50JTNEJTIycGFnZSUyMiUzRVByb2plY3QlMjBEZXNpZ24lM0MlMkZhJTNFJTNDJTJGbGklM0UlMEElMjAlMjAlMjAlMjAlMjAlMjAlMjAlMjAlMjAlMjAlMjAlMjAlMjAlMjAlMjAlMjAlMjAlMjAlMjAlMjAlM0NsaSUzRSUzQ2ElMjBocmVmJTNEJTIyaHR0cHMlM0ElMkYlMkZ3d3cudmluem8uY29tLnRyJTJGZW4lMkZzdXBlcnZpc2lvbi1zdGFydC11cCUyRiUyMiUzRVN1cGVydmlzaW9uJTIwJTI2JTIwU3RhcnQtdXAlM0MlMkZhJTNFJTNDJTJGbGklM0UlMEElMjAlMjAlMjAlMjAlMjAlMjAlMjAlMjAlMjAlMjAlMjAlMjAlMjAlMjAlMjAlMjAlMjAlMjAlMjAlMjAlM0NsaSUzRSUzQ2ElMjBocmVmJTNEJTIyaHR0cHMlM0ElMkYlMkZ3d3cudmluem8uY29tLnRyJTJGZW4lMkZtYWludGVuYW5jZS1yZXBhaXIlMkYlMjIlM0VNYWludGVuYW5jZSUyMCUyNiUyMFJlcGFpciUzQyUyRmElM0UlM0MlMkZsaSUzRSUwQSUyMCUyMCUyMCUyMCUyMCUyMCUyMCUyMCUyMCUyMCUyMCUyMCUyMCUyMCUyMCUyMCUyMCUyMCUyMCUyMCUzQ2xpJTNFJTNDYSUyMGhyZWYlM0QlMjJodHRwcyUzQSUyRiUyRnd3dy52aW56by5jb20udHIlMkZlbiUyRnJvb20taW50ZWdyaXR5LXRlc3QlMkYlMjIlM0VSb29tJTIwSW50ZWdyaXR5JTIwVGVzdCUzQyUyRmElM0UlM0MlMkZsaSUzRSUwQSUyMCUyMCUyMCUyMCUyMCUyMCUyMCUyMCUyMCUyMCUyMCUyMCUyMCUyMCUyMCUyMCUzQyUyRnVsJTNFJTBBJTIwJTIwJTIwJTIwJTIwJTIwJTIwJTIwJTIwJTIwJTIwJTIwJTNDJTJGZGl2JTNFJTBBJTIwJTIwJTIwJTIwJTIwJTIwJTIwJTIwJTNDJTJGZGl2JTNFJTBBJTIwJTIwJTIwJTIwJTNDJTJGZGl2JTNFJTBBJTNDJTJGZGl2JTNF[\/vc_raw_html][\/vc_column][vc_column width=&#8221;2\/3&#8243; el_class=&#8221;faq-mobile-margin&#8221;][tmc_single_service image=&#8221;4355&#8243;] Project Design VINZO is able to complete all project, design and calculation studies within its own structure with its experienced staff in design and project planning. While designing and projecting works, international standards such as NFPA, FM, EN, ISO are taken as [&hellip;]<\/p>\n","protected":false},"author":1,"featured_media":0,"parent":0,"menu_order":0,"comment_status":"closed","ping_status":"closed","template":"","meta":{"footnotes":""},"class_list":["post-4567","page","type-page","status-publish","hentry"],"yoast_head":"<!-- This site is optimized with the Yoast SEO plugin v26.7 - https:\/\/yoast.com\/wordpress\/plugins\/seo\/ -->\n<title>Project Design - Vinzo Yang\u0131n Korunum Sistemleri Ltd. \u015eti.<\/title>\n<meta name=\"robots\" content=\"index, follow, max-snippet:-1, max-image-preview:large, max-video-preview:-1\" \/>\n<link rel=\"canonical\" href=\"https:\/\/www.vinzo.com.tr\/en\/project-design\/\" \/>\n<meta property=\"og:locale\" content=\"en_US\" \/>\n<meta property=\"og:type\" content=\"article\" \/>\n<meta property=\"og:title\" content=\"Project Design - Vinzo Yang\u0131n Korunum Sistemleri Ltd. \u015eti.\" \/>\n<meta property=\"og:description\" content=\"[vc_section el_class=&#8221;testi_11&#8243; css=&#8221;.vc_custom_1591438513506{padding-right: 0px !important;padding-left: 0px !important;}&#8221;][vc_row][vc_column width=&#8221;1\/3&#8243; el_class=&#8221;left-column pull-left&#8221;][vc_raw_html]JTNDZGl2JTIwY2xhc3MlM0QlMjJ0bWMlMjBjb250YWluZXIlMjIlM0UlMEElMjAlMjAlMjAlMjAlM0NkaXYlMjBjbGFzcyUzRCUyMnJvdyUyMiUzRSUwQSUyMCUyMCUyMCUyMCUyMCUyMCUyMCUyMCUzQ2RpdiUyMGNsYXNzJTNEJTIyY29sLWxnLTQlMjBjb2wtbWQtNSUyMGNvbC1zbS01JTIwY29sLXhzLTEyJTIwbGVmdC1jb2x1bW4lMjIlM0UlMEElMjAlMjAlMjAlMjAlMjAlMjAlMjAlMjAlMjAlMjAlMjAlMjAlM0NkaXYlMjBjbGFzcyUzRCUyMnJlY2VudFRpdGxlJTIyJTNFJTNDaDUlMjBjbGFzcyUzRCUyMmg1JTIwYXMlMjIlM0VTRVJWSUNFUyUzQyUyRmg1JTNFJTNDJTJGZGl2JTNFJTBBJTIwJTIwJTIwJTIwJTIwJTIwJTIwJTIwJTIwJTIwJTIwJTIwJTNDZGl2JTIwY2xhc3MlM0QlMjJ0ZXh0d2lkZ2V0JTIwY3VzdG9tLWh0bWwtd2lkZ2V0JTIyJTNFJTNDJTJGZGl2JTNFJTBBJTIwJTIwJTIwJTIwJTIwJTIwJTIwJTIwJTIwJTIwJTIwJTIwJTNDZGl2JTIwY2xhc3MlM0QlMjJ3aWRnZXQlMjBzZXJ2aWNlLWxpc3RpbmclMjIlM0UlMEElMjAlMjAlMjAlMjAlMjAlMjAlMjAlMjAlMjAlMjAlMjAlMjAlMjAlMjAlMjAlMjAlM0N1bCUyMGlkJTNEJTIyU2VydmljZSUyMiUyMGNsYXNzJTNEJTIyY2F0ZWdvcnktbGlzdCUyMG1hcmJ0bTUwJTIyJTNFJTBBJTA5JTA5JTA5JTA5JTIwJTIwJTIwJTIwJTNDbGklMjBjbGFzcyUzRCUyMmN1cnJlbnQtbWVudS1pdGVtJTIyJTNFJTNDYSUyMGhyZWYlM0QlMjJodHRwcyUzQSUyRiUyRnd3dy52aW56by5jb20udHIlMkZlbiUyRnByb2plY3QtZGVzaWduJTJGJTIyJTIwYXJpYS1jdXJyZW50JTNEJTIycGFnZSUyMiUzRVByb2plY3QlMjBEZXNpZ24lM0MlMkZhJTNFJTNDJTJGbGklM0UlMEElMjAlMjAlMjAlMjAlMjAlMjAlMjAlMjAlMjAlMjAlMjAlMjAlMjAlMjAlMjAlMjAlMjAlMjAlMjAlMjAlM0NsaSUzRSUzQ2ElMjBocmVmJTNEJTIyaHR0cHMlM0ElMkYlMkZ3d3cudmluem8uY29tLnRyJTJGZW4lMkZzdXBlcnZpc2lvbi1zdGFydC11cCUyRiUyMiUzRVN1cGVydmlzaW9uJTIwJTI2JTIwU3RhcnQtdXAlM0MlMkZhJTNFJTNDJTJGbGklM0UlMEElMjAlMjAlMjAlMjAlMjAlMjAlMjAlMjAlMjAlMjAlMjAlMjAlMjAlMjAlMjAlMjAlMjAlMjAlMjAlMjAlM0NsaSUzRSUzQ2ElMjBocmVmJTNEJTIyaHR0cHMlM0ElMkYlMkZ3d3cudmluem8uY29tLnRyJTJGZW4lMkZtYWludGVuYW5jZS1yZXBhaXIlMkYlMjIlM0VNYWludGVuYW5jZSUyMCUyNiUyMFJlcGFpciUzQyUyRmElM0UlM0MlMkZsaSUzRSUwQSUyMCUyMCUyMCUyMCUyMCUyMCUyMCUyMCUyMCUyMCUyMCUyMCUyMCUyMCUyMCUyMCUyMCUyMCUyMCUyMCUzQ2xpJTNFJTNDYSUyMGhyZWYlM0QlMjJodHRwcyUzQSUyRiUyRnd3dy52aW56by5jb20udHIlMkZlbiUyRnJvb20taW50ZWdyaXR5LXRlc3QlMkYlMjIlM0VSb29tJTIwSW50ZWdyaXR5JTIwVGVzdCUzQyUyRmElM0UlM0MlMkZsaSUzRSUwQSUyMCUyMCUyMCUyMCUyMCUyMCUyMCUyMCUyMCUyMCUyMCUyMCUyMCUyMCUyMCUyMCUzQyUyRnVsJTNFJTBBJTIwJTIwJTIwJTIwJTIwJTIwJTIwJTIwJTIwJTIwJTIwJTIwJTNDJTJGZGl2JTNFJTBBJTIwJTIwJTIwJTIwJTIwJTIwJTIwJTIwJTNDJTJGZGl2JTNFJTBBJTIwJTIwJTIwJTIwJTNDJTJGZGl2JTNFJTBBJTNDJTJGZGl2JTNF[\/vc_raw_html][\/vc_column][vc_column width=&#8221;2\/3&#8243; el_class=&#8221;faq-mobile-margin&#8221;][tmc_single_service image=&#8221;4355&#8243;] Project Design VINZO is able to complete all project, design and calculation studies within its own structure with its experienced staff in design and project planning. While designing and projecting works, international standards such as NFPA, FM, EN, ISO are taken as [&hellip;]\" \/>\n<meta property=\"og:url\" content=\"https:\/\/www.vinzo.com.tr\/en\/project-design\/\" \/>\n<meta property=\"og:site_name\" content=\"Vinzo Yang\u0131n Korunum Sistemleri Ltd. \u015eti.\" \/>\n<meta property=\"article:modified_time\" content=\"2021-01-31T10:51:22+00:00\" \/>\n<meta property=\"og:image\" content=\"https:\/\/www.vinzo.com.tr\/wp-content\/uploads\/2021\/01\/vinzo-logo1.png\" \/>\n\t<meta property=\"og:image:width\" content=\"151\" \/>\n\t<meta property=\"og:image:height\" content=\"64\" \/>\n\t<meta property=\"og:image:type\" content=\"image\/png\" \/>\n<meta name=\"twitter:card\" content=\"summary_large_image\" \/>\n<meta name=\"twitter:site\" content=\"@vinzoyangin\" \/>\n<meta name=\"twitter:label1\" content=\"Est. reading time\" \/>\n\t<meta name=\"twitter:data1\" content=\"2 minutes\" \/>\n<script type=\"application\/ld+json\" class=\"yoast-schema-graph\">{\"@context\":\"https:\/\/schema.org\",\"@graph\":[{\"@type\":\"WebPage\",\"@id\":\"https:\/\/www.vinzo.com.tr\/en\/project-design\/\",\"url\":\"https:\/\/www.vinzo.com.tr\/en\/project-design\/\",\"name\":\"Project Design - Vinzo Yang\u0131n Korunum Sistemleri Ltd. \u015eti.\",\"isPartOf\":{\"@id\":\"https:\/\/www.vinzo.com.tr\/en\/#website\"},\"datePublished\":\"2021-01-25T18:04:41+00:00\",\"dateModified\":\"2021-01-31T10:51:22+00:00\",\"breadcrumb\":{\"@id\":\"https:\/\/www.vinzo.com.tr\/en\/project-design\/#breadcrumb\"},\"inLanguage\":\"en-US\",\"potentialAction\":[{\"@type\":\"ReadAction\",\"target\":[\"https:\/\/www.vinzo.com.tr\/en\/project-design\/\"]}]},{\"@type\":\"BreadcrumbList\",\"@id\":\"https:\/\/www.vinzo.com.tr\/en\/project-design\/#breadcrumb\",\"itemListElement\":[{\"@type\":\"ListItem\",\"position\":1,\"name\":\"Anasayfa\",\"item\":\"https:\/\/www.vinzo.com.tr\/en\/\"},{\"@type\":\"ListItem\",\"position\":2,\"name\":\"Project Design\"}]},{\"@type\":\"WebSite\",\"@id\":\"https:\/\/www.vinzo.com.tr\/en\/#website\",\"url\":\"https:\/\/www.vinzo.com.tr\/en\/\",\"name\":\"Vinzo Yang\u0131n Korunum Sistemleri Ltd. \u015eti.\",\"description\":\"Yang\u0131n alg\u0131lama ve yang\u0131n s\u00f6nd\u00fcrme sistemleri.\",\"publisher\":{\"@id\":\"https:\/\/www.vinzo.com.tr\/en\/#organization\"},\"potentialAction\":[{\"@type\":\"SearchAction\",\"target\":{\"@type\":\"EntryPoint\",\"urlTemplate\":\"https:\/\/www.vinzo.com.tr\/en\/?s={search_term_string}\"},\"query-input\":{\"@type\":\"PropertyValueSpecification\",\"valueRequired\":true,\"valueName\":\"search_term_string\"}}],\"inLanguage\":\"en-US\"},{\"@type\":\"Organization\",\"@id\":\"https:\/\/www.vinzo.com.tr\/en\/#organization\",\"name\":\"Vinzo Yang\u0131n Korunum Sistemleri Ltd. \u015eti.\",\"url\":\"https:\/\/www.vinzo.com.tr\/en\/\",\"logo\":{\"@type\":\"ImageObject\",\"inLanguage\":\"en-US\",\"@id\":\"https:\/\/www.vinzo.com.tr\/en\/#\/schema\/logo\/image\/\",\"url\":\"https:\/\/www.vinzo.com.tr\/wp-content\/uploads\/2021\/01\/vinzo-logo1.png\",\"contentUrl\":\"https:\/\/www.vinzo.com.tr\/wp-content\/uploads\/2021\/01\/vinzo-logo1.png\",\"width\":151,\"height\":64,\"caption\":\"Vinzo Yang\u0131n Korunum Sistemleri Ltd. \u015eti.\"},\"image\":{\"@id\":\"https:\/\/www.vinzo.com.tr\/en\/#\/schema\/logo\/image\/\"},\"sameAs\":[\"https:\/\/x.com\/vinzoyangin\",\"https:\/\/www.instagram.com\/vinzoyangin\/\",\"https:\/\/www.linkedin.com\/company\/vinzo-yang\u0131n-korunum-sistemleri-ltd-\u015fti\",\"https:\/\/www.youtube.com\/channel\/UCC9Ft-4-cJWpJvCG_Rd3dKQ\"]}]}<\/script>\n<!-- \/ Yoast SEO plugin. -->","yoast_head_json":{"title":"Project Design - Vinzo Yang\u0131n Korunum Sistemleri Ltd. \u015eti.","robots":{"index":"index","follow":"follow","max-snippet":"max-snippet:-1","max-image-preview":"max-image-preview:large","max-video-preview":"max-video-preview:-1"},"canonical":"https:\/\/www.vinzo.com.tr\/en\/project-design\/","og_locale":"en_US","og_type":"article","og_title":"Project Design - Vinzo Yang\u0131n Korunum Sistemleri Ltd. \u015eti.","og_description":"[vc_section el_class=&#8221;testi_11&#8243; css=&#8221;.vc_custom_1591438513506{padding-right: 0px !important;padding-left: 0px !important;}&#8221;][vc_row][vc_column width=&#8221;1\/3&#8243; el_class=&#8221;left-column pull-left&#8221;][vc_raw_html]JTNDZGl2JTIwY2xhc3MlM0QlMjJ0bWMlMjBjb250YWluZXIlMjIlM0UlMEElMjAlMjAlMjAlMjAlM0NkaXYlMjBjbGFzcyUzRCUyMnJvdyUyMiUzRSUwQSUyMCUyMCUyMCUyMCUyMCUyMCUyMCUyMCUzQ2RpdiUyMGNsYXNzJTNEJTIyY29sLWxnLTQlMjBjb2wtbWQtNSUyMGNvbC1zbS01JTIwY29sLXhzLTEyJTIwbGVmdC1jb2x1bW4lMjIlM0UlMEElMjAlMjAlMjAlMjAlMjAlMjAlMjAlMjAlMjAlMjAlMjAlMjAlM0NkaXYlMjBjbGFzcyUzRCUyMnJlY2VudFRpdGxlJTIyJTNFJTNDaDUlMjBjbGFzcyUzRCUyMmg1JTIwYXMlMjIlM0VTRVJWSUNFUyUzQyUyRmg1JTNFJTNDJTJGZGl2JTNFJTBBJTIwJTIwJTIwJTIwJTIwJTIwJTIwJTIwJTIwJTIwJTIwJTIwJTNDZGl2JTIwY2xhc3MlM0QlMjJ0ZXh0d2lkZ2V0JTIwY3VzdG9tLWh0bWwtd2lkZ2V0JTIyJTNFJTNDJTJGZGl2JTNFJTBBJTIwJTIwJTIwJTIwJTIwJTIwJTIwJTIwJTIwJTIwJTIwJTIwJTNDZGl2JTIwY2xhc3MlM0QlMjJ3aWRnZXQlMjBzZXJ2aWNlLWxpc3RpbmclMjIlM0UlMEElMjAlMjAlMjAlMjAlMjAlMjAlMjAlMjAlMjAlMjAlMjAlMjAlMjAlMjAlMjAlMjAlM0N1bCUyMGlkJTNEJTIyU2VydmljZSUyMiUyMGNsYXNzJTNEJTIyY2F0ZWdvcnktbGlzdCUyMG1hcmJ0bTUwJTIyJTNFJTBBJTA5JTA5JTA5JTA5JTIwJTIwJTIwJTIwJTNDbGklMjBjbGFzcyUzRCUyMmN1cnJlbnQtbWVudS1pdGVtJTIyJTNFJTNDYSUyMGhyZWYlM0QlMjJodHRwcyUzQSUyRiUyRnd3dy52aW56by5jb20udHIlMkZlbiUyRnByb2plY3QtZGVzaWduJTJGJTIyJTIwYXJpYS1jdXJyZW50JTNEJTIycGFnZSUyMiUzRVByb2plY3QlMjBEZXNpZ24lM0MlMkZhJTNFJTNDJTJGbGklM0UlMEElMjAlMjAlMjAlMjAlMjAlMjAlMjAlMjAlMjAlMjAlMjAlMjAlMjAlMjAlMjAlMjAlMjAlMjAlMjAlMjAlM0NsaSUzRSUzQ2ElMjBocmVmJTNEJTIyaHR0cHMlM0ElMkYlMkZ3d3cudmluem8uY29tLnRyJTJGZW4lMkZzdXBlcnZpc2lvbi1zdGFydC11cCUyRiUyMiUzRVN1cGVydmlzaW9uJTIwJTI2JTIwU3RhcnQtdXAlM0MlMkZhJTNFJTNDJTJGbGklM0UlMEElMjAlMjAlMjAlMjAlMjAlMjAlMjAlMjAlMjAlMjAlMjAlMjAlMjAlMjAlMjAlMjAlMjAlMjAlMjAlMjAlM0NsaSUzRSUzQ2ElMjBocmVmJTNEJTIyaHR0cHMlM0ElMkYlMkZ3d3cudmluem8uY29tLnRyJTJGZW4lMkZtYWludGVuYW5jZS1yZXBhaXIlMkYlMjIlM0VNYWludGVuYW5jZSUyMCUyNiUyMFJlcGFpciUzQyUyRmElM0UlM0MlMkZsaSUzRSUwQSUyMCUyMCUyMCUyMCUyMCUyMCUyMCUyMCUyMCUyMCUyMCUyMCUyMCUyMCUyMCUyMCUyMCUyMCUyMCUyMCUzQ2xpJTNFJTNDYSUyMGhyZWYlM0QlMjJodHRwcyUzQSUyRiUyRnd3dy52aW56by5jb20udHIlMkZlbiUyRnJvb20taW50ZWdyaXR5LXRlc3QlMkYlMjIlM0VSb29tJTIwSW50ZWdyaXR5JTIwVGVzdCUzQyUyRmElM0UlM0MlMkZsaSUzRSUwQSUyMCUyMCUyMCUyMCUyMCUyMCUyMCUyMCUyMCUyMCUyMCUyMCUyMCUyMCUyMCUyMCUzQyUyRnVsJTNFJTBBJTIwJTIwJTIwJTIwJTIwJTIwJTIwJTIwJTIwJTIwJTIwJTIwJTNDJTJGZGl2JTNFJTBBJTIwJTIwJTIwJTIwJTIwJTIwJTIwJTIwJTNDJTJGZGl2JTNFJTBBJTIwJTIwJTIwJTIwJTNDJTJGZGl2JTNFJTBBJTNDJTJGZGl2JTNF[\/vc_raw_html][\/vc_column][vc_column width=&#8221;2\/3&#8243; el_class=&#8221;faq-mobile-margin&#8221;][tmc_single_service image=&#8221;4355&#8243;] Project Design VINZO is able to complete all project, design and calculation studies within its own structure with its experienced staff in design and project planning. While designing and projecting works, international standards such as NFPA, FM, EN, ISO are taken as [&hellip;]","og_url":"https:\/\/www.vinzo.com.tr\/en\/project-design\/","og_site_name":"Vinzo Yang\u0131n Korunum Sistemleri Ltd. \u015eti.","article_modified_time":"2021-01-31T10:51:22+00:00","og_image":[{"width":151,"height":64,"url":"https:\/\/www.vinzo.com.tr\/wp-content\/uploads\/2021\/01\/vinzo-logo1.png","type":"image\/png"}],"twitter_card":"summary_large_image","twitter_site":"@vinzoyangin","twitter_misc":{"Est. reading time":"2 minutes"},"schema":{"@context":"https:\/\/schema.org","@graph":[{"@type":"WebPage","@id":"https:\/\/www.vinzo.com.tr\/en\/project-design\/","url":"https:\/\/www.vinzo.com.tr\/en\/project-design\/","name":"Project Design - Vinzo Yang\u0131n Korunum Sistemleri Ltd. \u015eti.","isPartOf":{"@id":"https:\/\/www.vinzo.com.tr\/en\/#website"},"datePublished":"2021-01-25T18:04:41+00:00","dateModified":"2021-01-31T10:51:22+00:00","breadcrumb":{"@id":"https:\/\/www.vinzo.com.tr\/en\/project-design\/#breadcrumb"},"inLanguage":"en-US","potentialAction":[{"@type":"ReadAction","target":["https:\/\/www.vinzo.com.tr\/en\/project-design\/"]}]},{"@type":"BreadcrumbList","@id":"https:\/\/www.vinzo.com.tr\/en\/project-design\/#breadcrumb","itemListElement":[{"@type":"ListItem","position":1,"name":"Anasayfa","item":"https:\/\/www.vinzo.com.tr\/en\/"},{"@type":"ListItem","position":2,"name":"Project Design"}]},{"@type":"WebSite","@id":"https:\/\/www.vinzo.com.tr\/en\/#website","url":"https:\/\/www.vinzo.com.tr\/en\/","name":"Vinzo Yang\u0131n Korunum Sistemleri Ltd. \u015eti.","description":"Yang\u0131n alg\u0131lama ve yang\u0131n s\u00f6nd\u00fcrme sistemleri.","publisher":{"@id":"https:\/\/www.vinzo.com.tr\/en\/#organization"},"potentialAction":[{"@type":"SearchAction","target":{"@type":"EntryPoint","urlTemplate":"https:\/\/www.vinzo.com.tr\/en\/?s={search_term_string}"},"query-input":{"@type":"PropertyValueSpecification","valueRequired":true,"valueName":"search_term_string"}}],"inLanguage":"en-US"},{"@type":"Organization","@id":"https:\/\/www.vinzo.com.tr\/en\/#organization","name":"Vinzo Yang\u0131n Korunum Sistemleri Ltd. \u015eti.","url":"https:\/\/www.vinzo.com.tr\/en\/","logo":{"@type":"ImageObject","inLanguage":"en-US","@id":"https:\/\/www.vinzo.com.tr\/en\/#\/schema\/logo\/image\/","url":"https:\/\/www.vinzo.com.tr\/wp-content\/uploads\/2021\/01\/vinzo-logo1.png","contentUrl":"https:\/\/www.vinzo.com.tr\/wp-content\/uploads\/2021\/01\/vinzo-logo1.png","width":151,"height":64,"caption":"Vinzo Yang\u0131n Korunum Sistemleri Ltd. \u015eti."},"image":{"@id":"https:\/\/www.vinzo.com.tr\/en\/#\/schema\/logo\/image\/"},"sameAs":["https:\/\/x.com\/vinzoyangin","https:\/\/www.instagram.com\/vinzoyangin\/","https:\/\/www.linkedin.com\/company\/vinzo-yang\u0131n-korunum-sistemleri-ltd-\u015fti","https:\/\/www.youtube.com\/channel\/UCC9Ft-4-cJWpJvCG_Rd3dKQ"]}]}},"jetpack_sharing_enabled":true,"_links":{"self":[{"href":"https:\/\/www.vinzo.com.tr\/en\/wp-json\/wp\/v2\/pages\/4567","targetHints":{"allow":["GET"]}}],"collection":[{"href":"https:\/\/www.vinzo.com.tr\/en\/wp-json\/wp\/v2\/pages"}],"about":[{"href":"https:\/\/www.vinzo.com.tr\/en\/wp-json\/wp\/v2\/types\/page"}],"author":[{"embeddable":true,"href":"https:\/\/www.vinzo.com.tr\/en\/wp-json\/wp\/v2\/users\/1"}],"replies":[{"embeddable":true,"href":"https:\/\/www.vinzo.com.tr\/en\/wp-json\/wp\/v2\/comments?post=4567"}],"version-history":[{"count":0,"href":"https:\/\/www.vinzo.com.tr\/en\/wp-json\/wp\/v2\/pages\/4567\/revisions"}],"wp:attachment":[{"href":"https:\/\/www.vinzo.com.tr\/en\/wp-json\/wp\/v2\/media?parent=4567"}],"curies":[{"name":"wp","href":"https:\/\/api.w.org\/{rel}","templated":true}]}}