{"id":4536,"date":"2021-01-25T21:57:35","date_gmt":"2021-01-25T21:57:35","guid":{"rendered":"https:\/\/www.vinzo.com.tr\/anasayfa\/site-haritasi\/"},"modified":"2021-01-31T11:36:22","modified_gmt":"2021-01-31T11:36:22","slug":"site-map","status":"publish","type":"page","link":"https:\/\/www.vinzo.com.tr\/en\/site-map\/","title":{"rendered":"Site Map"},"content":{"rendered":"<p>[vc_section el_class=&#8221;testi_11&#8243; css=&#8221;.vc_custom_1591438513506{padding-right: 0px !important;padding-left: 0px !important;}&#8221;][vc_row][vc_column width=&#8221;1\/3&#8243; el_class=&#8221;left-column pull-left&#8221;][vc_raw_html]JTNDZGl2JTIwY2xhc3MlM0QlMjJ0bWMlMjBjb250YWluZXIlMjIlM0UlMEElMjAlMjAlMjAlMjAlM0NkaXYlMjBjbGFzcyUzRCUyMnJvdyUyMiUzRSUwQSUyMCUyMCUyMCUyMCUyMCUyMCUyMCUyMCUzQ2RpdiUyMGNsYXNzJTNEJTIyY29sLWxnLTQlMjBjb2wtbWQtNSUyMGNvbC1zbS01JTIwY29sLXhzLTEyJTIwbGVmdC1jb2x1bW4lMjIlM0UlMEElMjAlMjAlMjAlMjAlMjAlMjAlMjAlMjAlMjAlMjAlMjAlMjAlMEElMjAlMjAlMjAlMjAlMjAlMjAlMjAlMjAlMjAlMjAlMjAlMjAlM0NkaXYlMjBjbGFzcyUzRCUyMnRleHR3aWRnZXQlMjBjdXN0b20taHRtbC13aWRnZXQlMjIlM0UlM0MlMkZkaXYlM0UlMEElMjAlMjAlMjAlMjAlMjAlMjAlMjAlMjAlMjAlMjAlMjAlMjAlM0NkaXYlMjBjbGFzcyUzRCUyMndpZGdldCUyMHNlcnZpY2UtbGlzdGluZyUyMiUzRSUwQSUyMCUyMCUyMCUyMCUyMCUyMCUyMCUyMCUyMCUyMCUyMCUyMCUyMCUyMCUyMCUyMCUzQ3VsJTIwaWQlM0QlMjJTZXJ2aWNlJTIyJTIwY2xhc3MlM0QlMjJjYXRlZ29yeS1saXN0JTIwbWFyYnRtNTAlMjIlM0UlMEElMDklMDklMDklMDklMjAlMjAlMjAlMjAlM0NsaSUzRSUzQ2ElMjBocmVmJTNEJTIyaHR0cHMlM0ElMkYlMkZ3d3cudmluem8uY29tLnRyJTJGZW4lMkZ0ZXJtcy1hbmQtY29uZGl0aW9ucyUyRiUyMiUzRVRlcm1zJTIwYW5kJTIwQ29uZGl0aW9ucyUzQyUyRmElM0UlM0MlMkZsaSUzRSUwQSUyMCUyMCUyMCUyMCUyMCUyMCUyMCUyMCUyMCUyMCUyMCUyMCUyMCUyMCUyMCUyMCUyMCUyMCUyMCUyMCUzQ2xpJTNFJTNDYSUyMGhyZWYlM0QlMjJodHRwcyUzQSUyRiUyRnd3dy52aW56by5jb20udHIlMkZlbiUyRmRhdGEtcHJvdGVjdGlvbi1zdGF0ZW1lbnQlMkYlMjIlM0VEYXRhJTIwUHJvdGVjdGlvbiUyMFN0YXRlbWVudCUzQyUyRmElM0UlM0MlMkZsaSUzRSUwQSUyMCUyMCUyMCUyMCUyMCUyMCUyMCUyMCUyMCUyMCUyMCUyMCUyMCUyMCUyMCUyMCUyMCUyMCUyMCUyMCUzQ2xpJTNFJTNDYSUyMGhyZWYlM0QlMjJodHRwcyUzQSUyRiUyRnd3dy52aW56by5jb20udHIlMkZlbiUyRmNvb2tpZXMlMkYlMjIlM0VDb29raWVzJTNDJTJGYSUzRSUzQyUyRmxpJTNFJTBBJTIwJTIwJTIwJTIwJTIwJTIwJTIwJTIwJTIwJTIwJTIwJTIwJTIwJTIwJTIwJTIwJTIwJTIwJTIwJTIwJTNDbGklM0UlM0NhJTIwaHJlZiUzRCUyMmh0dHBzJTNBJTJGJTJGd3d3LnZpbnpvLmNvbS50ciUyRmVuJTJGaW1wcmludCUyRiUyMiUzRUltcHJpbnQlM0MlMkZhJTNFJTNDJTJGbGklM0UlMEElMjAlMjAlMjAlMjAlMjAlMjAlMjAlMjAlMjAlMjAlMjAlMjAlMjAlMjAlMjAlMjAlMjAlMjAlMjAlMjAlM0NsaSUyMGNsYXNzJTNEJTIyY3VycmVudC1tZW51LWl0ZW0lMjIlM0UlM0NhJTIwaHJlZiUzRCUyMmh0dHBzJTNBJTJGJTJGd3d3LnZpbnpvLmNvbS50ciUyRmVuJTJGc2l0ZS1tYXAlMkYlMjIlMjBhcmlhLWN1cnJlbnQlM0QlMjJwYWdlJTIyJTNFU2l0ZSUyME1hcCUzQyUyRmElM0UlM0MlMkZsaSUzRSUwQSUyMCUyMCUyMCUyMCUyMCUyMCUyMCUyMCUyMCUyMCUyMCUyMCUyMCUyMCUyMCUyMCUzQyUyRnVsJTNFJTBBJTIwJTIwJTIwJTIwJTIwJTIwJTIwJTIwJTIwJTIwJTIwJTIwJTNDJTJGZGl2JTNFJTBBJTIwJTIwJTIwJTIwJTIwJTIwJTIwJTIwJTNDJTJGZGl2JTNFJTBBJTIwJTIwJTIwJTIwJTNDJTJGZGl2JTNFJTBBJTNDJTJGZGl2JTNF[\/vc_raw_html][\/vc_column][vc_column width=&#8221;2\/3&#8243; el_class=&#8221;faq-mobile-margin&#8221;][vc_column_text]<span style=\"color: #1177c4;\"><br \/>\n<strong><a style=\"color: #1177c4; text-decoration: none;\" href=\"https:\/\/www.vinzo.com.tr\/en\/\">HOME<\/a><\/strong><\/span><\/p>\n<p><strong><span style=\"color: #1177c4;\">CORPORATE<br \/>\n<\/span><\/strong><span style=\"color: #1177c4;\"><a style=\"color: #1177c4; text-decoration: none;\" href=\"https:\/\/www.vinzo.com.tr\/en\/about-us\/\">\u00a0 \u00a0 \u00a0 \u00a0 \u00a0 \u00a0<span style=\"color: #000000;\">About Us<\/span><\/a><\/span><span style=\"color: #000000;\"><br \/>\n<a style=\"color: #000000; text-decoration: none;\" href=\"https:\/\/www.vinzo.com.tr\/en\/certificates\/\">\u00a0 \u00a0 \u00a0 \u00a0 \u00a0 \u00a0Certificates<\/a><br \/>\n<a style=\"color: #000000; text-decoration: none;\" href=\"https:\/\/www.vinzo.com.tr\/en\/references\/\">\u00a0 \u00a0 \u00a0 \u00a0 \u00a0 \u00a0References<\/a><br \/>\n<a style=\"color: #000000; text-decoration: none;\" href=\"https:\/\/www.vinzo.com.tr\/en\/career\/\">\u00a0 \u00a0 \u00a0 \u00a0 \u00a0 \u00a0Career<\/a><\/span><\/p>\n<p><strong><span style=\"color: #1177c4;\">PRODUCTS &amp; SYSTEMS<\/span><\/strong><span style=\"color: #1177c4;\"><br \/>\n<a style=\"color: #1177c4; text-decoration: none;\" href=\"https:\/\/www.vinzo.com.tr\/en\/water-suppression-systems\/\">\u00a0 \u00a0 \u00a0 \u00a0 \u00a0 \u00a0<span style=\"color: #000000;\">Water Suppression Systems<\/span><\/a><\/span><span style=\"color: #000000;\"><br \/>\n<a style=\"color: #000000; text-decoration: none;\" href=\"https:\/\/www.vinzo.com.tr\/en\/foam-suppression-systems\/\">\u00a0 \u00a0 \u00a0 \u00a0 \u00a0 \u00a0Foam Suppression Systems<\/a><br \/>\n<a style=\"color: #000000; text-decoration: none;\" href=\"https:\/\/www.vinzo.com.tr\/en\/clean-agent-suppression-systems\/\">\u00a0 \u00a0 \u00a0 \u00a0 \u00a0 \u00a0Clean Agent Suppression Systems<\/a><br \/>\n<a style=\"color: #000000; text-decoration: none;\" href=\"https:\/\/www.vinzo.com.tr\/en\/in-cabinet-fire-suppression-systems\/\">\u00a0 \u00a0 \u00a0 \u00a0 \u00a0 \u00a0In-Cabinet Fire Suppression Systems<\/a><br \/>\n<a style=\"color: #000000; text-decoration: none;\" href=\"https:\/\/www.vinzo.com.tr\/en\/kitchen-hood-suppression-systems\/\">\u00a0 \u00a0 \u00a0 \u00a0 \u00a0 \u00a0Kitchen Hood Suppression Systems<\/a><br \/>\n<a style=\"color: #000000; text-decoration: none;\" href=\"https:\/\/www.vinzo.com.tr\/en\/fire-pump-systems\/\">\u00a0 \u00a0 \u00a0 \u00a0 \u00a0 \u00a0Fire Pump Systems<\/a><br \/>\n<a style=\"color: #000000; text-decoration: none;\" href=\"https:\/\/www.vinzo.com.tr\/en\/fire-detection-and-signal-systems\/\">\u00a0 \u00a0 \u00a0 \u00a0 \u00a0 \u00a0Fire Detection and Signal Systems<\/a><\/span><\/p>\n<p><strong><span style=\"color: #1177c4;\">SERVICES<\/span><\/strong><span style=\"color: #1177c4;\"><br \/>\n<a style=\"color: #1177c4; text-decoration: none;\" href=\"https:\/\/www.vinzo.com.tr\/en\/project-design\/\">\u00a0 \u00a0 \u00a0 \u00a0 \u00a0 \u00a0<span style=\"color: #000000;\">Project Design<\/span><\/a><\/span><span style=\"color: #000000;\"><br \/>\n<a style=\"color: #000000; text-decoration: none;\" href=\"https:\/\/www.vinzo.com.tr\/en\/supervision-start-up\/\">\u00a0 \u00a0 \u00a0 \u00a0 \u00a0 \u00a0Supervision &amp; Start-up<\/a><br \/>\n<a style=\"color: #000000; text-decoration: none;\" href=\"https:\/\/www.vinzo.com.tr\/en\/maintenance-repair\/\">\u00a0 \u00a0 \u00a0 \u00a0 \u00a0 \u00a0Maintenance &amp; Repair<\/a><br \/>\n<a style=\"color: #000000; text-decoration: none;\" href=\"https:\/\/www.vinzo.com.tr\/en\/room-integrity-test\/\">\u00a0 \u00a0 \u00a0 \u00a0 \u00a0 \u00a0Room Integrity Test<\/a><\/span><\/p>\n<p><strong><span style=\"color: #1177c4;\">DOWNLOADS<\/span><\/strong><span style=\"color: #1177c4;\"><br \/>\n<\/span><a style=\"text-decoration: none;\" href=\"https:\/\/www.vinzo.com.tr\/en\/technical-specifications\/\">\u00a0 \u00a0 \u00a0 \u00a0 \u00a0 \u00a0<span style=\"color: #000000;\">Technical Specifications<\/span><\/a><br \/>\n<span style=\"color: #000000;\"><a style=\"text-decoration: none; color: #000000;\" href=\"https:\/\/www.vinzo.com.tr\/en\/technical-bulletins\/\">\u00a0 \u00a0 \u00a0 \u00a0 \u00a0 \u00a0Technical Bulletins<br \/>\n<\/a><\/span><\/p>\n<p><span style=\"color: #1177c4;\"><strong><a style=\"color: #1177c4; text-decoration: none;\" href=\"https:\/\/www.vinzo.com.tr\/en\/contact\/\">CONTACT<\/a><\/strong><\/span>[\/vc_column_text][\/vc_column][\/vc_row][\/vc_section]<\/p>\n","protected":false},"excerpt":{"rendered":"<p>[vc_section el_class=&#8221;testi_11&#8243; css=&#8221;.vc_custom_1591438513506{padding-right: 0px !important;padding-left: 0px !important;}&#8221;][vc_row][vc_column width=&#8221;1\/3&#8243; el_class=&#8221;left-column pull-left&#8221;][vc_raw_html]JTNDZGl2JTIwY2xhc3MlM0QlMjJ0bWMlMjBjb250YWluZXIlMjIlM0UlMEElMjAlMjAlMjAlMjAlM0NkaXYlMjBjbGFzcyUzRCUyMnJvdyUyMiUzRSUwQSUyMCUyMCUyMCUyMCUyMCUyMCUyMCUyMCUzQ2RpdiUyMGNsYXNzJTNEJTIyY29sLWxnLTQlMjBjb2wtbWQtNSUyMGNvbC1zbS01JTIwY29sLXhzLTEyJTIwbGVmdC1jb2x1bW4lMjIlM0UlMEElMjAlMjAlMjAlMjAlMjAlMjAlMjAlMjAlMjAlMjAlMjAlMjAlMEElMjAlMjAlMjAlMjAlMjAlMjAlMjAlMjAlMjAlMjAlMjAlMjAlM0NkaXYlMjBjbGFzcyUzRCUyMnRleHR3aWRnZXQlMjBjdXN0b20taHRtbC13aWRnZXQlMjIlM0UlM0MlMkZkaXYlM0UlMEElMjAlMjAlMjAlMjAlMjAlMjAlMjAlMjAlMjAlMjAlMjAlMjAlM0NkaXYlMjBjbGFzcyUzRCUyMndpZGdldCUyMHNlcnZpY2UtbGlzdGluZyUyMiUzRSUwQSUyMCUyMCUyMCUyMCUyMCUyMCUyMCUyMCUyMCUyMCUyMCUyMCUyMCUyMCUyMCUyMCUzQ3VsJTIwaWQlM0QlMjJTZXJ2aWNlJTIyJTIwY2xhc3MlM0QlMjJjYXRlZ29yeS1saXN0JTIwbWFyYnRtNTAlMjIlM0UlMEElMDklMDklMDklMDklMjAlMjAlMjAlMjAlM0NsaSUzRSUzQ2ElMjBocmVmJTNEJTIyaHR0cHMlM0ElMkYlMkZ3d3cudmluem8uY29tLnRyJTJGZW4lMkZ0ZXJtcy1hbmQtY29uZGl0aW9ucyUyRiUyMiUzRVRlcm1zJTIwYW5kJTIwQ29uZGl0aW9ucyUzQyUyRmElM0UlM0MlMkZsaSUzRSUwQSUyMCUyMCUyMCUyMCUyMCUyMCUyMCUyMCUyMCUyMCUyMCUyMCUyMCUyMCUyMCUyMCUyMCUyMCUyMCUyMCUzQ2xpJTNFJTNDYSUyMGhyZWYlM0QlMjJodHRwcyUzQSUyRiUyRnd3dy52aW56by5jb20udHIlMkZlbiUyRmRhdGEtcHJvdGVjdGlvbi1zdGF0ZW1lbnQlMkYlMjIlM0VEYXRhJTIwUHJvdGVjdGlvbiUyMFN0YXRlbWVudCUzQyUyRmElM0UlM0MlMkZsaSUzRSUwQSUyMCUyMCUyMCUyMCUyMCUyMCUyMCUyMCUyMCUyMCUyMCUyMCUyMCUyMCUyMCUyMCUyMCUyMCUyMCUyMCUzQ2xpJTNFJTNDYSUyMGhyZWYlM0QlMjJodHRwcyUzQSUyRiUyRnd3dy52aW56by5jb20udHIlMkZlbiUyRmNvb2tpZXMlMkYlMjIlM0VDb29raWVzJTNDJTJGYSUzRSUzQyUyRmxpJTNFJTBBJTIwJTIwJTIwJTIwJTIwJTIwJTIwJTIwJTIwJTIwJTIwJTIwJTIwJTIwJTIwJTIwJTIwJTIwJTIwJTIwJTNDbGklM0UlM0NhJTIwaHJlZiUzRCUyMmh0dHBzJTNBJTJGJTJGd3d3LnZpbnpvLmNvbS50ciUyRmVuJTJGaW1wcmludCUyRiUyMiUzRUltcHJpbnQlM0MlMkZhJTNFJTNDJTJGbGklM0UlMEElMjAlMjAlMjAlMjAlMjAlMjAlMjAlMjAlMjAlMjAlMjAlMjAlMjAlMjAlMjAlMjAlMjAlMjAlMjAlMjAlM0NsaSUyMGNsYXNzJTNEJTIyY3VycmVudC1tZW51LWl0ZW0lMjIlM0UlM0NhJTIwaHJlZiUzRCUyMmh0dHBzJTNBJTJGJTJGd3d3LnZpbnpvLmNvbS50ciUyRmVuJTJGc2l0ZS1tYXAlMkYlMjIlMjBhcmlhLWN1cnJlbnQlM0QlMjJwYWdlJTIyJTNFU2l0ZSUyME1hcCUzQyUyRmElM0UlM0MlMkZsaSUzRSUwQSUyMCUyMCUyMCUyMCUyMCUyMCUyMCUyMCUyMCUyMCUyMCUyMCUyMCUyMCUyMCUyMCUzQyUyRnVsJTNFJTBBJTIwJTIwJTIwJTIwJTIwJTIwJTIwJTIwJTIwJTIwJTIwJTIwJTNDJTJGZGl2JTNFJTBBJTIwJTIwJTIwJTIwJTIwJTIwJTIwJTIwJTNDJTJGZGl2JTNFJTBBJTIwJTIwJTIwJTIwJTNDJTJGZGl2JTNFJTBBJTNDJTJGZGl2JTNF[\/vc_raw_html][\/vc_column][vc_column width=&#8221;2\/3&#8243; el_class=&#8221;faq-mobile-margin&#8221;][vc_column_text] HOME CORPORATE \u00a0 \u00a0 \u00a0 \u00a0 \u00a0 \u00a0About Us \u00a0 \u00a0 \u00a0 \u00a0 \u00a0 \u00a0Certificates \u00a0 \u00a0 \u00a0 \u00a0 \u00a0 \u00a0References \u00a0 \u00a0 \u00a0 \u00a0 \u00a0 \u00a0Career PRODUCTS &amp; SYSTEMS \u00a0 \u00a0 \u00a0 \u00a0 \u00a0 \u00a0Water Suppression Systems \u00a0 \u00a0 \u00a0 \u00a0 \u00a0 [&hellip;]<\/p>\n","protected":false},"author":1,"featured_media":0,"parent":0,"menu_order":0,"comment_status":"closed","ping_status":"closed","template":"","meta":{"footnotes":""},"class_list":["post-4536","page","type-page","status-publish","hentry"],"yoast_head":"<!-- This site is optimized with the Yoast SEO plugin v26.7 - https:\/\/yoast.com\/wordpress\/plugins\/seo\/ -->\n<title>Site Map - Vinzo Yang\u0131n Korunum Sistemleri Ltd. \u015eti.<\/title>\n<meta name=\"robots\" content=\"index, follow, max-snippet:-1, max-image-preview:large, max-video-preview:-1\" \/>\n<link rel=\"canonical\" href=\"https:\/\/www.vinzo.com.tr\/en\/site-map\/\" \/>\n<meta property=\"og:locale\" content=\"en_US\" \/>\n<meta property=\"og:type\" content=\"article\" \/>\n<meta property=\"og:title\" content=\"Site Map - Vinzo Yang\u0131n Korunum Sistemleri Ltd. \u015eti.\" \/>\n<meta property=\"og:description\" content=\"[vc_section el_class=&#8221;testi_11&#8243; css=&#8221;.vc_custom_1591438513506{padding-right: 0px !important;padding-left: 0px !important;}&#8221;][vc_row][vc_column width=&#8221;1\/3&#8243; el_class=&#8221;left-column pull-left&#8221;][vc_raw_html]JTNDZGl2JTIwY2xhc3MlM0QlMjJ0bWMlMjBjb250YWluZXIlMjIlM0UlMEElMjAlMjAlMjAlMjAlM0NkaXYlMjBjbGFzcyUzRCUyMnJvdyUyMiUzRSUwQSUyMCUyMCUyMCUyMCUyMCUyMCUyMCUyMCUzQ2RpdiUyMGNsYXNzJTNEJTIyY29sLWxnLTQlMjBjb2wtbWQtNSUyMGNvbC1zbS01JTIwY29sLXhzLTEyJTIwbGVmdC1jb2x1bW4lMjIlM0UlMEElMjAlMjAlMjAlMjAlMjAlMjAlMjAlMjAlMjAlMjAlMjAlMjAlMEElMjAlMjAlMjAlMjAlMjAlMjAlMjAlMjAlMjAlMjAlMjAlMjAlM0NkaXYlMjBjbGFzcyUzRCUyMnRleHR3aWRnZXQlMjBjdXN0b20taHRtbC13aWRnZXQlMjIlM0UlM0MlMkZkaXYlM0UlMEElMjAlMjAlMjAlMjAlMjAlMjAlMjAlMjAlMjAlMjAlMjAlMjAlM0NkaXYlMjBjbGFzcyUzRCUyMndpZGdldCUyMHNlcnZpY2UtbGlzdGluZyUyMiUzRSUwQSUyMCUyMCUyMCUyMCUyMCUyMCUyMCUyMCUyMCUyMCUyMCUyMCUyMCUyMCUyMCUyMCUzQ3VsJTIwaWQlM0QlMjJTZXJ2aWNlJTIyJTIwY2xhc3MlM0QlMjJjYXRlZ29yeS1saXN0JTIwbWFyYnRtNTAlMjIlM0UlMEElMDklMDklMDklMDklMjAlMjAlMjAlMjAlM0NsaSUzRSUzQ2ElMjBocmVmJTNEJTIyaHR0cHMlM0ElMkYlMkZ3d3cudmluem8uY29tLnRyJTJGZW4lMkZ0ZXJtcy1hbmQtY29uZGl0aW9ucyUyRiUyMiUzRVRlcm1zJTIwYW5kJTIwQ29uZGl0aW9ucyUzQyUyRmElM0UlM0MlMkZsaSUzRSUwQSUyMCUyMCUyMCUyMCUyMCUyMCUyMCUyMCUyMCUyMCUyMCUyMCUyMCUyMCUyMCUyMCUyMCUyMCUyMCUyMCUzQ2xpJTNFJTNDYSUyMGhyZWYlM0QlMjJodHRwcyUzQSUyRiUyRnd3dy52aW56by5jb20udHIlMkZlbiUyRmRhdGEtcHJvdGVjdGlvbi1zdGF0ZW1lbnQlMkYlMjIlM0VEYXRhJTIwUHJvdGVjdGlvbiUyMFN0YXRlbWVudCUzQyUyRmElM0UlM0MlMkZsaSUzRSUwQSUyMCUyMCUyMCUyMCUyMCUyMCUyMCUyMCUyMCUyMCUyMCUyMCUyMCUyMCUyMCUyMCUyMCUyMCUyMCUyMCUzQ2xpJTNFJTNDYSUyMGhyZWYlM0QlMjJodHRwcyUzQSUyRiUyRnd3dy52aW56by5jb20udHIlMkZlbiUyRmNvb2tpZXMlMkYlMjIlM0VDb29raWVzJTNDJTJGYSUzRSUzQyUyRmxpJTNFJTBBJTIwJTIwJTIwJTIwJTIwJTIwJTIwJTIwJTIwJTIwJTIwJTIwJTIwJTIwJTIwJTIwJTIwJTIwJTIwJTIwJTNDbGklM0UlM0NhJTIwaHJlZiUzRCUyMmh0dHBzJTNBJTJGJTJGd3d3LnZpbnpvLmNvbS50ciUyRmVuJTJGaW1wcmludCUyRiUyMiUzRUltcHJpbnQlM0MlMkZhJTNFJTNDJTJGbGklM0UlMEElMjAlMjAlMjAlMjAlMjAlMjAlMjAlMjAlMjAlMjAlMjAlMjAlMjAlMjAlMjAlMjAlMjAlMjAlMjAlMjAlM0NsaSUyMGNsYXNzJTNEJTIyY3VycmVudC1tZW51LWl0ZW0lMjIlM0UlM0NhJTIwaHJlZiUzRCUyMmh0dHBzJTNBJTJGJTJGd3d3LnZpbnpvLmNvbS50ciUyRmVuJTJGc2l0ZS1tYXAlMkYlMjIlMjBhcmlhLWN1cnJlbnQlM0QlMjJwYWdlJTIyJTNFU2l0ZSUyME1hcCUzQyUyRmElM0UlM0MlMkZsaSUzRSUwQSUyMCUyMCUyMCUyMCUyMCUyMCUyMCUyMCUyMCUyMCUyMCUyMCUyMCUyMCUyMCUyMCUzQyUyRnVsJTNFJTBBJTIwJTIwJTIwJTIwJTIwJTIwJTIwJTIwJTIwJTIwJTIwJTIwJTNDJTJGZGl2JTNFJTBBJTIwJTIwJTIwJTIwJTIwJTIwJTIwJTIwJTNDJTJGZGl2JTNFJTBBJTIwJTIwJTIwJTIwJTNDJTJGZGl2JTNFJTBBJTNDJTJGZGl2JTNF[\/vc_raw_html][\/vc_column][vc_column width=&#8221;2\/3&#8243; el_class=&#8221;faq-mobile-margin&#8221;][vc_column_text] HOME CORPORATE \u00a0 \u00a0 \u00a0 \u00a0 \u00a0 \u00a0About Us \u00a0 \u00a0 \u00a0 \u00a0 \u00a0 \u00a0Certificates \u00a0 \u00a0 \u00a0 \u00a0 \u00a0 \u00a0References \u00a0 \u00a0 \u00a0 \u00a0 \u00a0 \u00a0Career PRODUCTS &amp; SYSTEMS \u00a0 \u00a0 \u00a0 \u00a0 \u00a0 \u00a0Water Suppression Systems \u00a0 \u00a0 \u00a0 \u00a0 \u00a0 [&hellip;]\" \/>\n<meta property=\"og:url\" content=\"https:\/\/www.vinzo.com.tr\/en\/site-map\/\" \/>\n<meta property=\"og:site_name\" content=\"Vinzo Yang\u0131n Korunum Sistemleri Ltd. \u015eti.\" \/>\n<meta property=\"article:modified_time\" content=\"2021-01-31T11:36:22+00:00\" \/>\n<meta property=\"og:image\" content=\"https:\/\/www.vinzo.com.tr\/wp-content\/uploads\/2021\/01\/vinzo-logo1.png\" \/>\n\t<meta property=\"og:image:width\" content=\"151\" \/>\n\t<meta property=\"og:image:height\" content=\"64\" \/>\n\t<meta property=\"og:image:type\" content=\"image\/png\" \/>\n<meta name=\"twitter:card\" content=\"summary_large_image\" \/>\n<meta name=\"twitter:site\" content=\"@vinzoyangin\" \/>\n<meta name=\"twitter:label1\" content=\"Est. reading time\" \/>\n\t<meta name=\"twitter:data1\" content=\"1 minute\" \/>\n<script type=\"application\/ld+json\" class=\"yoast-schema-graph\">{\"@context\":\"https:\/\/schema.org\",\"@graph\":[{\"@type\":\"WebPage\",\"@id\":\"https:\/\/www.vinzo.com.tr\/en\/site-map\/\",\"url\":\"https:\/\/www.vinzo.com.tr\/en\/site-map\/\",\"name\":\"Site Map - Vinzo Yang\u0131n Korunum Sistemleri Ltd. \u015eti.\",\"isPartOf\":{\"@id\":\"https:\/\/www.vinzo.com.tr\/en\/#website\"},\"datePublished\":\"2021-01-25T21:57:35+00:00\",\"dateModified\":\"2021-01-31T11:36:22+00:00\",\"breadcrumb\":{\"@id\":\"https:\/\/www.vinzo.com.tr\/en\/site-map\/#breadcrumb\"},\"inLanguage\":\"en-US\",\"potentialAction\":[{\"@type\":\"ReadAction\",\"target\":[\"https:\/\/www.vinzo.com.tr\/en\/site-map\/\"]}]},{\"@type\":\"BreadcrumbList\",\"@id\":\"https:\/\/www.vinzo.com.tr\/en\/site-map\/#breadcrumb\",\"itemListElement\":[{\"@type\":\"ListItem\",\"position\":1,\"name\":\"Anasayfa\",\"item\":\"https:\/\/www.vinzo.com.tr\/en\/\"},{\"@type\":\"ListItem\",\"position\":2,\"name\":\"Site Map\"}]},{\"@type\":\"WebSite\",\"@id\":\"https:\/\/www.vinzo.com.tr\/en\/#website\",\"url\":\"https:\/\/www.vinzo.com.tr\/en\/\",\"name\":\"Vinzo Yang\u0131n Korunum Sistemleri Ltd. \u015eti.\",\"description\":\"Yang\u0131n alg\u0131lama ve yang\u0131n s\u00f6nd\u00fcrme sistemleri.\",\"publisher\":{\"@id\":\"https:\/\/www.vinzo.com.tr\/en\/#organization\"},\"potentialAction\":[{\"@type\":\"SearchAction\",\"target\":{\"@type\":\"EntryPoint\",\"urlTemplate\":\"https:\/\/www.vinzo.com.tr\/en\/?s={search_term_string}\"},\"query-input\":{\"@type\":\"PropertyValueSpecification\",\"valueRequired\":true,\"valueName\":\"search_term_string\"}}],\"inLanguage\":\"en-US\"},{\"@type\":\"Organization\",\"@id\":\"https:\/\/www.vinzo.com.tr\/en\/#organization\",\"name\":\"Vinzo Yang\u0131n Korunum Sistemleri Ltd. \u015eti.\",\"url\":\"https:\/\/www.vinzo.com.tr\/en\/\",\"logo\":{\"@type\":\"ImageObject\",\"inLanguage\":\"en-US\",\"@id\":\"https:\/\/www.vinzo.com.tr\/en\/#\/schema\/logo\/image\/\",\"url\":\"https:\/\/www.vinzo.com.tr\/wp-content\/uploads\/2021\/01\/vinzo-logo1.png\",\"contentUrl\":\"https:\/\/www.vinzo.com.tr\/wp-content\/uploads\/2021\/01\/vinzo-logo1.png\",\"width\":151,\"height\":64,\"caption\":\"Vinzo Yang\u0131n Korunum Sistemleri Ltd. \u015eti.\"},\"image\":{\"@id\":\"https:\/\/www.vinzo.com.tr\/en\/#\/schema\/logo\/image\/\"},\"sameAs\":[\"https:\/\/x.com\/vinzoyangin\",\"https:\/\/www.instagram.com\/vinzoyangin\/\",\"https:\/\/www.linkedin.com\/company\/vinzo-yang\u0131n-korunum-sistemleri-ltd-\u015fti\",\"https:\/\/www.youtube.com\/channel\/UCC9Ft-4-cJWpJvCG_Rd3dKQ\"]}]}<\/script>\n<!-- \/ Yoast SEO plugin. -->","yoast_head_json":{"title":"Site Map - Vinzo Yang\u0131n Korunum Sistemleri Ltd. \u015eti.","robots":{"index":"index","follow":"follow","max-snippet":"max-snippet:-1","max-image-preview":"max-image-preview:large","max-video-preview":"max-video-preview:-1"},"canonical":"https:\/\/www.vinzo.com.tr\/en\/site-map\/","og_locale":"en_US","og_type":"article","og_title":"Site Map - Vinzo Yang\u0131n Korunum Sistemleri Ltd. \u015eti.","og_description":"[vc_section el_class=&#8221;testi_11&#8243; css=&#8221;.vc_custom_1591438513506{padding-right: 0px !important;padding-left: 0px !important;}&#8221;][vc_row][vc_column width=&#8221;1\/3&#8243; el_class=&#8221;left-column pull-left&#8221;][vc_raw_html]JTNDZGl2JTIwY2xhc3MlM0QlMjJ0bWMlMjBjb250YWluZXIlMjIlM0UlMEElMjAlMjAlMjAlMjAlM0NkaXYlMjBjbGFzcyUzRCUyMnJvdyUyMiUzRSUwQSUyMCUyMCUyMCUyMCUyMCUyMCUyMCUyMCUzQ2RpdiUyMGNsYXNzJTNEJTIyY29sLWxnLTQlMjBjb2wtbWQtNSUyMGNvbC1zbS01JTIwY29sLXhzLTEyJTIwbGVmdC1jb2x1bW4lMjIlM0UlMEElMjAlMjAlMjAlMjAlMjAlMjAlMjAlMjAlMjAlMjAlMjAlMjAlMEElMjAlMjAlMjAlMjAlMjAlMjAlMjAlMjAlMjAlMjAlMjAlMjAlM0NkaXYlMjBjbGFzcyUzRCUyMnRleHR3aWRnZXQlMjBjdXN0b20taHRtbC13aWRnZXQlMjIlM0UlM0MlMkZkaXYlM0UlMEElMjAlMjAlMjAlMjAlMjAlMjAlMjAlMjAlMjAlMjAlMjAlMjAlM0NkaXYlMjBjbGFzcyUzRCUyMndpZGdldCUyMHNlcnZpY2UtbGlzdGluZyUyMiUzRSUwQSUyMCUyMCUyMCUyMCUyMCUyMCUyMCUyMCUyMCUyMCUyMCUyMCUyMCUyMCUyMCUyMCUzQ3VsJTIwaWQlM0QlMjJTZXJ2aWNlJTIyJTIwY2xhc3MlM0QlMjJjYXRlZ29yeS1saXN0JTIwbWFyYnRtNTAlMjIlM0UlMEElMDklMDklMDklMDklMjAlMjAlMjAlMjAlM0NsaSUzRSUzQ2ElMjBocmVmJTNEJTIyaHR0cHMlM0ElMkYlMkZ3d3cudmluem8uY29tLnRyJTJGZW4lMkZ0ZXJtcy1hbmQtY29uZGl0aW9ucyUyRiUyMiUzRVRlcm1zJTIwYW5kJTIwQ29uZGl0aW9ucyUzQyUyRmElM0UlM0MlMkZsaSUzRSUwQSUyMCUyMCUyMCUyMCUyMCUyMCUyMCUyMCUyMCUyMCUyMCUyMCUyMCUyMCUyMCUyMCUyMCUyMCUyMCUyMCUzQ2xpJTNFJTNDYSUyMGhyZWYlM0QlMjJodHRwcyUzQSUyRiUyRnd3dy52aW56by5jb20udHIlMkZlbiUyRmRhdGEtcHJvdGVjdGlvbi1zdGF0ZW1lbnQlMkYlMjIlM0VEYXRhJTIwUHJvdGVjdGlvbiUyMFN0YXRlbWVudCUzQyUyRmElM0UlM0MlMkZsaSUzRSUwQSUyMCUyMCUyMCUyMCUyMCUyMCUyMCUyMCUyMCUyMCUyMCUyMCUyMCUyMCUyMCUyMCUyMCUyMCUyMCUyMCUzQ2xpJTNFJTNDYSUyMGhyZWYlM0QlMjJodHRwcyUzQSUyRiUyRnd3dy52aW56by5jb20udHIlMkZlbiUyRmNvb2tpZXMlMkYlMjIlM0VDb29raWVzJTNDJTJGYSUzRSUzQyUyRmxpJTNFJTBBJTIwJTIwJTIwJTIwJTIwJTIwJTIwJTIwJTIwJTIwJTIwJTIwJTIwJTIwJTIwJTIwJTIwJTIwJTIwJTIwJTNDbGklM0UlM0NhJTIwaHJlZiUzRCUyMmh0dHBzJTNBJTJGJTJGd3d3LnZpbnpvLmNvbS50ciUyRmVuJTJGaW1wcmludCUyRiUyMiUzRUltcHJpbnQlM0MlMkZhJTNFJTNDJTJGbGklM0UlMEElMjAlMjAlMjAlMjAlMjAlMjAlMjAlMjAlMjAlMjAlMjAlMjAlMjAlMjAlMjAlMjAlMjAlMjAlMjAlMjAlM0NsaSUyMGNsYXNzJTNEJTIyY3VycmVudC1tZW51LWl0ZW0lMjIlM0UlM0NhJTIwaHJlZiUzRCUyMmh0dHBzJTNBJTJGJTJGd3d3LnZpbnpvLmNvbS50ciUyRmVuJTJGc2l0ZS1tYXAlMkYlMjIlMjBhcmlhLWN1cnJlbnQlM0QlMjJwYWdlJTIyJTNFU2l0ZSUyME1hcCUzQyUyRmElM0UlM0MlMkZsaSUzRSUwQSUyMCUyMCUyMCUyMCUyMCUyMCUyMCUyMCUyMCUyMCUyMCUyMCUyMCUyMCUyMCUyMCUzQyUyRnVsJTNFJTBBJTIwJTIwJTIwJTIwJTIwJTIwJTIwJTIwJTIwJTIwJTIwJTIwJTNDJTJGZGl2JTNFJTBBJTIwJTIwJTIwJTIwJTIwJTIwJTIwJTIwJTNDJTJGZGl2JTNFJTBBJTIwJTIwJTIwJTIwJTNDJTJGZGl2JTNFJTBBJTNDJTJGZGl2JTNF[\/vc_raw_html][\/vc_column][vc_column width=&#8221;2\/3&#8243; el_class=&#8221;faq-mobile-margin&#8221;][vc_column_text] HOME CORPORATE \u00a0 \u00a0 \u00a0 \u00a0 \u00a0 \u00a0About Us \u00a0 \u00a0 \u00a0 \u00a0 \u00a0 \u00a0Certificates \u00a0 \u00a0 \u00a0 \u00a0 \u00a0 \u00a0References \u00a0 \u00a0 \u00a0 \u00a0 \u00a0 \u00a0Career PRODUCTS &amp; SYSTEMS \u00a0 \u00a0 \u00a0 \u00a0 \u00a0 \u00a0Water Suppression Systems \u00a0 \u00a0 \u00a0 \u00a0 \u00a0 [&hellip;]","og_url":"https:\/\/www.vinzo.com.tr\/en\/site-map\/","og_site_name":"Vinzo Yang\u0131n Korunum Sistemleri Ltd. \u015eti.","article_modified_time":"2021-01-31T11:36:22+00:00","og_image":[{"width":151,"height":64,"url":"https:\/\/www.vinzo.com.tr\/wp-content\/uploads\/2021\/01\/vinzo-logo1.png","type":"image\/png"}],"twitter_card":"summary_large_image","twitter_site":"@vinzoyangin","twitter_misc":{"Est. reading time":"1 minute"},"schema":{"@context":"https:\/\/schema.org","@graph":[{"@type":"WebPage","@id":"https:\/\/www.vinzo.com.tr\/en\/site-map\/","url":"https:\/\/www.vinzo.com.tr\/en\/site-map\/","name":"Site Map - Vinzo Yang\u0131n Korunum Sistemleri Ltd. \u015eti.","isPartOf":{"@id":"https:\/\/www.vinzo.com.tr\/en\/#website"},"datePublished":"2021-01-25T21:57:35+00:00","dateModified":"2021-01-31T11:36:22+00:00","breadcrumb":{"@id":"https:\/\/www.vinzo.com.tr\/en\/site-map\/#breadcrumb"},"inLanguage":"en-US","potentialAction":[{"@type":"ReadAction","target":["https:\/\/www.vinzo.com.tr\/en\/site-map\/"]}]},{"@type":"BreadcrumbList","@id":"https:\/\/www.vinzo.com.tr\/en\/site-map\/#breadcrumb","itemListElement":[{"@type":"ListItem","position":1,"name":"Anasayfa","item":"https:\/\/www.vinzo.com.tr\/en\/"},{"@type":"ListItem","position":2,"name":"Site Map"}]},{"@type":"WebSite","@id":"https:\/\/www.vinzo.com.tr\/en\/#website","url":"https:\/\/www.vinzo.com.tr\/en\/","name":"Vinzo Yang\u0131n Korunum Sistemleri Ltd. \u015eti.","description":"Yang\u0131n alg\u0131lama ve yang\u0131n s\u00f6nd\u00fcrme sistemleri.","publisher":{"@id":"https:\/\/www.vinzo.com.tr\/en\/#organization"},"potentialAction":[{"@type":"SearchAction","target":{"@type":"EntryPoint","urlTemplate":"https:\/\/www.vinzo.com.tr\/en\/?s={search_term_string}"},"query-input":{"@type":"PropertyValueSpecification","valueRequired":true,"valueName":"search_term_string"}}],"inLanguage":"en-US"},{"@type":"Organization","@id":"https:\/\/www.vinzo.com.tr\/en\/#organization","name":"Vinzo Yang\u0131n Korunum Sistemleri Ltd. \u015eti.","url":"https:\/\/www.vinzo.com.tr\/en\/","logo":{"@type":"ImageObject","inLanguage":"en-US","@id":"https:\/\/www.vinzo.com.tr\/en\/#\/schema\/logo\/image\/","url":"https:\/\/www.vinzo.com.tr\/wp-content\/uploads\/2021\/01\/vinzo-logo1.png","contentUrl":"https:\/\/www.vinzo.com.tr\/wp-content\/uploads\/2021\/01\/vinzo-logo1.png","width":151,"height":64,"caption":"Vinzo Yang\u0131n Korunum Sistemleri Ltd. \u015eti."},"image":{"@id":"https:\/\/www.vinzo.com.tr\/en\/#\/schema\/logo\/image\/"},"sameAs":["https:\/\/x.com\/vinzoyangin","https:\/\/www.instagram.com\/vinzoyangin\/","https:\/\/www.linkedin.com\/company\/vinzo-yang\u0131n-korunum-sistemleri-ltd-\u015fti","https:\/\/www.youtube.com\/channel\/UCC9Ft-4-cJWpJvCG_Rd3dKQ"]}]}},"jetpack_sharing_enabled":true,"_links":{"self":[{"href":"https:\/\/www.vinzo.com.tr\/en\/wp-json\/wp\/v2\/pages\/4536","targetHints":{"allow":["GET"]}}],"collection":[{"href":"https:\/\/www.vinzo.com.tr\/en\/wp-json\/wp\/v2\/pages"}],"about":[{"href":"https:\/\/www.vinzo.com.tr\/en\/wp-json\/wp\/v2\/types\/page"}],"author":[{"embeddable":true,"href":"https:\/\/www.vinzo.com.tr\/en\/wp-json\/wp\/v2\/users\/1"}],"replies":[{"embeddable":true,"href":"https:\/\/www.vinzo.com.tr\/en\/wp-json\/wp\/v2\/comments?post=4536"}],"version-history":[{"count":0,"href":"https:\/\/www.vinzo.com.tr\/en\/wp-json\/wp\/v2\/pages\/4536\/revisions"}],"wp:attachment":[{"href":"https:\/\/www.vinzo.com.tr\/en\/wp-json\/wp\/v2\/media?parent=4536"}],"curies":[{"name":"wp","href":"https:\/\/api.w.org\/{rel}","templated":true}]}}