{"id":4515,"date":"2021-01-08T22:47:22","date_gmt":"2021-01-08T22:47:22","guid":{"rendered":"https:\/\/www.vinzo.com.tr\/anasayfa\/kariyer\/"},"modified":"2021-01-31T10:46:53","modified_gmt":"2021-01-31T10:46:53","slug":"career","status":"publish","type":"page","link":"https:\/\/www.vinzo.com.tr\/en\/career\/","title":{"rendered":"Career"},"content":{"rendered":"<p>[vc_row full_width=&#8221;stretch_row&#8221; content_placement=&#8221;middle&#8221; css=&#8221;.vc_custom_1611612798044{margin-top: -50px !important;margin-left: 50px !important;padding-bottom: 85px !important;}&#8221; el_class=&#8221;hm1_services&#8221;][vc_column][tmc_single_section layout=&#8221;heading_text_two&#8221; title=&#8221;Vinzo Career Opportunities&#8221;]<strong>IMPACT <\/strong>\u00a0&#8211;\u00a0We help our customers overcome their biggest challenges.<\/p>\n<p><strong>INTEGRITY <\/strong>\u00a0\u2013 We always do the right thing.<\/p>\n<p><strong>RESPECT<\/strong> &#8211; We value our employees, customers, business partners and our planet.<\/p>\n<p><strong>TEAM WORKS<\/strong> &#8211; We work as a team to achieve our goals.<\/p>\n<p><strong>INNOVATION<\/strong> \u2013 We learn and adapt to always do better.[\/tmc_single_section][\/vc_column][\/vc_row][vc_row css=&#8221;.vc_custom_1611612900884{margin-top: -50px !important;}&#8221;][vc_column][vc_column_text]<\/p>\n<p style=\"text-align: center;\"><strong>If you want to be evaluated in current or potential opportunities, you can send your updated CV to<\/strong><strong>\u00a0<span style=\"color: #3366ff;\"><a style=\"color: #3366ff;\" href=\"mailto:kariyer@vinzo.com.tr\">kariyer@vinzo.com.tr<\/a>\u00a0<\/span><\/strong><\/p>\n<p>[\/vc_column_text][\/vc_column][\/vc_row][vc_row css=&#8221;.vc_custom_1611612930638{margin-top: 50px !important;}&#8221;][vc_column][vc_single_image image=&#8221;4881&#8243; img_size=&#8221;full&#8221; alignment=&#8221;center&#8221; onclick=&#8221;custom_link&#8221; link=&#8221;https:\/\/www.vinzo.com.tr\/iletisim\/&#8221;][\/vc_column][\/vc_row]<\/p>\n","protected":false},"excerpt":{"rendered":"<p>[vc_row full_width=&#8221;stretch_row&#8221; content_placement=&#8221;middle&#8221; css=&#8221;.vc_custom_1611612798044{margin-top: -50px !important;margin-left: 50px !important;padding-bottom: 85px !important;}&#8221; el_class=&#8221;hm1_services&#8221;][vc_column][tmc_single_section layout=&#8221;heading_text_two&#8221; title=&#8221;Vinzo Career Opportunities&#8221;]IMPACT \u00a0&#8211;\u00a0We help our customers overcome their biggest challenges. INTEGRITY \u00a0\u2013 We always do the right thing. RESPECT &#8211; We value our employees, customers, business partners and our planet. TEAM WORKS &#8211; We work as a team to achieve our goals. [&hellip;]<\/p>\n","protected":false},"author":1,"featured_media":0,"parent":0,"menu_order":0,"comment_status":"closed","ping_status":"closed","template":"","meta":{"footnotes":""},"class_list":["post-4515","page","type-page","status-publish","hentry"],"yoast_head":"<!-- This site is optimized with the Yoast SEO plugin v26.7 - https:\/\/yoast.com\/wordpress\/plugins\/seo\/ -->\n<title>Career - Vinzo Yang\u0131n Korunum Sistemleri Ltd. \u015eti.<\/title>\n<meta name=\"robots\" content=\"index, follow, max-snippet:-1, max-image-preview:large, max-video-preview:-1\" \/>\n<link rel=\"canonical\" href=\"https:\/\/www.vinzo.com.tr\/en\/career\/\" \/>\n<meta property=\"og:locale\" content=\"en_US\" \/>\n<meta property=\"og:type\" content=\"article\" \/>\n<meta property=\"og:title\" content=\"Career - Vinzo Yang\u0131n Korunum Sistemleri Ltd. \u015eti.\" \/>\n<meta property=\"og:description\" content=\"[vc_row full_width=&#8221;stretch_row&#8221; content_placement=&#8221;middle&#8221; css=&#8221;.vc_custom_1611612798044{margin-top: -50px !important;margin-left: 50px !important;padding-bottom: 85px !important;}&#8221; el_class=&#8221;hm1_services&#8221;][vc_column][tmc_single_section layout=&#8221;heading_text_two&#8221; title=&#8221;Vinzo Career Opportunities&#8221;]IMPACT \u00a0&#8211;\u00a0We help our customers overcome their biggest challenges. INTEGRITY \u00a0\u2013 We always do the right thing. RESPECT &#8211; We value our employees, customers, business partners and our planet. TEAM WORKS &#8211; We work as a team to achieve our goals. [&hellip;]\" \/>\n<meta property=\"og:url\" content=\"https:\/\/www.vinzo.com.tr\/en\/career\/\" \/>\n<meta property=\"og:site_name\" content=\"Vinzo Yang\u0131n Korunum Sistemleri Ltd. \u015eti.\" \/>\n<meta property=\"article:modified_time\" content=\"2021-01-31T10:46:53+00:00\" \/>\n<meta property=\"og:image\" content=\"https:\/\/www.vinzo.com.tr\/wp-content\/uploads\/2021\/01\/vinzo-logo1.png\" \/>\n\t<meta property=\"og:image:width\" content=\"151\" \/>\n\t<meta property=\"og:image:height\" content=\"64\" \/>\n\t<meta property=\"og:image:type\" content=\"image\/png\" \/>\n<meta name=\"twitter:card\" content=\"summary_large_image\" \/>\n<meta name=\"twitter:site\" content=\"@vinzoyangin\" \/>\n<meta name=\"twitter:label1\" content=\"Est. reading time\" \/>\n\t<meta name=\"twitter:data1\" content=\"1 minute\" \/>\n<script type=\"application\/ld+json\" class=\"yoast-schema-graph\">{\"@context\":\"https:\/\/schema.org\",\"@graph\":[{\"@type\":\"WebPage\",\"@id\":\"https:\/\/www.vinzo.com.tr\/en\/career\/\",\"url\":\"https:\/\/www.vinzo.com.tr\/en\/career\/\",\"name\":\"Career - Vinzo Yang\u0131n Korunum Sistemleri Ltd. \u015eti.\",\"isPartOf\":{\"@id\":\"https:\/\/www.vinzo.com.tr\/en\/#website\"},\"datePublished\":\"2021-01-08T22:47:22+00:00\",\"dateModified\":\"2021-01-31T10:46:53+00:00\",\"breadcrumb\":{\"@id\":\"https:\/\/www.vinzo.com.tr\/en\/career\/#breadcrumb\"},\"inLanguage\":\"en-US\",\"potentialAction\":[{\"@type\":\"ReadAction\",\"target\":[\"https:\/\/www.vinzo.com.tr\/en\/career\/\"]}]},{\"@type\":\"BreadcrumbList\",\"@id\":\"https:\/\/www.vinzo.com.tr\/en\/career\/#breadcrumb\",\"itemListElement\":[{\"@type\":\"ListItem\",\"position\":1,\"name\":\"Anasayfa\",\"item\":\"https:\/\/www.vinzo.com.tr\/en\/\"},{\"@type\":\"ListItem\",\"position\":2,\"name\":\"Career\"}]},{\"@type\":\"WebSite\",\"@id\":\"https:\/\/www.vinzo.com.tr\/en\/#website\",\"url\":\"https:\/\/www.vinzo.com.tr\/en\/\",\"name\":\"Vinzo Yang\u0131n Korunum Sistemleri Ltd. \u015eti.\",\"description\":\"Yang\u0131n alg\u0131lama ve yang\u0131n s\u00f6nd\u00fcrme sistemleri.\",\"publisher\":{\"@id\":\"https:\/\/www.vinzo.com.tr\/en\/#organization\"},\"potentialAction\":[{\"@type\":\"SearchAction\",\"target\":{\"@type\":\"EntryPoint\",\"urlTemplate\":\"https:\/\/www.vinzo.com.tr\/en\/?s={search_term_string}\"},\"query-input\":{\"@type\":\"PropertyValueSpecification\",\"valueRequired\":true,\"valueName\":\"search_term_string\"}}],\"inLanguage\":\"en-US\"},{\"@type\":\"Organization\",\"@id\":\"https:\/\/www.vinzo.com.tr\/en\/#organization\",\"name\":\"Vinzo Yang\u0131n Korunum Sistemleri Ltd. \u015eti.\",\"url\":\"https:\/\/www.vinzo.com.tr\/en\/\",\"logo\":{\"@type\":\"ImageObject\",\"inLanguage\":\"en-US\",\"@id\":\"https:\/\/www.vinzo.com.tr\/en\/#\/schema\/logo\/image\/\",\"url\":\"https:\/\/www.vinzo.com.tr\/wp-content\/uploads\/2021\/01\/vinzo-logo1.png\",\"contentUrl\":\"https:\/\/www.vinzo.com.tr\/wp-content\/uploads\/2021\/01\/vinzo-logo1.png\",\"width\":151,\"height\":64,\"caption\":\"Vinzo Yang\u0131n Korunum Sistemleri Ltd. \u015eti.\"},\"image\":{\"@id\":\"https:\/\/www.vinzo.com.tr\/en\/#\/schema\/logo\/image\/\"},\"sameAs\":[\"https:\/\/x.com\/vinzoyangin\",\"https:\/\/www.instagram.com\/vinzoyangin\/\",\"https:\/\/www.linkedin.com\/company\/vinzo-yang\u0131n-korunum-sistemleri-ltd-\u015fti\",\"https:\/\/www.youtube.com\/channel\/UCC9Ft-4-cJWpJvCG_Rd3dKQ\"]}]}<\/script>\n<!-- \/ Yoast SEO plugin. -->","yoast_head_json":{"title":"Career - Vinzo Yang\u0131n Korunum Sistemleri Ltd. \u015eti.","robots":{"index":"index","follow":"follow","max-snippet":"max-snippet:-1","max-image-preview":"max-image-preview:large","max-video-preview":"max-video-preview:-1"},"canonical":"https:\/\/www.vinzo.com.tr\/en\/career\/","og_locale":"en_US","og_type":"article","og_title":"Career - Vinzo Yang\u0131n Korunum Sistemleri Ltd. \u015eti.","og_description":"[vc_row full_width=&#8221;stretch_row&#8221; content_placement=&#8221;middle&#8221; css=&#8221;.vc_custom_1611612798044{margin-top: -50px !important;margin-left: 50px !important;padding-bottom: 85px !important;}&#8221; el_class=&#8221;hm1_services&#8221;][vc_column][tmc_single_section layout=&#8221;heading_text_two&#8221; title=&#8221;Vinzo Career Opportunities&#8221;]IMPACT \u00a0&#8211;\u00a0We help our customers overcome their biggest challenges. INTEGRITY \u00a0\u2013 We always do the right thing. RESPECT &#8211; We value our employees, customers, business partners and our planet. TEAM WORKS &#8211; We work as a team to achieve our goals. [&hellip;]","og_url":"https:\/\/www.vinzo.com.tr\/en\/career\/","og_site_name":"Vinzo Yang\u0131n Korunum Sistemleri Ltd. \u015eti.","article_modified_time":"2021-01-31T10:46:53+00:00","og_image":[{"width":151,"height":64,"url":"https:\/\/www.vinzo.com.tr\/wp-content\/uploads\/2021\/01\/vinzo-logo1.png","type":"image\/png"}],"twitter_card":"summary_large_image","twitter_site":"@vinzoyangin","twitter_misc":{"Est. reading time":"1 minute"},"schema":{"@context":"https:\/\/schema.org","@graph":[{"@type":"WebPage","@id":"https:\/\/www.vinzo.com.tr\/en\/career\/","url":"https:\/\/www.vinzo.com.tr\/en\/career\/","name":"Career - Vinzo Yang\u0131n Korunum Sistemleri Ltd. \u015eti.","isPartOf":{"@id":"https:\/\/www.vinzo.com.tr\/en\/#website"},"datePublished":"2021-01-08T22:47:22+00:00","dateModified":"2021-01-31T10:46:53+00:00","breadcrumb":{"@id":"https:\/\/www.vinzo.com.tr\/en\/career\/#breadcrumb"},"inLanguage":"en-US","potentialAction":[{"@type":"ReadAction","target":["https:\/\/www.vinzo.com.tr\/en\/career\/"]}]},{"@type":"BreadcrumbList","@id":"https:\/\/www.vinzo.com.tr\/en\/career\/#breadcrumb","itemListElement":[{"@type":"ListItem","position":1,"name":"Anasayfa","item":"https:\/\/www.vinzo.com.tr\/en\/"},{"@type":"ListItem","position":2,"name":"Career"}]},{"@type":"WebSite","@id":"https:\/\/www.vinzo.com.tr\/en\/#website","url":"https:\/\/www.vinzo.com.tr\/en\/","name":"Vinzo Yang\u0131n Korunum Sistemleri Ltd. \u015eti.","description":"Yang\u0131n alg\u0131lama ve yang\u0131n s\u00f6nd\u00fcrme sistemleri.","publisher":{"@id":"https:\/\/www.vinzo.com.tr\/en\/#organization"},"potentialAction":[{"@type":"SearchAction","target":{"@type":"EntryPoint","urlTemplate":"https:\/\/www.vinzo.com.tr\/en\/?s={search_term_string}"},"query-input":{"@type":"PropertyValueSpecification","valueRequired":true,"valueName":"search_term_string"}}],"inLanguage":"en-US"},{"@type":"Organization","@id":"https:\/\/www.vinzo.com.tr\/en\/#organization","name":"Vinzo Yang\u0131n Korunum Sistemleri Ltd. \u015eti.","url":"https:\/\/www.vinzo.com.tr\/en\/","logo":{"@type":"ImageObject","inLanguage":"en-US","@id":"https:\/\/www.vinzo.com.tr\/en\/#\/schema\/logo\/image\/","url":"https:\/\/www.vinzo.com.tr\/wp-content\/uploads\/2021\/01\/vinzo-logo1.png","contentUrl":"https:\/\/www.vinzo.com.tr\/wp-content\/uploads\/2021\/01\/vinzo-logo1.png","width":151,"height":64,"caption":"Vinzo Yang\u0131n Korunum Sistemleri Ltd. \u015eti."},"image":{"@id":"https:\/\/www.vinzo.com.tr\/en\/#\/schema\/logo\/image\/"},"sameAs":["https:\/\/x.com\/vinzoyangin","https:\/\/www.instagram.com\/vinzoyangin\/","https:\/\/www.linkedin.com\/company\/vinzo-yang\u0131n-korunum-sistemleri-ltd-\u015fti","https:\/\/www.youtube.com\/channel\/UCC9Ft-4-cJWpJvCG_Rd3dKQ"]}]}},"jetpack_sharing_enabled":true,"_links":{"self":[{"href":"https:\/\/www.vinzo.com.tr\/en\/wp-json\/wp\/v2\/pages\/4515","targetHints":{"allow":["GET"]}}],"collection":[{"href":"https:\/\/www.vinzo.com.tr\/en\/wp-json\/wp\/v2\/pages"}],"about":[{"href":"https:\/\/www.vinzo.com.tr\/en\/wp-json\/wp\/v2\/types\/page"}],"author":[{"embeddable":true,"href":"https:\/\/www.vinzo.com.tr\/en\/wp-json\/wp\/v2\/users\/1"}],"replies":[{"embeddable":true,"href":"https:\/\/www.vinzo.com.tr\/en\/wp-json\/wp\/v2\/comments?post=4515"}],"version-history":[{"count":0,"href":"https:\/\/www.vinzo.com.tr\/en\/wp-json\/wp\/v2\/pages\/4515\/revisions"}],"wp:attachment":[{"href":"https:\/\/www.vinzo.com.tr\/en\/wp-json\/wp\/v2\/media?parent=4515"}],"curies":[{"name":"wp","href":"https:\/\/api.w.org\/{rel}","templated":true}]}}