{"id":4482,"date":"2021-01-29T23:20:48","date_gmt":"2021-01-29T23:20:48","guid":{"rendered":"https:\/\/www.vinzo.com.tr\/?page_id=4482"},"modified":"2021-01-31T10:52:20","modified_gmt":"2021-01-31T10:52:20","slug":"maintenance-repair","status":"publish","type":"page","link":"https:\/\/www.vinzo.com.tr\/en\/maintenance-repair\/","title":{"rendered":"Maintenance &#038; Repair"},"content":{"rendered":"<p>[vc_section el_class=&#8221;testi_11&#8243; css=&#8221;.vc_custom_1591438513506{padding-right: 0px !important;padding-left: 0px !important;}&#8221;][vc_row][vc_column width=&#8221;1\/3&#8243; el_class=&#8221;left-column pull-left&#8221;][vc_raw_html]JTNDZGl2JTIwY2xhc3MlM0QlMjJ0bWMlMjBjb250YWluZXIlMjIlM0UlMEElMjAlMjAlMjAlMjAlM0NkaXYlMjBjbGFzcyUzRCUyMnJvdyUyMiUzRSUwQSUyMCUyMCUyMCUyMCUyMCUyMCUyMCUyMCUzQ2RpdiUyMGNsYXNzJTNEJTIyY29sLWxnLTQlMjBjb2wtbWQtNSUyMGNvbC1zbS01JTIwY29sLXhzLTEyJTIwbGVmdC1jb2x1bW4lMjIlM0UlMEElMjAlMjAlMjAlMjAlMjAlMjAlMjAlMjAlMjAlMjAlMjAlMjAlM0NkaXYlMjBjbGFzcyUzRCUyMnJlY2VudFRpdGxlJTIyJTNFJTNDaDUlMjBjbGFzcyUzRCUyMmg1JTIwYXMlMjIlM0VTRVJWSUNFUyUzQyUyRmg1JTNFJTNDJTJGZGl2JTNFJTBBJTIwJTIwJTIwJTIwJTIwJTIwJTIwJTIwJTIwJTIwJTIwJTIwJTNDZGl2JTIwY2xhc3MlM0QlMjJ0ZXh0d2lkZ2V0JTIwY3VzdG9tLWh0bWwtd2lkZ2V0JTIyJTNFJTNDJTJGZGl2JTNFJTBBJTIwJTIwJTIwJTIwJTIwJTIwJTIwJTIwJTIwJTIwJTIwJTIwJTNDZGl2JTIwY2xhc3MlM0QlMjJ3aWRnZXQlMjBzZXJ2aWNlLWxpc3RpbmclMjIlM0UlMEElMjAlMjAlMjAlMjAlMjAlMjAlMjAlMjAlMjAlMjAlMjAlMjAlMjAlMjAlMjAlMjAlM0N1bCUyMGlkJTNEJTIyU2VydmljZSUyMiUyMGNsYXNzJTNEJTIyY2F0ZWdvcnktbGlzdCUyMG1hcmJ0bTUwJTIyJTNFJTBBJTA5JTA5JTA5JTA5JTIwJTIwJTIwJTIwJTNDbGklM0UlM0NhJTIwaHJlZiUzRCUyMmh0dHBzJTNBJTJGJTJGd3d3LnZpbnpvLmNvbS50ciUyRmVuJTJGcHJvamVjdC1kZXNpZ24lMkYlMjIlM0VQcm9qZWN0JTIwRGVzaWduJTNDJTJGYSUzRSUzQyUyRmxpJTNFJTBBJTIwJTIwJTIwJTIwJTIwJTIwJTIwJTIwJTIwJTIwJTIwJTIwJTIwJTIwJTIwJTIwJTIwJTIwJTIwJTIwJTNDbGklM0UlM0NhJTIwaHJlZiUzRCUyMmh0dHBzJTNBJTJGJTJGd3d3LnZpbnpvLmNvbS50ciUyRmVuJTJGc3VwZXJ2aXNpb24tc3RhcnQtdXAlMkYlMjIlM0VTdXBlcnZpc2lvbiUyMCUyNiUyMFN0YXJ0LXVwJTNDJTJGYSUzRSUzQyUyRmxpJTNFJTBBJTIwJTIwJTIwJTIwJTIwJTIwJTIwJTIwJTIwJTIwJTIwJTIwJTIwJTIwJTIwJTIwJTIwJTIwJTIwJTIwJTNDbGklMjBjbGFzcyUzRCUyMmN1cnJlbnQtbWVudS1pdGVtJTIyJTNFJTNDYSUyMGhyZWYlM0QlMjJodHRwcyUzQSUyRiUyRnd3dy52aW56by5jb20udHIlMkZlbiUyRm1haW50ZW5hbmNlLXJlcGFpciUyRiUyMiUyMGFyaWEtY3VycmVudCUzRCUyMnBhZ2UlMjIlM0VNYWludGVuYW5jZSUyMCUyNiUyMFJlcGFpciUzQyUyRmElM0UlM0MlMkZsaSUzRSUwQSUyMCUyMCUyMCUyMCUyMCUyMCUyMCUyMCUyMCUyMCUyMCUyMCUyMCUyMCUyMCUyMCUyMCUyMCUyMCUyMCUzQ2xpJTNFJTNDYSUyMGhyZWYlM0QlMjJodHRwcyUzQSUyRiUyRnd3dy52aW56by5jb20udHIlMkZlbiUyRnJvb20taW50ZWdyaXR5LXRlc3QlMkYlMjIlM0VSb29tJTIwSW50ZWdyaXR5JTIwVGVzdCUzQyUyRmElM0UlM0MlMkZsaSUzRSUwQSUyMCUyMCUyMCUyMCUyMCUyMCUyMCUyMCUyMCUyMCUyMCUyMCUyMCUyMCUyMCUyMCUzQyUyRnVsJTNFJTBBJTIwJTIwJTIwJTIwJTIwJTIwJTIwJTIwJTIwJTIwJTIwJTIwJTNDJTJGZGl2JTNFJTBBJTIwJTIwJTIwJTIwJTIwJTIwJTIwJTIwJTNDJTJGZGl2JTNFJTBBJTIwJTIwJTIwJTIwJTNDJTJGZGl2JTNFJTBBJTNDJTJGZGl2JTNF[\/vc_raw_html][\/vc_column][vc_column width=&#8221;2\/3&#8243; el_class=&#8221;faq-mobile-margin&#8221;][tmc_single_service image=&#8221;4372&#8243;]<\/p>\n<h3><span style=\"color: #2d78c7;\">Maintenance &amp; Repair<\/span><\/h3>\n<p style=\"text-align: justify;\">Even if an enterprise has high quality fire extinguishing systems, there is a risk about system isn&#8217;t working operate properly, if they don&#8217;t have periodic maintenance of these systems.<\/p>\n<p style=\"text-align: justify;\">In order to eliminate risks and prevent loss of life and property, system maintenance should be done in accordance with international standards and local regulations with expert teams.<\/p>\n<p style=\"text-align: justify;\">VINZO, which has technical equipment and staff that can respond to the needs of customers, provides service and maintenance \/ repair as contractual.<\/p>\n<p>[\/tmc_single_service][tmc_single_service image=&#8221;4376&#8243;]<strong><span style=\"color: #2d78c7;\">Services provided<\/span><\/strong><\/p>\n<p style=\"text-align: justify;\">Periodic maintenance, repair and testing of fire detection and extinguishing systems and preparing control reports,<\/p>\n<p style=\"text-align: justify;\">Periodically conducting inspections in the enterprises and determining the malfunctions that may occur in the systems in advance and taking the necessary measures,<\/p>\n<p style=\"text-align: justify;\">By integrating technological developments into existing systems, the existing systems are revised and they are used for a longer life.<\/p>\n<p style=\"text-align: justify;\">Since there may be different types of fire detection and extinguishing systems in a enterprise, maintenance of all systems may not be done with the same period and procedure.<\/p>\n<p style=\"text-align: justify;\">Therefore, the content and timing of the maintenance programs of different types of fire protection systems must be determined differently. Depending on the type of system, the standards to be followed may also vary.<\/p>\n<p style=\"text-align: justify;\">For some products or systems, in addition, taking into account the special procedures recommended by the manufacturer, it can be ensured that the equipment will serve for a longer period of time.<\/p>\n<hr \/>\n<p>[\/tmc_single_service][vc_single_image image=&#8221;4885&#8243; img_size=&#8221;846&#215;210&#8243; onclick=&#8221;custom_link&#8221; link=&#8221;https:\/\/www.vinzo.com.tr\/iletisim&#8221;][\/vc_column][\/vc_row][\/vc_section]<\/p>\n","protected":false},"excerpt":{"rendered":"<p>[vc_section el_class=&#8221;testi_11&#8243; css=&#8221;.vc_custom_1591438513506{padding-right: 0px !important;padding-left: 0px !important;}&#8221;][vc_row][vc_column width=&#8221;1\/3&#8243; el_class=&#8221;left-column pull-left&#8221;][vc_raw_html]JTNDZGl2JTIwY2xhc3MlM0QlMjJ0bWMlMjBjb250YWluZXIlMjIlM0UlMEElMjAlMjAlMjAlMjAlM0NkaXYlMjBjbGFzcyUzRCUyMnJvdyUyMiUzRSUwQSUyMCUyMCUyMCUyMCUyMCUyMCUyMCUyMCUzQ2RpdiUyMGNsYXNzJTNEJTIyY29sLWxnLTQlMjBjb2wtbWQtNSUyMGNvbC1zbS01JTIwY29sLXhzLTEyJTIwbGVmdC1jb2x1bW4lMjIlM0UlMEElMjAlMjAlMjAlMjAlMjAlMjAlMjAlMjAlMjAlMjAlMjAlMjAlM0NkaXYlMjBjbGFzcyUzRCUyMnJlY2VudFRpdGxlJTIyJTNFJTNDaDUlMjBjbGFzcyUzRCUyMmg1JTIwYXMlMjIlM0VTRVJWSUNFUyUzQyUyRmg1JTNFJTNDJTJGZGl2JTNFJTBBJTIwJTIwJTIwJTIwJTIwJTIwJTIwJTIwJTIwJTIwJTIwJTIwJTNDZGl2JTIwY2xhc3MlM0QlMjJ0ZXh0d2lkZ2V0JTIwY3VzdG9tLWh0bWwtd2lkZ2V0JTIyJTNFJTNDJTJGZGl2JTNFJTBBJTIwJTIwJTIwJTIwJTIwJTIwJTIwJTIwJTIwJTIwJTIwJTIwJTNDZGl2JTIwY2xhc3MlM0QlMjJ3aWRnZXQlMjBzZXJ2aWNlLWxpc3RpbmclMjIlM0UlMEElMjAlMjAlMjAlMjAlMjAlMjAlMjAlMjAlMjAlMjAlMjAlMjAlMjAlMjAlMjAlMjAlM0N1bCUyMGlkJTNEJTIyU2VydmljZSUyMiUyMGNsYXNzJTNEJTIyY2F0ZWdvcnktbGlzdCUyMG1hcmJ0bTUwJTIyJTNFJTBBJTA5JTA5JTA5JTA5JTIwJTIwJTIwJTIwJTNDbGklM0UlM0NhJTIwaHJlZiUzRCUyMmh0dHBzJTNBJTJGJTJGd3d3LnZpbnpvLmNvbS50ciUyRmVuJTJGcHJvamVjdC1kZXNpZ24lMkYlMjIlM0VQcm9qZWN0JTIwRGVzaWduJTNDJTJGYSUzRSUzQyUyRmxpJTNFJTBBJTIwJTIwJTIwJTIwJTIwJTIwJTIwJTIwJTIwJTIwJTIwJTIwJTIwJTIwJTIwJTIwJTIwJTIwJTIwJTIwJTNDbGklM0UlM0NhJTIwaHJlZiUzRCUyMmh0dHBzJTNBJTJGJTJGd3d3LnZpbnpvLmNvbS50ciUyRmVuJTJGc3VwZXJ2aXNpb24tc3RhcnQtdXAlMkYlMjIlM0VTdXBlcnZpc2lvbiUyMCUyNiUyMFN0YXJ0LXVwJTNDJTJGYSUzRSUzQyUyRmxpJTNFJTBBJTIwJTIwJTIwJTIwJTIwJTIwJTIwJTIwJTIwJTIwJTIwJTIwJTIwJTIwJTIwJTIwJTIwJTIwJTIwJTIwJTNDbGklMjBjbGFzcyUzRCUyMmN1cnJlbnQtbWVudS1pdGVtJTIyJTNFJTNDYSUyMGhyZWYlM0QlMjJodHRwcyUzQSUyRiUyRnd3dy52aW56by5jb20udHIlMkZlbiUyRm1haW50ZW5hbmNlLXJlcGFpciUyRiUyMiUyMGFyaWEtY3VycmVudCUzRCUyMnBhZ2UlMjIlM0VNYWludGVuYW5jZSUyMCUyNiUyMFJlcGFpciUzQyUyRmElM0UlM0MlMkZsaSUzRSUwQSUyMCUyMCUyMCUyMCUyMCUyMCUyMCUyMCUyMCUyMCUyMCUyMCUyMCUyMCUyMCUyMCUyMCUyMCUyMCUyMCUzQ2xpJTNFJTNDYSUyMGhyZWYlM0QlMjJodHRwcyUzQSUyRiUyRnd3dy52aW56by5jb20udHIlMkZlbiUyRnJvb20taW50ZWdyaXR5LXRlc3QlMkYlMjIlM0VSb29tJTIwSW50ZWdyaXR5JTIwVGVzdCUzQyUyRmElM0UlM0MlMkZsaSUzRSUwQSUyMCUyMCUyMCUyMCUyMCUyMCUyMCUyMCUyMCUyMCUyMCUyMCUyMCUyMCUyMCUyMCUzQyUyRnVsJTNFJTBBJTIwJTIwJTIwJTIwJTIwJTIwJTIwJTIwJTIwJTIwJTIwJTIwJTNDJTJGZGl2JTNFJTBBJTIwJTIwJTIwJTIwJTIwJTIwJTIwJTIwJTNDJTJGZGl2JTNFJTBBJTIwJTIwJTIwJTIwJTNDJTJGZGl2JTNFJTBBJTNDJTJGZGl2JTNF[\/vc_raw_html][\/vc_column][vc_column width=&#8221;2\/3&#8243; el_class=&#8221;faq-mobile-margin&#8221;][tmc_single_service image=&#8221;4372&#8243;] Maintenance &amp; Repair Even if an enterprise has high quality fire extinguishing systems, there is a risk about system isn&#8217;t working operate properly, if they don&#8217;t have periodic maintenance of these systems. In order to eliminate risks and prevent loss of life [&hellip;]<\/p>\n","protected":false},"author":1,"featured_media":0,"parent":0,"menu_order":0,"comment_status":"closed","ping_status":"closed","template":"","meta":{"footnotes":""},"class_list":["post-4482","page","type-page","status-publish","hentry"],"yoast_head":"<!-- This site is optimized with the Yoast SEO plugin v26.7 - https:\/\/yoast.com\/wordpress\/plugins\/seo\/ -->\n<title>Maintenance &amp; Repair - Vinzo Yang\u0131n Korunum Sistemleri Ltd. \u015eti.<\/title>\n<meta name=\"robots\" content=\"index, follow, max-snippet:-1, max-image-preview:large, max-video-preview:-1\" \/>\n<link rel=\"canonical\" href=\"https:\/\/www.vinzo.com.tr\/en\/maintenance-repair\/\" \/>\n<meta property=\"og:locale\" content=\"en_US\" \/>\n<meta property=\"og:type\" content=\"article\" \/>\n<meta property=\"og:title\" content=\"Maintenance &amp; Repair - Vinzo Yang\u0131n Korunum Sistemleri Ltd. \u015eti.\" \/>\n<meta property=\"og:description\" content=\"[vc_section el_class=&#8221;testi_11&#8243; css=&#8221;.vc_custom_1591438513506{padding-right: 0px !important;padding-left: 0px !important;}&#8221;][vc_row][vc_column width=&#8221;1\/3&#8243; el_class=&#8221;left-column pull-left&#8221;][vc_raw_html]JTNDZGl2JTIwY2xhc3MlM0QlMjJ0bWMlMjBjb250YWluZXIlMjIlM0UlMEElMjAlMjAlMjAlMjAlM0NkaXYlMjBjbGFzcyUzRCUyMnJvdyUyMiUzRSUwQSUyMCUyMCUyMCUyMCUyMCUyMCUyMCUyMCUzQ2RpdiUyMGNsYXNzJTNEJTIyY29sLWxnLTQlMjBjb2wtbWQtNSUyMGNvbC1zbS01JTIwY29sLXhzLTEyJTIwbGVmdC1jb2x1bW4lMjIlM0UlMEElMjAlMjAlMjAlMjAlMjAlMjAlMjAlMjAlMjAlMjAlMjAlMjAlM0NkaXYlMjBjbGFzcyUzRCUyMnJlY2VudFRpdGxlJTIyJTNFJTNDaDUlMjBjbGFzcyUzRCUyMmg1JTIwYXMlMjIlM0VTRVJWSUNFUyUzQyUyRmg1JTNFJTNDJTJGZGl2JTNFJTBBJTIwJTIwJTIwJTIwJTIwJTIwJTIwJTIwJTIwJTIwJTIwJTIwJTNDZGl2JTIwY2xhc3MlM0QlMjJ0ZXh0d2lkZ2V0JTIwY3VzdG9tLWh0bWwtd2lkZ2V0JTIyJTNFJTNDJTJGZGl2JTNFJTBBJTIwJTIwJTIwJTIwJTIwJTIwJTIwJTIwJTIwJTIwJTIwJTIwJTNDZGl2JTIwY2xhc3MlM0QlMjJ3aWRnZXQlMjBzZXJ2aWNlLWxpc3RpbmclMjIlM0UlMEElMjAlMjAlMjAlMjAlMjAlMjAlMjAlMjAlMjAlMjAlMjAlMjAlMjAlMjAlMjAlMjAlM0N1bCUyMGlkJTNEJTIyU2VydmljZSUyMiUyMGNsYXNzJTNEJTIyY2F0ZWdvcnktbGlzdCUyMG1hcmJ0bTUwJTIyJTNFJTBBJTA5JTA5JTA5JTA5JTIwJTIwJTIwJTIwJTNDbGklM0UlM0NhJTIwaHJlZiUzRCUyMmh0dHBzJTNBJTJGJTJGd3d3LnZpbnpvLmNvbS50ciUyRmVuJTJGcHJvamVjdC1kZXNpZ24lMkYlMjIlM0VQcm9qZWN0JTIwRGVzaWduJTNDJTJGYSUzRSUzQyUyRmxpJTNFJTBBJTIwJTIwJTIwJTIwJTIwJTIwJTIwJTIwJTIwJTIwJTIwJTIwJTIwJTIwJTIwJTIwJTIwJTIwJTIwJTIwJTNDbGklM0UlM0NhJTIwaHJlZiUzRCUyMmh0dHBzJTNBJTJGJTJGd3d3LnZpbnpvLmNvbS50ciUyRmVuJTJGc3VwZXJ2aXNpb24tc3RhcnQtdXAlMkYlMjIlM0VTdXBlcnZpc2lvbiUyMCUyNiUyMFN0YXJ0LXVwJTNDJTJGYSUzRSUzQyUyRmxpJTNFJTBBJTIwJTIwJTIwJTIwJTIwJTIwJTIwJTIwJTIwJTIwJTIwJTIwJTIwJTIwJTIwJTIwJTIwJTIwJTIwJTIwJTNDbGklMjBjbGFzcyUzRCUyMmN1cnJlbnQtbWVudS1pdGVtJTIyJTNFJTNDYSUyMGhyZWYlM0QlMjJodHRwcyUzQSUyRiUyRnd3dy52aW56by5jb20udHIlMkZlbiUyRm1haW50ZW5hbmNlLXJlcGFpciUyRiUyMiUyMGFyaWEtY3VycmVudCUzRCUyMnBhZ2UlMjIlM0VNYWludGVuYW5jZSUyMCUyNiUyMFJlcGFpciUzQyUyRmElM0UlM0MlMkZsaSUzRSUwQSUyMCUyMCUyMCUyMCUyMCUyMCUyMCUyMCUyMCUyMCUyMCUyMCUyMCUyMCUyMCUyMCUyMCUyMCUyMCUyMCUzQ2xpJTNFJTNDYSUyMGhyZWYlM0QlMjJodHRwcyUzQSUyRiUyRnd3dy52aW56by5jb20udHIlMkZlbiUyRnJvb20taW50ZWdyaXR5LXRlc3QlMkYlMjIlM0VSb29tJTIwSW50ZWdyaXR5JTIwVGVzdCUzQyUyRmElM0UlM0MlMkZsaSUzRSUwQSUyMCUyMCUyMCUyMCUyMCUyMCUyMCUyMCUyMCUyMCUyMCUyMCUyMCUyMCUyMCUyMCUzQyUyRnVsJTNFJTBBJTIwJTIwJTIwJTIwJTIwJTIwJTIwJTIwJTIwJTIwJTIwJTIwJTNDJTJGZGl2JTNFJTBBJTIwJTIwJTIwJTIwJTIwJTIwJTIwJTIwJTNDJTJGZGl2JTNFJTBBJTIwJTIwJTIwJTIwJTNDJTJGZGl2JTNFJTBBJTNDJTJGZGl2JTNF[\/vc_raw_html][\/vc_column][vc_column width=&#8221;2\/3&#8243; el_class=&#8221;faq-mobile-margin&#8221;][tmc_single_service image=&#8221;4372&#8243;] Maintenance &amp; Repair Even if an enterprise has high quality fire extinguishing systems, there is a risk about system isn&#8217;t working operate properly, if they don&#8217;t have periodic maintenance of these systems. In order to eliminate risks and prevent loss of life [&hellip;]\" \/>\n<meta property=\"og:url\" content=\"https:\/\/www.vinzo.com.tr\/en\/maintenance-repair\/\" \/>\n<meta property=\"og:site_name\" content=\"Vinzo Yang\u0131n Korunum Sistemleri Ltd. \u015eti.\" \/>\n<meta property=\"article:modified_time\" content=\"2021-01-31T10:52:20+00:00\" \/>\n<meta property=\"og:image\" content=\"https:\/\/www.vinzo.com.tr\/wp-content\/uploads\/2021\/01\/vinzo-logo1.png\" \/>\n\t<meta property=\"og:image:width\" content=\"151\" \/>\n\t<meta property=\"og:image:height\" content=\"64\" \/>\n\t<meta property=\"og:image:type\" content=\"image\/png\" \/>\n<meta name=\"twitter:card\" content=\"summary_large_image\" \/>\n<meta name=\"twitter:site\" content=\"@vinzoyangin\" \/>\n<meta name=\"twitter:label1\" content=\"Est. reading time\" \/>\n\t<meta name=\"twitter:data1\" content=\"2 minutes\" \/>\n<script type=\"application\/ld+json\" class=\"yoast-schema-graph\">{\"@context\":\"https:\/\/schema.org\",\"@graph\":[{\"@type\":\"WebPage\",\"@id\":\"https:\/\/www.vinzo.com.tr\/en\/maintenance-repair\/\",\"url\":\"https:\/\/www.vinzo.com.tr\/en\/maintenance-repair\/\",\"name\":\"Maintenance & Repair - Vinzo Yang\u0131n Korunum Sistemleri Ltd. \u015eti.\",\"isPartOf\":{\"@id\":\"https:\/\/www.vinzo.com.tr\/en\/#website\"},\"datePublished\":\"2021-01-29T23:20:48+00:00\",\"dateModified\":\"2021-01-31T10:52:20+00:00\",\"breadcrumb\":{\"@id\":\"https:\/\/www.vinzo.com.tr\/en\/maintenance-repair\/#breadcrumb\"},\"inLanguage\":\"en-US\",\"potentialAction\":[{\"@type\":\"ReadAction\",\"target\":[\"https:\/\/www.vinzo.com.tr\/en\/maintenance-repair\/\"]}]},{\"@type\":\"BreadcrumbList\",\"@id\":\"https:\/\/www.vinzo.com.tr\/en\/maintenance-repair\/#breadcrumb\",\"itemListElement\":[{\"@type\":\"ListItem\",\"position\":1,\"name\":\"Anasayfa\",\"item\":\"https:\/\/www.vinzo.com.tr\/en\/\"},{\"@type\":\"ListItem\",\"position\":2,\"name\":\"Maintenance &#038; Repair\"}]},{\"@type\":\"WebSite\",\"@id\":\"https:\/\/www.vinzo.com.tr\/en\/#website\",\"url\":\"https:\/\/www.vinzo.com.tr\/en\/\",\"name\":\"Vinzo Yang\u0131n Korunum Sistemleri Ltd. \u015eti.\",\"description\":\"Yang\u0131n alg\u0131lama ve yang\u0131n s\u00f6nd\u00fcrme sistemleri.\",\"publisher\":{\"@id\":\"https:\/\/www.vinzo.com.tr\/en\/#organization\"},\"potentialAction\":[{\"@type\":\"SearchAction\",\"target\":{\"@type\":\"EntryPoint\",\"urlTemplate\":\"https:\/\/www.vinzo.com.tr\/en\/?s={search_term_string}\"},\"query-input\":{\"@type\":\"PropertyValueSpecification\",\"valueRequired\":true,\"valueName\":\"search_term_string\"}}],\"inLanguage\":\"en-US\"},{\"@type\":\"Organization\",\"@id\":\"https:\/\/www.vinzo.com.tr\/en\/#organization\",\"name\":\"Vinzo Yang\u0131n Korunum Sistemleri Ltd. \u015eti.\",\"url\":\"https:\/\/www.vinzo.com.tr\/en\/\",\"logo\":{\"@type\":\"ImageObject\",\"inLanguage\":\"en-US\",\"@id\":\"https:\/\/www.vinzo.com.tr\/en\/#\/schema\/logo\/image\/\",\"url\":\"https:\/\/www.vinzo.com.tr\/wp-content\/uploads\/2021\/01\/vinzo-logo1.png\",\"contentUrl\":\"https:\/\/www.vinzo.com.tr\/wp-content\/uploads\/2021\/01\/vinzo-logo1.png\",\"width\":151,\"height\":64,\"caption\":\"Vinzo Yang\u0131n Korunum Sistemleri Ltd. \u015eti.\"},\"image\":{\"@id\":\"https:\/\/www.vinzo.com.tr\/en\/#\/schema\/logo\/image\/\"},\"sameAs\":[\"https:\/\/x.com\/vinzoyangin\",\"https:\/\/www.instagram.com\/vinzoyangin\/\",\"https:\/\/www.linkedin.com\/company\/vinzo-yang\u0131n-korunum-sistemleri-ltd-\u015fti\",\"https:\/\/www.youtube.com\/channel\/UCC9Ft-4-cJWpJvCG_Rd3dKQ\"]}]}<\/script>\n<!-- \/ Yoast SEO plugin. -->","yoast_head_json":{"title":"Maintenance & Repair - Vinzo Yang\u0131n Korunum Sistemleri Ltd. \u015eti.","robots":{"index":"index","follow":"follow","max-snippet":"max-snippet:-1","max-image-preview":"max-image-preview:large","max-video-preview":"max-video-preview:-1"},"canonical":"https:\/\/www.vinzo.com.tr\/en\/maintenance-repair\/","og_locale":"en_US","og_type":"article","og_title":"Maintenance & Repair - Vinzo Yang\u0131n Korunum Sistemleri Ltd. \u015eti.","og_description":"[vc_section el_class=&#8221;testi_11&#8243; css=&#8221;.vc_custom_1591438513506{padding-right: 0px !important;padding-left: 0px !important;}&#8221;][vc_row][vc_column width=&#8221;1\/3&#8243; el_class=&#8221;left-column pull-left&#8221;][vc_raw_html]JTNDZGl2JTIwY2xhc3MlM0QlMjJ0bWMlMjBjb250YWluZXIlMjIlM0UlMEElMjAlMjAlMjAlMjAlM0NkaXYlMjBjbGFzcyUzRCUyMnJvdyUyMiUzRSUwQSUyMCUyMCUyMCUyMCUyMCUyMCUyMCUyMCUzQ2RpdiUyMGNsYXNzJTNEJTIyY29sLWxnLTQlMjBjb2wtbWQtNSUyMGNvbC1zbS01JTIwY29sLXhzLTEyJTIwbGVmdC1jb2x1bW4lMjIlM0UlMEElMjAlMjAlMjAlMjAlMjAlMjAlMjAlMjAlMjAlMjAlMjAlMjAlM0NkaXYlMjBjbGFzcyUzRCUyMnJlY2VudFRpdGxlJTIyJTNFJTNDaDUlMjBjbGFzcyUzRCUyMmg1JTIwYXMlMjIlM0VTRVJWSUNFUyUzQyUyRmg1JTNFJTNDJTJGZGl2JTNFJTBBJTIwJTIwJTIwJTIwJTIwJTIwJTIwJTIwJTIwJTIwJTIwJTIwJTNDZGl2JTIwY2xhc3MlM0QlMjJ0ZXh0d2lkZ2V0JTIwY3VzdG9tLWh0bWwtd2lkZ2V0JTIyJTNFJTNDJTJGZGl2JTNFJTBBJTIwJTIwJTIwJTIwJTIwJTIwJTIwJTIwJTIwJTIwJTIwJTIwJTNDZGl2JTIwY2xhc3MlM0QlMjJ3aWRnZXQlMjBzZXJ2aWNlLWxpc3RpbmclMjIlM0UlMEElMjAlMjAlMjAlMjAlMjAlMjAlMjAlMjAlMjAlMjAlMjAlMjAlMjAlMjAlMjAlMjAlM0N1bCUyMGlkJTNEJTIyU2VydmljZSUyMiUyMGNsYXNzJTNEJTIyY2F0ZWdvcnktbGlzdCUyMG1hcmJ0bTUwJTIyJTNFJTBBJTA5JTA5JTA5JTA5JTIwJTIwJTIwJTIwJTNDbGklM0UlM0NhJTIwaHJlZiUzRCUyMmh0dHBzJTNBJTJGJTJGd3d3LnZpbnpvLmNvbS50ciUyRmVuJTJGcHJvamVjdC1kZXNpZ24lMkYlMjIlM0VQcm9qZWN0JTIwRGVzaWduJTNDJTJGYSUzRSUzQyUyRmxpJTNFJTBBJTIwJTIwJTIwJTIwJTIwJTIwJTIwJTIwJTIwJTIwJTIwJTIwJTIwJTIwJTIwJTIwJTIwJTIwJTIwJTIwJTNDbGklM0UlM0NhJTIwaHJlZiUzRCUyMmh0dHBzJTNBJTJGJTJGd3d3LnZpbnpvLmNvbS50ciUyRmVuJTJGc3VwZXJ2aXNpb24tc3RhcnQtdXAlMkYlMjIlM0VTdXBlcnZpc2lvbiUyMCUyNiUyMFN0YXJ0LXVwJTNDJTJGYSUzRSUzQyUyRmxpJTNFJTBBJTIwJTIwJTIwJTIwJTIwJTIwJTIwJTIwJTIwJTIwJTIwJTIwJTIwJTIwJTIwJTIwJTIwJTIwJTIwJTIwJTNDbGklMjBjbGFzcyUzRCUyMmN1cnJlbnQtbWVudS1pdGVtJTIyJTNFJTNDYSUyMGhyZWYlM0QlMjJodHRwcyUzQSUyRiUyRnd3dy52aW56by5jb20udHIlMkZlbiUyRm1haW50ZW5hbmNlLXJlcGFpciUyRiUyMiUyMGFyaWEtY3VycmVudCUzRCUyMnBhZ2UlMjIlM0VNYWludGVuYW5jZSUyMCUyNiUyMFJlcGFpciUzQyUyRmElM0UlM0MlMkZsaSUzRSUwQSUyMCUyMCUyMCUyMCUyMCUyMCUyMCUyMCUyMCUyMCUyMCUyMCUyMCUyMCUyMCUyMCUyMCUyMCUyMCUyMCUzQ2xpJTNFJTNDYSUyMGhyZWYlM0QlMjJodHRwcyUzQSUyRiUyRnd3dy52aW56by5jb20udHIlMkZlbiUyRnJvb20taW50ZWdyaXR5LXRlc3QlMkYlMjIlM0VSb29tJTIwSW50ZWdyaXR5JTIwVGVzdCUzQyUyRmElM0UlM0MlMkZsaSUzRSUwQSUyMCUyMCUyMCUyMCUyMCUyMCUyMCUyMCUyMCUyMCUyMCUyMCUyMCUyMCUyMCUyMCUzQyUyRnVsJTNFJTBBJTIwJTIwJTIwJTIwJTIwJTIwJTIwJTIwJTIwJTIwJTIwJTIwJTNDJTJGZGl2JTNFJTBBJTIwJTIwJTIwJTIwJTIwJTIwJTIwJTIwJTNDJTJGZGl2JTNFJTBBJTIwJTIwJTIwJTIwJTNDJTJGZGl2JTNFJTBBJTNDJTJGZGl2JTNF[\/vc_raw_html][\/vc_column][vc_column width=&#8221;2\/3&#8243; el_class=&#8221;faq-mobile-margin&#8221;][tmc_single_service image=&#8221;4372&#8243;] Maintenance &amp; Repair Even if an enterprise has high quality fire extinguishing systems, there is a risk about system isn&#8217;t working operate properly, if they don&#8217;t have periodic maintenance of these systems. In order to eliminate risks and prevent loss of life [&hellip;]","og_url":"https:\/\/www.vinzo.com.tr\/en\/maintenance-repair\/","og_site_name":"Vinzo Yang\u0131n Korunum Sistemleri Ltd. \u015eti.","article_modified_time":"2021-01-31T10:52:20+00:00","og_image":[{"width":151,"height":64,"url":"https:\/\/www.vinzo.com.tr\/wp-content\/uploads\/2021\/01\/vinzo-logo1.png","type":"image\/png"}],"twitter_card":"summary_large_image","twitter_site":"@vinzoyangin","twitter_misc":{"Est. reading time":"2 minutes"},"schema":{"@context":"https:\/\/schema.org","@graph":[{"@type":"WebPage","@id":"https:\/\/www.vinzo.com.tr\/en\/maintenance-repair\/","url":"https:\/\/www.vinzo.com.tr\/en\/maintenance-repair\/","name":"Maintenance & Repair - Vinzo Yang\u0131n Korunum Sistemleri Ltd. \u015eti.","isPartOf":{"@id":"https:\/\/www.vinzo.com.tr\/en\/#website"},"datePublished":"2021-01-29T23:20:48+00:00","dateModified":"2021-01-31T10:52:20+00:00","breadcrumb":{"@id":"https:\/\/www.vinzo.com.tr\/en\/maintenance-repair\/#breadcrumb"},"inLanguage":"en-US","potentialAction":[{"@type":"ReadAction","target":["https:\/\/www.vinzo.com.tr\/en\/maintenance-repair\/"]}]},{"@type":"BreadcrumbList","@id":"https:\/\/www.vinzo.com.tr\/en\/maintenance-repair\/#breadcrumb","itemListElement":[{"@type":"ListItem","position":1,"name":"Anasayfa","item":"https:\/\/www.vinzo.com.tr\/en\/"},{"@type":"ListItem","position":2,"name":"Maintenance &#038; Repair"}]},{"@type":"WebSite","@id":"https:\/\/www.vinzo.com.tr\/en\/#website","url":"https:\/\/www.vinzo.com.tr\/en\/","name":"Vinzo Yang\u0131n Korunum Sistemleri Ltd. \u015eti.","description":"Yang\u0131n alg\u0131lama ve yang\u0131n s\u00f6nd\u00fcrme sistemleri.","publisher":{"@id":"https:\/\/www.vinzo.com.tr\/en\/#organization"},"potentialAction":[{"@type":"SearchAction","target":{"@type":"EntryPoint","urlTemplate":"https:\/\/www.vinzo.com.tr\/en\/?s={search_term_string}"},"query-input":{"@type":"PropertyValueSpecification","valueRequired":true,"valueName":"search_term_string"}}],"inLanguage":"en-US"},{"@type":"Organization","@id":"https:\/\/www.vinzo.com.tr\/en\/#organization","name":"Vinzo Yang\u0131n Korunum Sistemleri Ltd. \u015eti.","url":"https:\/\/www.vinzo.com.tr\/en\/","logo":{"@type":"ImageObject","inLanguage":"en-US","@id":"https:\/\/www.vinzo.com.tr\/en\/#\/schema\/logo\/image\/","url":"https:\/\/www.vinzo.com.tr\/wp-content\/uploads\/2021\/01\/vinzo-logo1.png","contentUrl":"https:\/\/www.vinzo.com.tr\/wp-content\/uploads\/2021\/01\/vinzo-logo1.png","width":151,"height":64,"caption":"Vinzo Yang\u0131n Korunum Sistemleri Ltd. \u015eti."},"image":{"@id":"https:\/\/www.vinzo.com.tr\/en\/#\/schema\/logo\/image\/"},"sameAs":["https:\/\/x.com\/vinzoyangin","https:\/\/www.instagram.com\/vinzoyangin\/","https:\/\/www.linkedin.com\/company\/vinzo-yang\u0131n-korunum-sistemleri-ltd-\u015fti","https:\/\/www.youtube.com\/channel\/UCC9Ft-4-cJWpJvCG_Rd3dKQ"]}]}},"jetpack_sharing_enabled":true,"_links":{"self":[{"href":"https:\/\/www.vinzo.com.tr\/en\/wp-json\/wp\/v2\/pages\/4482","targetHints":{"allow":["GET"]}}],"collection":[{"href":"https:\/\/www.vinzo.com.tr\/en\/wp-json\/wp\/v2\/pages"}],"about":[{"href":"https:\/\/www.vinzo.com.tr\/en\/wp-json\/wp\/v2\/types\/page"}],"author":[{"embeddable":true,"href":"https:\/\/www.vinzo.com.tr\/en\/wp-json\/wp\/v2\/users\/1"}],"replies":[{"embeddable":true,"href":"https:\/\/www.vinzo.com.tr\/en\/wp-json\/wp\/v2\/comments?post=4482"}],"version-history":[{"count":0,"href":"https:\/\/www.vinzo.com.tr\/en\/wp-json\/wp\/v2\/pages\/4482\/revisions"}],"wp:attachment":[{"href":"https:\/\/www.vinzo.com.tr\/en\/wp-json\/wp\/v2\/media?parent=4482"}],"curies":[{"name":"wp","href":"https:\/\/api.w.org\/{rel}","templated":true}]}}